{"id":7018,"date":"2026-02-19T23:55:55","date_gmt":"2026-02-19T22:55:55","guid":{"rendered":"https:\/\/swiss-hookah.ch\/?post_type=product&#038;p=7018"},"modified":"2026-02-19T23:58:48","modified_gmt":"2026-02-19T22:58:48","slug":"strawberry","status":"publish","type":"product","link":"https:\/\/swiss-hookah.ch\/de\/product\/strawberry\/","title":{"rendered":"Patrone - Instaflow Pro AI 15000 - strawberry"},"content":{"rendered":"<p data-start=\"705\" data-end=\"743\"><strong data-start=\"705\" data-end=\"743\">Instaflow 15000 Patrone - Erdbeere<\/strong><\/p>\n<ul data-start=\"745\" data-end=\"1364\" data-is-last-node=\"\" data-is-only-node=\"\">\n<li data-start=\"745\" data-end=\"813\">\n<p data-start=\"747\" data-end=\"813\">Ausschlie\u00dflich mit dem Komplettset kompatibel <strong data-start=\"792\" data-end=\"811\">Instaflow 15000<\/strong><\/p>\n<\/li>\n<li data-start=\"814\" data-end=\"861\">\n<p data-start=\"816\" data-end=\"861\">Bis zu 15.000 Z\u00fcge (je nach Verwendung)<\/p>\n<\/li>\n<li data-start=\"862\" data-end=\"932\">\n<p data-start=\"864\" data-end=\"932\">Nikotin 2 % (20 mg\/ml) f\u00fcr eine schnelle und ausgewogene Befriedigung<\/p>\n<\/li>\n<li data-start=\"933\" data-end=\"1026\">\n<p data-start=\"935\" data-end=\"1026\">System mit austauschbaren Patronen: kosteng\u00fcnstigere und langlebigere L\u00f6sung als ein Einweg-Puff<\/p>\n<\/li>\n<li data-start=\"1027\" data-end=\"1132\">\n<p data-start=\"1029\" data-end=\"1132\">Intelligente Technologie zur automatischen Leistungsanpassung f\u00fcr fl\u00fcssigen und konstanten Dampf<\/p>\n<\/li>\n<li data-start=\"1133\" data-end=\"1243\">\n<p data-start=\"1135\" data-end=\"1243\">Erdbeergeschmack: reife Erdbeere, s\u00fc\u00df und nat\u00fcrlich fruchtig, mit einer runden, angenehmen S\u00fc\u00dfe im Mund.<\/p>\n<\/li>\n<li data-start=\"1244\" data-end=\"1277\">\n<p data-start=\"1246\" data-end=\"1277\">Einfache und schnelle Installation<\/p>\n<\/li>\n<li data-start=\"1278\" data-end=\"1364\" data-is-last-node=\"\">\n<p data-start=\"1280\" data-end=\"1364\" data-is-last-node=\"\">Ideal, um die Lebensdauer deines Instaflow 15000 zu verl\u00e4ngern, ohne das Ger\u00e4t auszutauschen.<\/p>\n<\/li>\n<\/ul>","protected":false},"excerpt":{"rendered":"<p data-start=\"293\" data-end=\"311\"><strong data-start=\"90\" data-end=\"139\">Instaflow Pro AI 15000 - Raspberry Watermelon<\/strong><br data-start=\"139\" data-end=\"142\" \/>Bis zu <strong data-start=\"150\" data-end=\"169\" data-is-only-node=\"\">15.000 Z\u00fcge<\/strong> mit einer <strong data-start=\"179\" data-end=\"208\">Nikotin zu 2 % (20 mg\/ml)<\/strong> f\u00fcr eine schnelle und kontrollierte Zufriedenheit.<br data-start=\"251\" data-end=\"254\" \/>Seine <strong data-start=\"258\" data-end=\"295\">System mit austauschbaren Patronen<\/strong> bietet eine L\u00f6sung <strong data-start=\"315\" data-end=\"350\">g\u00fcnstiger und nachhaltiger<\/strong> als ein herk\u00f6mmlicher Puff.<br data-start=\"373\" data-end=\"376\" \/>Technologie <strong data-start=\"391\" data-end=\"415\">Intelligenter AI Flow<\/strong> passt die Leistung automatisch an deinen Zug an, um einen fl\u00fcssigen und konstanten Dampf zu erzeugen.<br data-start=\"501\" data-end=\"504\" \/>Der Geschmack <strong data-start=\"514\" data-end=\"538\">Raspberry Watermelon<\/strong> vereint die saftige Frische der Wassermelone mit der subtilen S\u00e4ure der Himbeere zu einem fruchtig-frischen und intensiv angenehmen Gleichgewicht.<br data-start=\"675\" data-end=\"678\" \/>Akku <strong data-start=\"687\" data-end=\"709\">wiederaufladbar USB-C<\/strong>Die meisten Menschen haben eine lange Akkulaufzeit und ein Premium-Design.<br data-start=\"744\" data-end=\"747\" \/>Der Puff der n\u00e4chsten Generation f\u00fcr alle, die <strong data-start=\"797\" data-end=\"845\">von Spa\u00df, Best\u00e4ndigkeit und Einsparungen<\/strong>.<\/p>","protected":false},"featured_media":7019,"comment_status":"open","ping_status":"closed","template":"","meta":{"om_disable_all_campaigns":false,"_monsterinsights_skip_tracking":false,"_monsterinsights_sitenote_active":false,"_monsterinsights_sitenote_note":"","_monsterinsights_sitenote_category":0,"jetpack_publicize_message":"","jetpack_publicize_feature_enabled":true,"jetpack_social_post_already_shared":true,"jetpack_social_options":{"image_generator_settings":{"template":"highway","enabled":false},"version":2}},"product_brand":[],"product_cat":[74,86,83,85,68],"product_tag":[],"class_list":{"0":"post-7018","1":"product","2":"type-product","3":"status-publish","4":"has-post-thumbnail","6":"product_cat-best-seller","7":"product_cat-cartouche-15k","8":"product_cat-insta-15k","9":"product_cat-new-fev26","10":"product_cat-nouveau","12":"first","13":"instock","14":"sale","15":"shipping-taxable","16":"purchasable","17":"product-type-simple"},"jetpack_publicize_connections":[],"aioseo_notices":[],"jetpack_sharing_enabled":true,"_links":{"self":[{"href":"https:\/\/swiss-hookah.ch\/de\/wp-json\/wp\/v2\/product\/7018","targetHints":{"allow":["GET"]}}],"collection":[{"href":"https:\/\/swiss-hookah.ch\/de\/wp-json\/wp\/v2\/product"}],"about":[{"href":"https:\/\/swiss-hookah.ch\/de\/wp-json\/wp\/v2\/types\/product"}],"replies":[{"embeddable":true,"href":"https:\/\/swiss-hookah.ch\/de\/wp-json\/wp\/v2\/comments?post=7018"}],"wp:featuredmedia":[{"embeddable":true,"href":"https:\/\/swiss-hookah.ch\/de\/wp-json\/wp\/v2\/media\/7019"}],"wp:attachment":[{"href":"https:\/\/swiss-hookah.ch\/de\/wp-json\/wp\/v2\/media?parent=7018"}],"wp:term":[{"taxonomy":"product_brand","embeddable":true,"href":"https:\/\/swiss-hookah.ch\/de\/wp-json\/wp\/v2\/product_brand?post=7018"},{"taxonomy":"product_cat","embeddable":true,"href":"https:\/\/swiss-hookah.ch\/de\/wp-json\/wp\/v2\/product_cat?post=7018"},{"taxonomy":"product_tag","embeddable":true,"href":"https:\/\/swiss-hookah.ch\/de\/wp-json\/wp\/v2\/product_tag?post=7018"}],"curies":[{"name":"wp","href":"https:\/\/api.w.org\/{rel}","templated":true}]}}