{"id":6815,"date":"2026-01-08T01:37:22","date_gmt":"2026-01-08T00:37:22","guid":{"rendered":"https:\/\/swiss-hookah.ch\/?post_type=product&#038;p=6815"},"modified":"2026-04-18T00:07:33","modified_gmt":"2026-04-17T22:07:33","slug":"instaflow2","status":"publish","type":"product","link":"https:\/\/swiss-hookah.ch\/de\/product\/instaflow2\/","title":{"rendered":"Kit - Instaflow Pro AI 15000 - Strawberry"},"content":{"rendered":"<p data-start=\"293\" data-end=\"311\"><strong data-start=\"145\" data-end=\"184\">Instaflow Pro AI 15000 - Strawberry<\/strong><br data-start=\"184\" data-end=\"187\" \/>Bis zu <strong data-start=\"195\" data-end=\"214\">15.000 Z\u00fcge<\/strong> mit einer <strong data-start=\"224\" data-end=\"253\">Nikotin zu 2 % (20 mg\/ml)<\/strong> f\u00fcr eine schnelle und ausgewogene Befriedigung.<br data-start=\"297\" data-end=\"300\" \/>Seine <strong data-start=\"304\" data-end=\"341\">System mit austauschbaren Patronen<\/strong> bietet eine L\u00f6sung <strong data-start=\"361\" data-end=\"396\">g\u00fcnstiger und nachhaltiger<\/strong> als ein herk\u00f6mmlicher Puff.<br data-start=\"419\" data-end=\"422\" \/>Technologie <strong data-start=\"437\" data-end=\"461\">Intelligenter AI Flow<\/strong> passt die Leistung bei jedem Einatmen automatisch an, um einen gleichm\u00e4\u00dfigen, fl\u00fcssigen Dampf zu erzeugen.<br data-start=\"554\" data-end=\"557\" \/>Der Geschmack <strong data-start=\"567\" data-end=\"581\">Strawberry<\/strong> liefert eine reife, s\u00fc\u00dfe und saftige Erdbeere, die perfekt f\u00fcr den Alltag ist.<br data-start=\"647\" data-end=\"650\" \/>Akku <strong data-start=\"659\" data-end=\"681\">wiederaufladbar USB-C<\/strong>Die meisten dieser Ger\u00e4te haben eine lange Akkulaufzeit und ein Premium-Design.<br data-start=\"722\" data-end=\"725\" \/>Der Puff der n\u00e4chsten Generation f\u00fcr alle, die <strong data-start=\"775\" data-end=\"812\">sparen, ohne den Geschmack zu opfern<\/strong>.<\/p>","protected":false},"excerpt":{"rendered":"<p data-start=\"293\" data-end=\"311\"><strong data-start=\"145\" data-end=\"184\">Instaflow Pro AI 15000 - Strawberry<\/strong><br data-start=\"184\" data-end=\"187\" \/>Bis zu <strong data-start=\"195\" data-end=\"214\">15.000 Z\u00fcge<\/strong> mit einer <strong data-start=\"224\" data-end=\"253\">Nikotin zu 2 % (20 mg\/ml)<\/strong> f\u00fcr eine schnelle und ausgewogene Befriedigung.<br data-start=\"297\" data-end=\"300\" \/>Seine <strong data-start=\"304\" data-end=\"341\">System mit austauschbaren Patronen<\/strong> bietet eine L\u00f6sung <strong data-start=\"361\" data-end=\"396\">g\u00fcnstiger und nachhaltiger<\/strong> als ein herk\u00f6mmlicher Puff.<br data-start=\"419\" data-end=\"422\" \/>Technologie <strong data-start=\"437\" data-end=\"461\">Intelligenter AI Flow<\/strong> passt die Leistung bei jedem Einatmen automatisch an, um einen gleichm\u00e4\u00dfigen, fl\u00fcssigen Dampf zu erzeugen.<br data-start=\"554\" data-end=\"557\" \/>Der Geschmack <strong data-start=\"567\" data-end=\"581\">Strawberry<\/strong> liefert eine reife, s\u00fc\u00dfe und saftige Erdbeere, die perfekt f\u00fcr den Alltag ist.<br data-start=\"647\" data-end=\"650\" \/>Akku <strong data-start=\"659\" data-end=\"681\">wiederaufladbar USB-C<\/strong>Die meisten dieser Ger\u00e4te haben eine lange Akkulaufzeit und ein Premium-Design.<br data-start=\"722\" data-end=\"725\" \/>Der Puff der n\u00e4chsten Generation f\u00fcr alle, die <strong data-start=\"775\" data-end=\"812\">sparen, ohne den Geschmack zu opfern<\/strong>.<\/p>","protected":false},"featured_media":6816,"comment_status":"open","ping_status":"closed","template":"","meta":{"om_disable_all_campaigns":false,"_monsterinsights_skip_tracking":false,"_monsterinsights_sitenote_active":false,"_monsterinsights_sitenote_note":"","_monsterinsights_sitenote_category":0,"jetpack_publicize_message":"","jetpack_publicize_feature_enabled":true,"jetpack_social_post_already_shared":true,"jetpack_social_options":{"image_generator_settings":{"template":"highway","enabled":false},"version":2}},"product_brand":[],"product_cat":[74,83],"product_tag":[],"class_list":{"0":"post-6815","1":"product","2":"type-product","3":"status-publish","4":"has-post-thumbnail","6":"product_cat-best-seller","7":"product_cat-insta-15k","9":"first","10":"instock","11":"sale","12":"shipping-taxable","13":"purchasable","14":"product-type-simple"},"jetpack_publicize_connections":[],"aioseo_notices":[],"jetpack_sharing_enabled":true,"_links":{"self":[{"href":"https:\/\/swiss-hookah.ch\/de\/wp-json\/wp\/v2\/product\/6815","targetHints":{"allow":["GET"]}}],"collection":[{"href":"https:\/\/swiss-hookah.ch\/de\/wp-json\/wp\/v2\/product"}],"about":[{"href":"https:\/\/swiss-hookah.ch\/de\/wp-json\/wp\/v2\/types\/product"}],"replies":[{"embeddable":true,"href":"https:\/\/swiss-hookah.ch\/de\/wp-json\/wp\/v2\/comments?post=6815"}],"wp:featuredmedia":[{"embeddable":true,"href":"https:\/\/swiss-hookah.ch\/de\/wp-json\/wp\/v2\/media\/6816"}],"wp:attachment":[{"href":"https:\/\/swiss-hookah.ch\/de\/wp-json\/wp\/v2\/media?parent=6815"}],"wp:term":[{"taxonomy":"product_brand","embeddable":true,"href":"https:\/\/swiss-hookah.ch\/de\/wp-json\/wp\/v2\/product_brand?post=6815"},{"taxonomy":"product_cat","embeddable":true,"href":"https:\/\/swiss-hookah.ch\/de\/wp-json\/wp\/v2\/product_cat?post=6815"},{"taxonomy":"product_tag","embeddable":true,"href":"https:\/\/swiss-hookah.ch\/de\/wp-json\/wp\/v2\/product_tag?post=6815"}],"curies":[{"name":"wp","href":"https:\/\/api.w.org\/{rel}","templated":true}]}}