{"id":6813,"date":"2026-01-08T01:31:58","date_gmt":"2026-01-08T00:31:58","guid":{"rendered":"https:\/\/swiss-hookah.ch\/?post_type=product&#038;p=6813"},"modified":"2026-02-10T20:14:05","modified_gmt":"2026-02-10T19:14:05","slug":"instaflow1","status":"publish","type":"product","link":"https:\/\/swiss-hookah.ch\/de\/product\/instaflow1\/","title":{"rendered":"Instaflow Pro AI 15000 - Fizzy Cherry"},"content":{"rendered":"<p data-start=\"293\" data-end=\"311\"><strong data-start=\"87\" data-end=\"128\">Instaflow Pro AI 15000 - Fizzy Cherry<\/strong><br data-start=\"128\" data-end=\"131\" \/>Bis zu <strong data-start=\"139\" data-end=\"158\" data-is-only-node=\"\">15.000 Z\u00fcge<\/strong> mit einer <strong data-start=\"168\" data-end=\"197\">Nikotin zu 2 % (20 mg\/ml)<\/strong> f\u00fcr eine schnelle und kontrollierte Zufriedenheit.<br data-start=\"240\" data-end=\"243\" \/>Seine <strong data-start=\"247\" data-end=\"284\">System mit austauschbaren Patronen<\/strong> bietet eine L\u00f6sung <strong data-start=\"304\" data-end=\"339\">g\u00fcnstiger und nachhaltiger<\/strong> als ein herk\u00f6mmlicher Puff.<br data-start=\"362\" data-end=\"365\" \/>Technologie <strong data-start=\"380\" data-end=\"404\">Intelligenter AI Flow<\/strong> passt die Leistung automatisch an deinen Zug an, um einen fl\u00fcssigen und konstanten Dampf zu erzeugen.<br data-start=\"490\" data-end=\"493\" \/>Der Geschmack <strong data-start=\"503\" data-end=\"519\">Fizzy Cherry<\/strong> enth\u00fcllt eine saftige und spritzige Kirsche, leicht s\u00e4uerlich, intensiv und ultra-s\u00fcchtig machend.<br data-start=\"609\" data-end=\"612\" \/>Akku <strong data-start=\"621\" data-end=\"643\">wiederaufladbar USB-C<\/strong>Die meisten Menschen haben eine lange Akkulaufzeit und ein Premium-Design.<br data-start=\"678\" data-end=\"681\" \/>Der Puff der n\u00e4chsten Generation f\u00fcr alle, die <strong data-start=\"731\" data-end=\"778\">des Geschmacks, der Leistung und der Einsparungen<\/strong>.<\/p>","protected":false},"excerpt":{"rendered":"<p data-start=\"293\" data-end=\"311\"><strong data-start=\"150\" data-end=\"191\">Instaflow Pro AI 15000 - Fizzy Cherry<\/strong><br data-start=\"191\" data-end=\"194\" \/>Bis zu <strong data-start=\"202\" data-end=\"221\">15.000 Z\u00fcge<\/strong> mit einer <strong data-start=\"231\" data-end=\"260\">Nikotin zu 2 % (20 mg\/ml)<\/strong> f\u00fcr eine schnelle und kontrollierte Zufriedenheit.<br data-start=\"303\" data-end=\"306\" \/>Technologie <strong data-start=\"321\" data-end=\"345\">Intelligenter AI Flow<\/strong> passt die Leistung automatisch an deinen Zug an, um einen fl\u00fcssigen und konstanten Dampf zu erzeugen.<br data-start=\"431\" data-end=\"434\" \/>Der Geschmack <strong data-start=\"444\" data-end=\"460\">Fizzy Cherry<\/strong> combine une cerise juteuse et p\u00e9tillante, l\u00e9g\u00e8rement acidul\u00e9e, pour une exp\u00e9rience fra\u00eeche et intense.<br data-start=\"563\" data-end=\"566\" \/>Akku <strong data-start=\"575\" data-end=\"597\">wiederaufladbar USB-C<\/strong>Die meisten Menschen haben eine lange Akkulaufzeit und ein Premium-Design.<br data-start=\"632\" data-end=\"635\" \/>Der Puff der n\u00e4chsten Generation f\u00fcr alle, die <strong data-start=\"685\" data-end=\"720\">performance, go\u00fbt et simplicit\u00e9<\/strong>.<\/p>","protected":false},"featured_media":6814,"comment_status":"open","ping_status":"closed","template":"","meta":{"om_disable_all_campaigns":false,"_monsterinsights_skip_tracking":false,"_monsterinsights_sitenote_active":false,"_monsterinsights_sitenote_note":"","_monsterinsights_sitenote_category":0,"jetpack_publicize_message":"","jetpack_publicize_feature_enabled":true,"jetpack_social_post_already_shared":true,"jetpack_social_options":{"image_generator_settings":{"template":"highway","enabled":false},"version":2}},"product_brand":[],"product_cat":[74,83],"product_tag":[],"class_list":{"0":"post-6813","1":"product","2":"type-product","3":"status-publish","4":"has-post-thumbnail","6":"product_cat-best-seller","7":"product_cat-insta-15k","9":"first","10":"outofstock","11":"sale","12":"shipping-taxable","13":"purchasable","14":"product-type-simple"},"jetpack_publicize_connections":[],"aioseo_notices":[],"jetpack_sharing_enabled":true,"_links":{"self":[{"href":"https:\/\/swiss-hookah.ch\/de\/wp-json\/wp\/v2\/product\/6813","targetHints":{"allow":["GET"]}}],"collection":[{"href":"https:\/\/swiss-hookah.ch\/de\/wp-json\/wp\/v2\/product"}],"about":[{"href":"https:\/\/swiss-hookah.ch\/de\/wp-json\/wp\/v2\/types\/product"}],"replies":[{"embeddable":true,"href":"https:\/\/swiss-hookah.ch\/de\/wp-json\/wp\/v2\/comments?post=6813"}],"wp:featuredmedia":[{"embeddable":true,"href":"https:\/\/swiss-hookah.ch\/de\/wp-json\/wp\/v2\/media\/6814"}],"wp:attachment":[{"href":"https:\/\/swiss-hookah.ch\/de\/wp-json\/wp\/v2\/media?parent=6813"}],"wp:term":[{"taxonomy":"product_brand","embeddable":true,"href":"https:\/\/swiss-hookah.ch\/de\/wp-json\/wp\/v2\/product_brand?post=6813"},{"taxonomy":"product_cat","embeddable":true,"href":"https:\/\/swiss-hookah.ch\/de\/wp-json\/wp\/v2\/product_cat?post=6813"},{"taxonomy":"product_tag","embeddable":true,"href":"https:\/\/swiss-hookah.ch\/de\/wp-json\/wp\/v2\/product_tag?post=6813"}],"curies":[{"name":"wp","href":"https:\/\/api.w.org\/{rel}","templated":true}]}}