{"id":6631,"date":"2025-11-19T21:39:13","date_gmt":"2025-11-19T20:39:13","guid":{"rendered":"https:\/\/swiss-hookah.ch\/?post_type=product&#038;p=6631"},"modified":"2026-01-07T13:06:57","modified_gmt":"2026-01-07T12:06:57","slug":"cherrymenthol","status":"publish","type":"product","link":"https:\/\/swiss-hookah.ch\/de\/product\/cherrymenthol\/","title":{"rendered":"Cherry Menthol - Aisu Tokyo Series by Zap! Juice | 50 ml"},"content":{"rendered":"<p data-start=\"170\" data-end=\"195\"><strong data-start=\"170\" data-end=\"193\">Aromatisches Profil :<\/strong><\/p>\n<ul data-start=\"196\" data-end=\"415\">\n<li data-start=\"196\" data-end=\"294\">\n<p data-start=\"198\" data-end=\"294\">Reife, s\u00fc\u00dfe Kirsche mit einem leicht s\u00e4uerlichen Unterton.<\/p>\n<\/li>\n<li data-start=\"295\" data-end=\"415\">\n<p data-start=\"297\" data-end=\"415\">Erfrischendes, unaufdringliches Menthol, das die Kirsche w\u00fcrzt, ohne sie zu erdr\u00fccken.<\/p>\n<\/li>\n<\/ul>\n<p data-start=\"417\" data-end=\"444\"><strong data-start=\"417\" data-end=\"442\">Mundgef\u00fchl :<\/strong><\/p>\n<ul data-start=\"445\" data-end=\"671\">\n<li data-start=\"445\" data-end=\"485\">\n<p data-start=\"447\" data-end=\"485\">Inhalation: S\u00fc\u00dfe saftige Kirsche.<\/p>\n<\/li>\n<li data-start=\"486\" data-end=\"581\">\n<p data-start=\"488\" data-end=\"581\">Ausatmung: Deutliche Mentholspitze, die den Geschmack verl\u00e4ngert und eine eigene Frische verleiht.<\/p>\n<\/li>\n<li data-start=\"582\" data-end=\"671\">\n<p data-start=\"584\" data-end=\"671\">Fruchtig-frischer Dampf, ideal f\u00fcr den ganzen Tag, f\u00fcr Liebhaber von Menthol und Fr\u00fcchten.<\/p>\n<\/li>\n<\/ul>\n<p data-start=\"673\" data-end=\"697\"><strong data-start=\"673\" data-end=\"695\">Eigenschaften :<\/strong><\/p>\n<ul data-start=\"698\" data-end=\"993\">\n<li data-start=\"698\" data-end=\"808\">\n<p data-start=\"700\" data-end=\"808\">Format: 50 ml in einer 60 ml Flasche (shortfill), die nach Bedarf geboostet wird.<\/p>\n<\/li>\n<li data-start=\"698\" data-end=\"808\">\n<p data-start=\"700\" data-end=\"808\">PG\/VG-Verh\u00e4ltnis: ca. 30\/70 oder 70\/30, je nach Version.<\/p>\n<\/li>\n<li data-start=\"903\" data-end=\"993\">\n<p data-start=\"905\" data-end=\"993\">Marke: Hergestellt in Gro\u00dfbritannien von Zap! Juice.<\/p>\n<\/li>\n<\/ul>","protected":false},"excerpt":{"rendered":"<p>diverses liquides \u00e0 vape<\/p>","protected":false},"featured_media":6641,"comment_status":"open","ping_status":"closed","template":"","meta":{"om_disable_all_campaigns":false,"_monsterinsights_skip_tracking":false,"_monsterinsights_sitenote_active":false,"_monsterinsights_sitenote_note":"","_monsterinsights_sitenote_category":0,"jetpack_publicize_message":"","jetpack_publicize_feature_enabled":true,"jetpack_social_post_already_shared":true,"jetpack_social_options":{"image_generator_settings":{"template":"highway","enabled":false},"version":2}},"product_brand":[],"product_cat":[74,53,81,72],"product_tag":[],"class_list":{"0":"post-6631","1":"product","2":"type-product","3":"status-publish","4":"has-post-thumbnail","6":"product_cat-best-seller","7":"product_cat-e-liquids","8":"product_cat-nouveau-11-25","9":"product_cat-nouveau-vape","11":"first","12":"instock","13":"shipping-taxable","14":"purchasable","15":"product-type-variable"},"jetpack_publicize_connections":[],"aioseo_notices":[],"jetpack_sharing_enabled":true,"_links":{"self":[{"href":"https:\/\/swiss-hookah.ch\/de\/wp-json\/wp\/v2\/product\/6631","targetHints":{"allow":["GET"]}}],"collection":[{"href":"https:\/\/swiss-hookah.ch\/de\/wp-json\/wp\/v2\/product"}],"about":[{"href":"https:\/\/swiss-hookah.ch\/de\/wp-json\/wp\/v2\/types\/product"}],"replies":[{"embeddable":true,"href":"https:\/\/swiss-hookah.ch\/de\/wp-json\/wp\/v2\/comments?post=6631"}],"wp:featuredmedia":[{"embeddable":true,"href":"https:\/\/swiss-hookah.ch\/de\/wp-json\/wp\/v2\/media\/6641"}],"wp:attachment":[{"href":"https:\/\/swiss-hookah.ch\/de\/wp-json\/wp\/v2\/media?parent=6631"}],"wp:term":[{"taxonomy":"product_brand","embeddable":true,"href":"https:\/\/swiss-hookah.ch\/de\/wp-json\/wp\/v2\/product_brand?post=6631"},{"taxonomy":"product_cat","embeddable":true,"href":"https:\/\/swiss-hookah.ch\/de\/wp-json\/wp\/v2\/product_cat?post=6631"},{"taxonomy":"product_tag","embeddable":true,"href":"https:\/\/swiss-hookah.ch\/de\/wp-json\/wp\/v2\/product_tag?post=6631"}],"curies":[{"name":"wp","href":"https:\/\/api.w.org\/{rel}","templated":true}]}}