{"id":6598,"date":"2025-11-19T21:25:59","date_gmt":"2025-11-19T20:25:59","guid":{"rendered":"https:\/\/swiss-hookah.ch\/?post_type=product&#038;p=6598"},"modified":"2025-11-25T14:06:19","modified_gmt":"2025-11-25T13:06:19","slug":"prorect","status":"publish","type":"product","link":"https:\/\/swiss-hookah.ch\/de\/product\/prorect\/","title":{"rendered":"MINZE WALDFR\u00dcCHTE - DIE 4 JAHRESZEITEN BY PROTECT | 50 ML"},"content":{"rendered":"<p data-start=\"119\" data-end=\"144\"><strong data-start=\"119\" data-end=\"142\">Aromatisches Profil :<\/strong><\/p>\n<ul data-start=\"145\" data-end=\"299\">\n<li data-start=\"145\" data-end=\"201\">\n<p data-start=\"147\" data-end=\"201\">Doppelte frische Minze (gr\u00fcne Minze + eiskaltes Menthol)<\/p>\n<\/li>\n<li data-start=\"202\" data-end=\"257\">\n<p data-start=\"204\" data-end=\"257\">Reife, s\u00fc\u00dfe und leicht s\u00e4uerliche Waldfr\u00fcchte<\/p>\n<\/li>\n<li data-start=\"258\" data-end=\"299\">\n<p data-start=\"260\" data-end=\"299\">Sehr ausgewogener frischer\/fruchtiger Kontrast<\/p>\n<\/li>\n<\/ul>\n<p data-start=\"301\" data-end=\"328\"><strong data-start=\"301\" data-end=\"326\">Mundgef\u00fchl :<\/strong><\/p>\n<ul data-start=\"329\" data-end=\"474\">\n<li data-start=\"329\" data-end=\"373\">\n<p data-start=\"331\" data-end=\"373\">Inhalation: klare, pflanzliche Frische<\/p>\n<\/li>\n<li data-start=\"374\" data-end=\"431\">\n<p data-start=\"376\" data-end=\"431\">Ausatmen: Korb mit s\u00fc\u00dfen und s\u00e4uerlichen roten Fr\u00fcchten<\/p>\n<\/li>\n<li data-start=\"432\" data-end=\"474\">\n<p data-start=\"434\" data-end=\"474\">Sommerliches, durstl\u00f6schendes und leckeres Dampfen<\/p>\n<\/li>\n<\/ul>\n<p data-start=\"476\" data-end=\"500\"><strong data-start=\"476\" data-end=\"498\">Eigenschaften :<\/strong><\/p>\n<ul data-start=\"501\" data-end=\"625\">\n<li data-start=\"501\" data-end=\"548\">\n<p data-start=\"503\" data-end=\"548\">50 ml in einer 75 ml Flasche (bereit zum Boosten)<\/p>\n<\/li>\n<li data-start=\"549\" data-end=\"566\">\n<p data-start=\"551\" data-end=\"566\">Pflanzliche Basis<\/p>\n<\/li>\n<li data-start=\"567\" data-end=\"592\">\n<p data-start=\"569\" data-end=\"592\">Franz\u00f6sische Herstellung<\/p>\n<\/li>\n<li data-start=\"593\" data-end=\"625\">\n<p data-start=\"595\" data-end=\"625\">Verh\u00e4ltnis 40\/60 oder 50\/50 je nach Charge<\/p>\n<\/li>\n<\/ul>","protected":false},"excerpt":{"rendered":"<p>diverses liquides \u00e0 vape<\/p>","protected":false},"featured_media":6608,"comment_status":"open","ping_status":"closed","template":"","meta":{"om_disable_all_campaigns":false,"_monsterinsights_skip_tracking":false,"_monsterinsights_sitenote_active":false,"_monsterinsights_sitenote_note":"","_monsterinsights_sitenote_category":0,"jetpack_publicize_message":"","jetpack_publicize_feature_enabled":true,"jetpack_social_post_already_shared":true,"jetpack_social_options":{"image_generator_settings":{"template":"highway","enabled":false},"version":2}},"product_brand":[],"product_cat":[74,53,81,72],"product_tag":[],"class_list":{"0":"post-6598","1":"product","2":"type-product","3":"status-publish","4":"has-post-thumbnail","6":"product_cat-best-seller","7":"product_cat-e-liquids","8":"product_cat-nouveau-11-25","9":"product_cat-nouveau-vape","11":"first","12":"outofstock","13":"shipping-taxable","14":"purchasable","15":"product-type-variable"},"jetpack_publicize_connections":[],"aioseo_notices":[],"jetpack_sharing_enabled":true,"_links":{"self":[{"href":"https:\/\/swiss-hookah.ch\/de\/wp-json\/wp\/v2\/product\/6598","targetHints":{"allow":["GET"]}}],"collection":[{"href":"https:\/\/swiss-hookah.ch\/de\/wp-json\/wp\/v2\/product"}],"about":[{"href":"https:\/\/swiss-hookah.ch\/de\/wp-json\/wp\/v2\/types\/product"}],"replies":[{"embeddable":true,"href":"https:\/\/swiss-hookah.ch\/de\/wp-json\/wp\/v2\/comments?post=6598"}],"wp:featuredmedia":[{"embeddable":true,"href":"https:\/\/swiss-hookah.ch\/de\/wp-json\/wp\/v2\/media\/6608"}],"wp:attachment":[{"href":"https:\/\/swiss-hookah.ch\/de\/wp-json\/wp\/v2\/media?parent=6598"}],"wp:term":[{"taxonomy":"product_brand","embeddable":true,"href":"https:\/\/swiss-hookah.ch\/de\/wp-json\/wp\/v2\/product_brand?post=6598"},{"taxonomy":"product_cat","embeddable":true,"href":"https:\/\/swiss-hookah.ch\/de\/wp-json\/wp\/v2\/product_cat?post=6598"},{"taxonomy":"product_tag","embeddable":true,"href":"https:\/\/swiss-hookah.ch\/de\/wp-json\/wp\/v2\/product_tag?post=6598"}],"curies":[{"name":"wp","href":"https:\/\/api.w.org\/{rel}","templated":true}]}}