{"id":6572,"date":"2025-11-18T15:33:14","date_gmt":"2025-11-18T14:33:14","guid":{"rendered":"https:\/\/swiss-hookah.ch\/?post_type=product&#038;p=6572"},"modified":"2025-11-18T15:42:11","modified_gmt":"2025-11-18T14:42:11","slug":"s1-3","status":"publish","type":"product","link":"https:\/\/swiss-hookah.ch\/de\/product\/s1-3\/","title":{"rendered":"KIT POD WENAX S3 EVO - GEEK VAPE"},"content":{"rendered":"<p><strong><\/strong><\/p>\n<div id=\"product-description-short-10578\" class=\"product-description-short mt-3 mt-lg-0\" style=\"margin-top: 1.25rem !important;font-size: 14px;font-weight: 400;line-height: 20px;margin-bottom: 20px\">\n<p style=\"margin-bottom: 1rem;margin-top: 0px\"><strong>Sind Sie auf der Suche nach einem Pod, der elegantes Design, einfache Bedienung und Leistung vereint? Suchen Sie nicht weiter, der Wenax S3 Evo von Geekvape ist genau das Richtige f\u00fcr Sie! Mit seinem R\u00f6hrenformat wird er Ihnen ein befriedigendes Dampferlebnis bieten und passt problemlos in Ihre Tasche zwischen jeder Sitzung. Mit einem langlebigen Akku, drei Leistungsstufen und einer innovativen Kartusche geht dieser Podmod keine Kompromisse ein. Ob Sie Anf\u00e4nger oder erfahrener Dampfer sind, der Wenax S3 Evo verspricht, Sie mit Stil und Effizienz zu begleiten!<\/strong><\/p>\n<\/div>\n<div class=\"product-description\">\n<h2 style=\"margin-bottom: 1.25rem;margin-top: 0px;font-family: Teko, sans-serif;font-weight: 500;line-height: 1.2;font-size: 1.5625rem;text-transform: uppercase;font-style: normal;letter-spacing: normal;text-align: left;text-indent: 0px;text-decoration: none\"><strong><img decoding=\"async\" src=\"https:\/\/www.freevap.ch\/img\/cms\/Wenax%20S3%20Evo%20-%20Geekvape\/wenax-S3-evo-main.jpg\" alt=\"Pod Wenax S3 Evo\" width=\"80%\" style=\"border-style: none;vertical-align: middle\"><\/strong><\/h2>\n<h2 style=\"margin-bottom: 1.25rem;margin-top: 0px;font-family: Teko, sans-serif;font-weight: 500;line-height: 1.2;font-size: 1.5625rem;text-transform: uppercase;font-style: normal;letter-spacing: normal;text-align: left;text-indent: 0px;text-decoration: none\"><strong>POD WENAX S3 EVO VON GEEKVAPE: DIE R\u00dcCKKEHR DER R\u00d6HRE<\/strong><\/h2>\n<p><strong>Der Wenax S3 Evo von&nbsp;<a href=\"https:\/\/www.freevap.ch\/fr\/geekvape\" target=\"_blank\" rel=\"noreferrer noopener\" style=\"background-color: transparent;text-decoration: none\">Geekvape<\/a><span class=\"Apple-converted-space\">&nbsp;<\/span>markiert die gro\u00dfe R\u00fcckkehr des Tubenformats in die Welt des Dampfens, und das mit Stil! Mit seinem zylindrischen Design vereint dieser Pod Ergonomie und Eleganz in einem ultrakompakten Format mit den Abmessungen von<span class=\"Apple-converted-space\">&nbsp;<\/span><\/strong><strong style=\"font-weight: bolder\">123,8 \u00d7 19 mm<\/strong><strong>Die meisten von ihnen sind in der Lage, sich selbst zu lesen.<\/strong><\/p>\n<p><strong>Der Pod ist in verschiedenen Farben erh\u00e4ltlich, um dem Geschmack jedes Einzelnen gerecht zu werden, aber immer mit einer Zinklegierung, die sein schlankes und hochwertiges Aussehen verst\u00e4rkt. Der Wenax S3 Evo Pod ist sehr einfach und verzichtet auf ein Display. Eine sch\u00f6ne 360\u00b0-LED umgibt den Pod, um Sie \u00fcber Ihren Akkustand oder Ihren Dampfmodus zu informieren. Eine perfekte Kombination aus Praktikabilit\u00e4t und \u00c4sthetik.<\/strong><\/p>\n<h2 style=\"margin-bottom: 1.25rem;margin-top: 0px;font-family: Teko, sans-serif;font-weight: 500;line-height: 1.2;font-size: 1.5625rem;text-transform: uppercase;font-style: normal;letter-spacing: normal;text-align: left;text-indent: 0px;text-decoration: none\"><strong>DREI LEISTUNGSSTUFEN F\u00dcR EIN MASSGESCHNEIDERTES VAPORISIEREN<\/strong><\/h2>\n<p><strong>Mit dem Wenax S3 Evo gibt Ihnen Geekvape ein Dampferlebnis in die Hand, das Sie mithilfe von drei Leistungsstufen individuell anpassen k\u00f6nnen. Dr\u00fccken Sie dreimal hintereinander auf den Knopf an der Unterseite des Pods und w\u00e4hlen Sie dann eine der drei Optionen aus. Jeder Modus ist durch eine Farbe gekennzeichnet:<\/strong><\/p>\n<ul>\n<li><strong style=\"font-weight: bolder\">Low-Modus<\/strong><strong><span class=\"Apple-converted-space\">&nbsp;<\/span>in Rot ;<\/strong><\/li>\n<li><strong style=\"font-weight: bolder\">Medium-Modus<\/strong><strong><span class=\"Apple-converted-space\">&nbsp;<\/span>in blau ;<\/strong><\/li>\n<li><strong>und<span class=\"Apple-converted-space\">&nbsp;<\/span><\/strong><strong style=\"font-weight: bolder\">High-Modus<\/strong><strong><span class=\"Apple-converted-space\">&nbsp;<\/span>in Gr\u00fcn.<\/strong><\/li>\n<\/ul>\n<p><strong>Jede Stufe nutzt die<span class=\"Apple-converted-space\">&nbsp;<\/span><\/strong><strong style=\"font-weight: bolder\">18W<\/strong><strong><span class=\"Apple-converted-space\">&nbsp;<\/span>der Leistung dieses Wenax-Pods und passt sie an Ihren Widerstand an. Es ist also unm\u00f6glich, seinen Coil durchzubrennen. Ein echtes Plus f\u00fcr Anf\u00e4nger.<\/strong><\/p>\n<p><strong>Lust auf noch mehr Feinschliff beim Dampfen? Der Wenax S3 Evo ist mit einem<span class=\"Apple-converted-space\">&nbsp;<\/span><\/strong><strong style=\"font-weight: bolder\">einstellbare Airflow<\/strong><strong>&nbsp;um Ihnen einen Hauch von Dampf zu verschaffen, genau so, wie Sie ihn m\u00f6gen.<\/strong><\/p>\n<p><strong><img decoding=\"async\" src=\"https:\/\/www.freevap.ch\/img\/cms\/Wenax%20S3%20Evo%20-%20Geekvape\/wenax-S3-evo-airflow.jpg\" alt=\"Wenax S3 Evo airflow\" width=\"80%\" style=\"border-style: none;vertical-align: middle\"><\/strong><\/p>\n<h2 style=\"margin-bottom: 1.25rem;margin-top: 0px;font-family: Teko, sans-serif;font-weight: 500;line-height: 1.2;font-size: 1.5625rem;text-transform: uppercase;font-style: normal;letter-spacing: normal;text-align: left;text-indent: 0px;text-decoration: none\"><strong>EINE INTUITIVE ERFAHRUNG UND EIN KLEINER BOOST<\/strong><\/h2>\n<p><strong>Das Vapen auf dem Wenax S3 Evo Pod ist ganz einfach. Dieser funktioniert in<span class=\"Apple-converted-space\">&nbsp;<\/span><\/strong><strong style=\"font-weight: bolder\">Auto Draw<\/strong><strong><span class=\"Apple-converted-space\">&nbsp;<\/span>(automatische Aktivierung bei der Inhalation), was ein zufriedenstellendes und intuitives Erlebnis bietet. Wenn Sie einen etwas h\u00e4rteren Zug w\u00fcnschen, k\u00f6nnen Sie durch Dr\u00fccken der Feuertaste w\u00e4hrend des Inhalierens einen kleinen Boost erzeugen. Um den Pod sicher aufzubewahren, kann der Feuerknopf mit f\u00fcnfmaligem Dr\u00fccken gesperrt werden (wiederholen Sie diesen Vorgang, um das Ger\u00e4t vollst\u00e4ndig auszuschalten).<\/strong><\/p>\n<p><strong><img decoding=\"async\" src=\"https:\/\/www.freevap.ch\/img\/cms\/Wenax%20S3%20Evo%20-%20Geekvape\/wenax-S3-evo-boost.jpg\" alt=\"Wenax S3 Evo Boost\" width=\"80%\" style=\"border-style: none;vertical-align: middle\"><\/strong><\/p>\n<h2 style=\"margin-bottom: 1.25rem;margin-top: 0px;font-family: Teko, sans-serif;font-weight: 500;line-height: 1.2;font-size: 1.5625rem;text-transform: uppercase;font-style: normal;letter-spacing: normal;text-align: left;text-indent: 0px;text-decoration: none\"><strong>EIN EINGEBAUTER AKKU, DER 1100 MAH PURES VERGN\u00dcGEN BIETET<\/strong><\/h2>\n<p><strong>Der Wenax S3 Evo verf\u00fcgt \u00fcber einen eingebauten Akku von<span class=\"Apple-converted-space\">&nbsp;<\/span><\/strong><strong style=\"font-weight: bolder\">1100 mAh<\/strong><strong><span class=\"Apple-converted-space\">&nbsp;<\/span>die Ihnen lange Vaping-Sessions verspricht, ohne dass Sie sich Sorgen um das Nachf\u00fcllen machen m\u00fcssen. Ein anstrengender Tag? Kein Problem, diese Batterie ist da, um Sie von morgens bis abends oder sogar noch l\u00e4nger zu begleiten. Und wenn es Zeit zum Aufladen ist, ist sein<span class=\"Apple-converted-space\">&nbsp;<\/span><\/strong><strong style=\"font-weight: bolder\">USB-C-Anschluss<\/strong><strong><span class=\"Apple-converted-space\">&nbsp;<\/span>k\u00f6nnen Sie dies schnell und einfach tun (Kabel nicht im Kit enthalten). Die 360\u00b0-Leuchtanzeige informiert dich mit folgendem Farbcode \u00fcber den verbleibenden Akkustand:<\/strong><\/p>\n<ul>\n<li><strong>gr\u00fcnes Licht von 100 % auf 70 % ;<\/strong><\/li>\n<li><strong>blaues Licht von 70 % auf 30 % ;<\/strong><\/li>\n<li><strong>wei\u00dfes Licht von 30 % bis 0 %.<\/strong><\/li>\n<\/ul>\n<p><strong><img decoding=\"async\" src=\"https:\/\/www.freevap.ch\/img\/cms\/Wenax%20S3%20Evo%20-%20Geekvape\/wenax-S3-evo-1100mah.jpg\" alt=\"Wenax S3 Evo 1100 mAh\" width=\"80%\" style=\"border-style: none;vertical-align: middle\"><\/strong><\/p>\n<h2 style=\"margin-bottom: 1.25rem;margin-top: 0px;font-family: Teko, sans-serif;font-weight: 500;line-height: 1.2;font-size: 1.5625rem;text-transform: uppercase;font-style: normal;letter-spacing: normal;text-align: left;text-indent: 0px;text-decoration: none\"><strong>DIE S-CARTRIDGE FEIERT IHR COMEBACK AUF DEM WENAX S3 EVO<\/strong><\/h2>\n<p><strong>Passend zum Wenax S3 Evo gibt es die hervorragende S-Patrone von Geekvape! Mit einer Kapazit\u00e4t von<span class=\"Apple-converted-space\">&nbsp;<\/span><\/strong><strong style=\"font-weight: bolder\">2 ml<\/strong><strong>Diese Patrone l\u00e4sst sich leicht von der Seite bef\u00fcllen. Ausgestattet mit<span class=\"Apple-converted-space\">&nbsp;<\/span><\/strong><strong style=\"font-weight: bolder\">Mesh-Widerst\u00e4nde<\/strong><strong>Mit der VPU-Inside-Technologie ausgestattet, bieten diese Patronen eine sehr sch\u00f6ne Geschmackswiedergabe und gro\u00dfz\u00fcgige Wolken, perfekt um Ihre Lieblings-E-Liquids zu genie\u00dfen.&nbsp;<\/strong><\/p>\n<p><strong>In diesem Set finden Sie die 0,8 Ohm-Version, die einen leicht luftigen MTL-Dampf liefert.<\/strong><\/p>\n<ul>\n<li><strong style=\"font-weight: bolder\">Patrone S 0.8 Ohm :<\/strong><strong><span class=\"Apple-converted-space\">&nbsp;<\/span>MTL-Zug - 14W bis 18W - PG\/VG-Verh\u00e4ltnisse von 60\/40 bis 50\/50 - Nikotin von 0 bis 20 mg\/ml.<\/strong><\/li>\n<\/ul>\n<p><strong>M\u00f6chten Sie jetzt Ihre Patronen auff\u00fcllen? Finden Sie die&nbsp;<a href=\"https:\/\/www.freevap.ch\/fr\/cartouches-pod-vides-refill\/8994-cartouches-s-geek-vape-pack-x2.html\" target=\"_blank\" rel=\"noreferrer noopener\" style=\"background-color: transparent;text-decoration: none\">S-Patronen<\/a><span class=\"Apple-converted-space\">&nbsp;<\/span>von Geekvape direkt auf Freevap!<\/strong><\/p>\n<p><strong>Ein nettes Extra dieser Patronen ist die M\u00f6glichkeit, das Drip Tip auszutauschen. Das Soft Touch Drip Tip ist in diesem Kit enthalten, aber Sie sollten wissen, dass diese Patronen auch mit den folgenden Patronen kompatibel sind&nbsp;<a href=\"https:\/\/www.freevap.ch\/fr\/8997-drip-tips-filtres-wenax-m1-geek-vape-pack-x10.html\" target=\"_blank\" rel=\"noreferrer noopener\" style=\"background-color: transparent;text-decoration: none\">Wenax-Filterspitzen<\/a><span class=\"Apple-converted-space\">&nbsp;<\/span>und der<span class=\"Apple-converted-space\">&nbsp;<\/span><a href=\"https:\/\/www.freevap.ch\/fr\/embouts-drip-tip\/10112-drip-tips-plastique-wenax-m1-geek-vape-pack-x2.html\" target=\"_blank\" rel=\"noreferrer noopener\" style=\"background-color: transparent;text-decoration: none\">drip tip Wenax M1 aus Hartplastik<\/a>.<\/strong><\/p>\n<p><strong><br \/>\n<\/strong><\/div>\n<p><strong><\/strong><\/p>\n<p><strong>&nbsp;<\/strong><\/p>","protected":false},"excerpt":{"rendered":"<p>verschiedene Vapen, Pods<\/p>","protected":false},"featured_media":6575,"comment_status":"open","ping_status":"closed","template":"","meta":{"om_disable_all_campaigns":false,"_monsterinsights_skip_tracking":false,"_monsterinsights_sitenote_active":false,"_monsterinsights_sitenote_note":"","_monsterinsights_sitenote_category":0,"jetpack_publicize_message":"","jetpack_publicize_feature_enabled":true,"jetpack_social_post_already_shared":true,"jetpack_social_options":{"image_generator_settings":{"template":"highway","enabled":false},"version":2}},"product_brand":[],"product_cat":[81,56],"product_tag":[],"class_list":{"0":"post-6572","1":"product","2":"type-product","3":"status-publish","4":"has-post-thumbnail","6":"product_cat-nouveau-11-25","7":"product_cat-vape","9":"first","10":"instock","11":"sale","12":"shipping-taxable","13":"purchasable","14":"product-type-variable"},"jetpack_publicize_connections":[],"aioseo_notices":[],"jetpack_sharing_enabled":true,"_links":{"self":[{"href":"https:\/\/swiss-hookah.ch\/de\/wp-json\/wp\/v2\/product\/6572","targetHints":{"allow":["GET"]}}],"collection":[{"href":"https:\/\/swiss-hookah.ch\/de\/wp-json\/wp\/v2\/product"}],"about":[{"href":"https:\/\/swiss-hookah.ch\/de\/wp-json\/wp\/v2\/types\/product"}],"replies":[{"embeddable":true,"href":"https:\/\/swiss-hookah.ch\/de\/wp-json\/wp\/v2\/comments?post=6572"}],"wp:featuredmedia":[{"embeddable":true,"href":"https:\/\/swiss-hookah.ch\/de\/wp-json\/wp\/v2\/media\/6575"}],"wp:attachment":[{"href":"https:\/\/swiss-hookah.ch\/de\/wp-json\/wp\/v2\/media?parent=6572"}],"wp:term":[{"taxonomy":"product_brand","embeddable":true,"href":"https:\/\/swiss-hookah.ch\/de\/wp-json\/wp\/v2\/product_brand?post=6572"},{"taxonomy":"product_cat","embeddable":true,"href":"https:\/\/swiss-hookah.ch\/de\/wp-json\/wp\/v2\/product_cat?post=6572"},{"taxonomy":"product_tag","embeddable":true,"href":"https:\/\/swiss-hookah.ch\/de\/wp-json\/wp\/v2\/product_tag?post=6572"}],"curies":[{"name":"wp","href":"https:\/\/api.w.org\/{rel}","templated":true}]}}