{"id":6562,"date":"2025-11-18T15:20:56","date_gmt":"2025-11-18T14:20:56","guid":{"rendered":"https:\/\/swiss-hookah.ch\/?post_type=product&#038;p=6562"},"modified":"2025-11-18T15:32:57","modified_gmt":"2025-11-18T14:32:57","slug":"wenax-2","status":"publish","type":"product","link":"https:\/\/swiss-hookah.ch\/de\/product\/wenax-2\/","title":{"rendered":"KIT POD DIGI PRO - GEEKVAPE"},"content":{"rendered":"<p><strong>Geekvape bietet Ihnen einen Podmod, der Sie zufriedenstellen wird, egal ob Sie ein RDL-Zieher oder ein MTL-Dampfer sind. Eine gute Portion Watt, ein leistungsstarker eingebauter Akku und die neuesten Patronen - alles, um Ihr Dampferlebnis zu steigern. Der Digi Pro Pod wird im Folgenden vorgestellt. Wenn Sie ein Dampfer sind, der die Abwechslung liebt, dann sind Sie garantiert begeistert!<\/strong><\/p>\n<div class=\"product-description\" style=\"font-family\">\n<p style=\"margin-bottom: 1rem;margin-top: 0px\"><strong><img decoding=\"async\" src=\"https:\/\/www.freevap.ch\/img\/cms\/Pod%20Digi%20Pro%20-%20Geekvape\/Pod-Digi-Pro-main.jpg\" alt=\"Pod Digi Pro by Geekvape\" width=\"80%\" style=\"border-style: none;vertical-align: middle\"><\/strong><\/p>\n<h2 style=\"margin-bottom: 1.25rem;margin-top: 0px;font-family: Teko, sans-serif;font-weight: 500;line-height: 1.2;font-size: 1.5625rem;text-transform: uppercase\"><strong>POD DIGI PRO: EIN SCHLICHTES UND GEPFLEGTES DESIGN<\/strong><\/h2>\n<p style=\"margin-bottom: 1rem;margin-top: 0px\"><strong>Geekvape bietet eine modern gestaltete E-Zigarette mit einer Beschichtung aus Zinklegierung und sch\u00f6nen Perlmutt-Finishs. Angesichts der Watt und der Batterie, die sie in ihrem Bauch hat, bleibt sie kompakt<span class=\"Apple-converted-space\">&nbsp;<\/span><\/strong><strong style=\"font-weight: bolder\">(103,20 \u00d7 32 \u00d7 22 mm)<\/strong><strong><span class=\"Apple-converted-space\">&nbsp;<\/span>und bietet einen hervorragenden Griff. Damit Sie einen Digi Pro nach Ihrem Geschmack finden, bietet Geekvape diesen Pod in vielen verschiedenen Farben mit schlichten und auff\u00e4lligen Optionen an.<\/strong><\/p>\n<p style=\"margin-bottom: 1rem;margin-top: 0px\"><strong><img decoding=\"async\" src=\"https:\/\/www.freevap.ch\/img\/cms\/Pod%20Digi%20Pro%20-%20Geekvape\/Pod-Digi-Pro-design.jpg\" alt=\"Digi Pro design\" width=\"80%\" style=\"border-style: none;vertical-align: middle\"><\/strong><\/p>\n<h2 style=\"margin-bottom: 1.25rem;margin-top: 0px;font-family: Teko, sans-serif;font-weight: 500;line-height: 1.2;font-size: 1.5625rem;text-transform: uppercase\"><strong>KOMFORTABLES DAMPFEN MIT DEM DIGI PRO<\/strong><\/h2>\n<p style=\"margin-bottom: 1rem;margin-top: 0px\"><strong>Mit dem Digi Pro Pod k\u00f6nnen Sie dampfen, wie Sie wollen:<span class=\"Apple-converted-space\">&nbsp;<\/span><\/strong><strong style=\"font-weight: bolder\">Aktivierung durch Knopfdruck oder Auto Draw<\/strong><strong>. Wenn Sie ein begeisterter Nutzer von Auto-Drawing sind, sollten Sie wissen, dass dieser Pod dank des Geekvape-Sensors der neuesten Generation eine unvergleichlich schnelle Reaktionszeit bietet. Auf der Seite der Anzeige haben Sie das Recht auf ein<span class=\"Apple-converted-space\">&nbsp;<\/span><\/strong><strong style=\"font-weight: bolder\">hochaufl\u00f6sendes 0,96-Zoll-Farbdisplay<\/strong><strong><span class=\"Apple-converted-space\">&nbsp;<\/span>wo alle wichtigen Informationen klar und deutlich angezeigt werden (Leistung, Widerstand, Akkuladestand, Modus und Puff-Z\u00e4hler). Schlie\u00dflich ist der<\/strong><strong style=\"font-weight: bolder\">A-Lock<\/strong><strong><span class=\"Apple-converted-space\">&nbsp;<\/span>von Geekvape ist ebenfalls vorhanden. Sie m\u00fcssen nicht mehr den Feuerknopf bet\u00e4tigen, um Ihre e-Zig zwischen jedem Gebrauch ein- oder auszuschalten: Ein kleiner Schalter erm\u00f6glicht es Ihnen, Ihren Akku mit einer einzigen Bewegung zu sperren.<\/strong><\/p>\n<p style=\"margin-bottom: 1rem;margin-top: 0px\"><strong><img decoding=\"async\" src=\"https:\/\/www.freevap.ch\/img\/cms\/Pod%20Digi%20Pro%20-%20Geekvape\/Pod-Digi-Pro-J-a-lock.jpg\" alt=\"Digi Pro A-Lock\" width=\"80%\" style=\"border-style: none;vertical-align: middle\"><\/strong><\/p>\n<h2 style=\"margin-bottom: 1.25rem;margin-top: 0px;font-family: Teko, sans-serif;font-weight: 500;line-height: 1.2;font-size: 1.5625rem;text-transform: uppercase\"><strong>EIN VIELSEITIGER POD UND EIN LEISTUNGSF\u00c4HIGER AKKU<\/strong><\/h2>\n<p style=\"margin-bottom: 1rem;margin-top: 0px\"><strong>Der Digi Pro wurde f\u00fcr eine kontrollierte Leistung und eine optimale Akkulaufzeit entwickelt. Mit seinen<span class=\"Apple-converted-space\">&nbsp;<\/span><\/strong><strong style=\"font-weight: bolder\">40W<\/strong><strong><span class=\"Apple-converted-space\">&nbsp;<\/span>bei maximaler Leistung ist er sowohl f\u00fcr Liebhaber von MTL-Z\u00fcgen als auch f\u00fcr Dampfer geeignet, die auf der Suche nach dichterem Dampf sind. Sein eingebauter Akku mit einer Kapazit\u00e4t von<span class=\"Apple-converted-space\">&nbsp;<\/span><\/strong><strong style=\"font-weight: bolder\">2000 mAh<\/strong><strong><span class=\"Apple-converted-space\">&nbsp;<\/span>garantiert Ihnen eine lange Nutzungsdauer, selbst bei hoher Wattzahl. Und sollte Ihr Pod doch einmal m\u00fcde werden, schlie\u00dfen Sie ihn einfach \u00fcber seinen<span class=\"Apple-converted-space\">&nbsp;<\/span><\/strong><strong style=\"font-weight: bolder\">USB-C-Anschluss<\/strong><strong>, kompatibel mit einer<span class=\"Apple-converted-space\">&nbsp;<\/span><\/strong><strong style=\"font-weight: bolder\">Schnellladung (1,6A)<\/strong><strong>Wenn Sie sich nicht sicher sind, ob Ihr Kind in der Lage ist, die Schule zu besuchen, sollten Sie sich umgehend bei der Polizei melden.<\/strong><\/p>\n<p style=\"margin-bottom: 1rem;margin-top: 0px\"><strong><img decoding=\"async\" src=\"https:\/\/www.freevap.ch\/img\/cms\/Pod%20Digi%20Pro%20-%20Geekvape\/Pod-Digi-Pro-battery.jpg\" alt=\"Digi Pro 2000 mAh\" width=\"80%\" style=\"border-style: none;vertical-align: middle\"><\/strong><\/p>\n<h2 style=\"margin-bottom: 1.25rem;margin-top: 0px;font-family: Teko, sans-serif;font-weight: 500;line-height: 1.2;font-size: 1.5625rem;text-transform: uppercase\"><strong>EIN CHIPSATZ MIT VEREINFACHTEN EINSTELLUNGEN<\/strong><\/h2>\n<p style=\"margin-bottom: 1rem;margin-top: 0px\"><strong>Geekvape setzt auf eine einfache, aber umfassende Benutzererfahrung. Der Digi Pro verf\u00fcgt \u00fcber drei Betriebsmodi, die verschiedene Dampferlebnisse bieten und sich automatisch an den verwendeten Widerstand anpassen. So kann man als Anf\u00e4nger nichts falsch machen.<\/strong><\/p>\n<ul style=\"margin-bottom: 1rem;margin-top: 0px;padding-left: 0px\">\n<li><strong style=\"font-weight: bolder\">Smart-Modus :<\/strong><strong><span class=\"Apple-converted-space\">&nbsp;<\/span>automatische Einstellung auf die f\u00fcr Ihren Widerstand optimale Leistung.<\/strong><\/li>\n<li><strong style=\"font-weight: bolder\">Boost-Modus :<\/strong><strong><span class=\"Apple-converted-space\">&nbsp;<\/span>automatische Einstellung auf die maximale Leistung, die Ihr Widerstand verkraften kann.<\/strong><\/li>\n<li><strong style=\"font-weight: bolder\">Eco-Modus :<\/strong><strong><span class=\"Apple-converted-space\">&nbsp;<\/span>automatische Einstellung auf eine niedrigere Wattzahl, um die Akkulaufzeit zu f\u00f6rdern.<\/strong><\/li>\n<\/ul>\n<p style=\"margin-bottom: 1rem;margin-top: 0px\"><strong><img decoding=\"async\" src=\"https:\/\/www.freevap.ch\/img\/cms\/Pod%20Digi%20Pro%20-%20Geekvape\/Pod-Digi-Pro-modes.jpg\" alt=\"Digi Pro modes\" width=\"80%\" style=\"border-style: none;vertical-align: middle\"><\/strong><\/p>\n<h2 style=\"margin-bottom: 1.25rem;margin-top: 0px;font-family: Teko, sans-serif;font-weight: 500;line-height: 1.2;font-size: 1.5625rem;text-transform: uppercase\"><strong>J SERIES PATRONEN: PRAKTISCH UND INNOVATIV<\/strong><\/h2>\n<p style=\"margin-bottom: 1rem;margin-top: 0px\"><strong>Das Digi Pro Kit wird mit einer J Series Patrone geliefert, die speziell daf\u00fcr entwickelt wurde, Ihren Alltag zu vereinfachen und gleichzeitig eine hervorragende Geschmackswiedergabe zu bieten. Mit einer Kapazit\u00e4t von<span class=\"Apple-converted-space\">&nbsp;<\/span><\/strong><strong style=\"font-weight: bolder\">5 ml<\/strong><strong>Diese Patronen erm\u00f6glichen es Ihnen, zu dampfen, ohne st\u00e4ndig Liquid nachf\u00fcllen zu m\u00fcssen. Ihre<span class=\"Apple-converted-space\">&nbsp;<\/span><\/strong><strong style=\"font-weight: bolder\">Seitenf\u00fcllung<\/strong><strong><span class=\"Apple-converted-space\">&nbsp;<\/span>ist praktisch und schnell. Mit ihrem Design<span class=\"Apple-converted-space\">&nbsp;<\/span><\/strong><strong style=\"font-weight: bolder\">Auslaufschutz<\/strong><strong><span class=\"Apple-converted-space\">&nbsp;<\/span>und ein<span class=\"Apple-converted-space\">&nbsp;<\/span><\/strong><strong style=\"font-weight: bolder\">einstellbare Airflow<\/strong><strong><span class=\"Apple-converted-space\">&nbsp;<\/span>die an der Seite des Reservoirs positioniert ist, sorgen die J-Series-Patronen f\u00fcr ein ma\u00dfgeschneidertes, glattes Erlebnis.<\/strong><\/p>\n<p style=\"margin-bottom: 1rem;margin-top: 0px\"><strong><img decoding=\"async\" src=\"https:\/\/www.freevap.ch\/img\/cms\/Pod%20Digi%20Pro%20-%20Geekvape\/Pod-Digi-Pro-J-pods.jpg\" alt=\"J Series Pods\" width=\"80%\" style=\"border-style: none;vertical-align: middle\"><\/strong><\/p>\n<p style=\"margin-bottom: 1rem;margin-top: 0px\"><strong>In diesem Set erh\u00e4ltst du eine wiederverwendbare J-Patrone (JR-Patrone) mit zwei J-Series-Widerst\u00e4nden :<\/strong><\/p>\n<ul style=\"margin-bottom: 1rem;margin-top: 0px;padding-left: 0px\">\n<li><strong style=\"font-weight: bolder\">Widerstand J Series 0.4 Ohm :<\/strong><strong><span class=\"Apple-converted-space\">&nbsp;<\/span>RDL-Zug, ideal f\u00fcr ein dichtes und geschmackvolles Dampfen (empfohlene Leistung: 23W-28W).<\/strong><\/li>\n<li><strong style=\"font-weight: bolder\">Widerstand J Series 0.6 Ohm :<\/strong><strong><span class=\"Apple-converted-space\">&nbsp;<\/span>RDL-Zug, perfekt f\u00fcr ein sanfteres und diskreteres Dampfen (empfohlene Leistung: 16W-21W).<\/strong><\/li>\n<\/ul>\n<p style=\"margin-bottom: 1rem;margin-top: 0px\"><strong>Mit dem Digi Pro Pod haben Sie die Wahl zwischen: den&nbsp;<a href=\"https:\/\/www.freevap.ch\/fr\/11050-cartouches-j-series-geekvape-pack-x2.html\" target=\"_blank\" rel=\"noreferrer noopener\" style=\"background-color: transparent;text-decoration: none\">J-Patronen<\/a>&nbsp;mit eingebauten Widerst\u00e4nden oder die<span class=\"Apple-converted-space\">&nbsp;<\/span><a href=\"https:\/\/www.freevap.ch\/fr\/cartouches-pods\/11051-cartouches-jr-series-sans-resistances-geekvape-pack-x2.html\" target=\"_blank\" rel=\"noreferrer noopener\" style=\"background-color: transparent;text-decoration: none\">JR-Patronen<\/a><span class=\"Apple-converted-space\">&nbsp;<\/span>die mit den<span class=\"Apple-converted-space\">&nbsp;<\/span><a href=\"https:\/\/www.freevap.ch\/fr\/11049-resistances-j-series-geekvape-pack-x5.html\" target=\"_blank\" rel=\"noreferrer noopener\" style=\"background-color: transparent;text-decoration: none\">J Series-Widerst\u00e4nde<\/a>.<\/strong><\/p>\n<\/div>","protected":false},"excerpt":{"rendered":"<p>Ob Sie eher eine Aktivierung per Knopfdruck oder eine Aktivierung <strong>autodraw<\/strong> bei jeder Inhalation kann der Wenax Q Pro beides. So k\u00f6nnen Sie seine <strong>25 Watt<\/strong><\/p>","protected":false},"featured_media":6567,"comment_status":"open","ping_status":"closed","template":"","meta":{"om_disable_all_campaigns":false,"_monsterinsights_skip_tracking":false,"_monsterinsights_sitenote_active":false,"_monsterinsights_sitenote_note":"","_monsterinsights_sitenote_category":0,"jetpack_publicize_message":"","jetpack_publicize_feature_enabled":true,"jetpack_social_post_already_shared":true,"jetpack_social_options":{"image_generator_settings":{"template":"highway","enabled":false},"version":2}},"product_brand":[],"product_cat":[81,56],"product_tag":[],"class_list":{"0":"post-6562","1":"product","2":"type-product","3":"status-publish","4":"has-post-thumbnail","6":"product_cat-nouveau-11-25","7":"product_cat-vape","9":"first","10":"instock","11":"sale","12":"shipping-taxable","13":"purchasable","14":"product-type-variable"},"jetpack_publicize_connections":[],"aioseo_notices":[],"jetpack_sharing_enabled":true,"_links":{"self":[{"href":"https:\/\/swiss-hookah.ch\/de\/wp-json\/wp\/v2\/product\/6562","targetHints":{"allow":["GET"]}}],"collection":[{"href":"https:\/\/swiss-hookah.ch\/de\/wp-json\/wp\/v2\/product"}],"about":[{"href":"https:\/\/swiss-hookah.ch\/de\/wp-json\/wp\/v2\/types\/product"}],"replies":[{"embeddable":true,"href":"https:\/\/swiss-hookah.ch\/de\/wp-json\/wp\/v2\/comments?post=6562"}],"wp:featuredmedia":[{"embeddable":true,"href":"https:\/\/swiss-hookah.ch\/de\/wp-json\/wp\/v2\/media\/6567"}],"wp:attachment":[{"href":"https:\/\/swiss-hookah.ch\/de\/wp-json\/wp\/v2\/media?parent=6562"}],"wp:term":[{"taxonomy":"product_brand","embeddable":true,"href":"https:\/\/swiss-hookah.ch\/de\/wp-json\/wp\/v2\/product_brand?post=6562"},{"taxonomy":"product_cat","embeddable":true,"href":"https:\/\/swiss-hookah.ch\/de\/wp-json\/wp\/v2\/product_cat?post=6562"},{"taxonomy":"product_tag","embeddable":true,"href":"https:\/\/swiss-hookah.ch\/de\/wp-json\/wp\/v2\/product_tag?post=6562"}],"curies":[{"name":"wp","href":"https:\/\/api.w.org\/{rel}","templated":true}]}}