{"id":5635,"date":"2025-06-21T02:37:45","date_gmt":"2025-06-21T00:37:45","guid":{"rendered":"https:\/\/swiss-hookah.ch\/?post_type=product&#038;p=5635"},"modified":"2025-06-21T03:09:59","modified_gmt":"2025-06-21T01:09:59","slug":"s1-2","status":"publish","type":"product","link":"https:\/\/swiss-hookah.ch\/de\/product\/s1-2\/","title":{"rendered":"KIT POD VECO GO - VAPORESSO"},"content":{"rendered":"<p>\ud83d\udd0d<\/p>\n<p>Vaporesso Veco Go - Technische Details<\/p>\n<p>- Format: eleganter \"Pen-Style\"-Pod aus Aluminium<\/p>\n<p>- Abmessungen: 23,4 mm \u00d7 112,5 mm<\/p>\n<p>- Gewicht: ~57 g<\/p>\n<p>\u26a1 Akku &amp; Leistung<\/p>\n<p>- Kapazit\u00e4t: 1500 mAh eingebaut (2-3 Tage Laufzeit bei m\u00e4\u00dfigem Gebrauch)<\/p>\n<p>- Max. Leistung: 25 W (automatisch angepasst an Widerstand + Airflow)<\/p>\n<p>- Aufladen: USB-C 5 V\/2 A (ca. 40-60 Min. zum vollst\u00e4ndigen Aufladen)<\/p>\n<p>\ud83c\udf2c Pod &amp; Widerst\u00e4nde<\/p>\n<p>- Kapazit\u00e4t: 5 ml (Pod 0,6 \u03a9 vorinstalliert); Pod 0,8 \u03a9 (4 ml) separat erh\u00e4ltlich<\/p>\n<p>- COREX Mesh-Widerst\u00e4nde: schnelles Aufheizen, originalgetreuer Geschmack, verl\u00e4ngerte Lebensdauer (+50 %)<\/p>\n<p>- Airflow: einstellbar - drehe den Pod, um von RDL (0,6 \u03a9) auf MTL (0,8 \u03a9) zu wechseln.<\/p>\n<p>- F\u00fcllung: von unten, Silikonmundst\u00fcck, SSS Tech Auslaufschutzsystem<\/p>\n<p>\ud83e\udde9 Inhalt des Sets<\/p>\n<p>- 1 \u00d7 Vaporesso Veco Go Akku (1500 mAh)<\/p>\n<p>- 1 \u00d7 pod 0,6 \u03a9 \/ 5 ml (vorinstalliert)<\/p>\n<p>- 1 \u00d7 Bedienungsanleitung<\/p>\n<p>- USB-C-Kabel nicht enthalten<\/p>","protected":false},"excerpt":{"rendered":"<p>verschiedene Vapen, Pods<\/p>","protected":false},"featured_media":5659,"comment_status":"open","ping_status":"closed","template":"","meta":{"om_disable_all_campaigns":false,"_monsterinsights_skip_tracking":false,"_monsterinsights_sitenote_active":false,"_monsterinsights_sitenote_note":"","_monsterinsights_sitenote_category":0,"jetpack_publicize_message":"","jetpack_publicize_feature_enabled":true,"jetpack_social_post_already_shared":true,"jetpack_social_options":{"image_generator_settings":{"template":"highway","enabled":false},"version":2}},"product_brand":[],"product_cat":[72,56],"product_tag":[],"class_list":{"0":"post-5635","1":"product","2":"type-product","3":"status-publish","4":"has-post-thumbnail","6":"product_cat-nouveau-vape","7":"product_cat-vape","9":"first","10":"instock","11":"shipping-taxable","12":"purchasable","13":"product-type-variable"},"jetpack_publicize_connections":[],"aioseo_notices":[],"jetpack_sharing_enabled":true,"_links":{"self":[{"href":"https:\/\/swiss-hookah.ch\/de\/wp-json\/wp\/v2\/product\/5635","targetHints":{"allow":["GET"]}}],"collection":[{"href":"https:\/\/swiss-hookah.ch\/de\/wp-json\/wp\/v2\/product"}],"about":[{"href":"https:\/\/swiss-hookah.ch\/de\/wp-json\/wp\/v2\/types\/product"}],"replies":[{"embeddable":true,"href":"https:\/\/swiss-hookah.ch\/de\/wp-json\/wp\/v2\/comments?post=5635"}],"wp:featuredmedia":[{"embeddable":true,"href":"https:\/\/swiss-hookah.ch\/de\/wp-json\/wp\/v2\/media\/5659"}],"wp:attachment":[{"href":"https:\/\/swiss-hookah.ch\/de\/wp-json\/wp\/v2\/media?parent=5635"}],"wp:term":[{"taxonomy":"product_brand","embeddable":true,"href":"https:\/\/swiss-hookah.ch\/de\/wp-json\/wp\/v2\/product_brand?post=5635"},{"taxonomy":"product_cat","embeddable":true,"href":"https:\/\/swiss-hookah.ch\/de\/wp-json\/wp\/v2\/product_cat?post=5635"},{"taxonomy":"product_tag","embeddable":true,"href":"https:\/\/swiss-hookah.ch\/de\/wp-json\/wp\/v2\/product_tag?post=5635"}],"curies":[{"name":"wp","href":"https:\/\/api.w.org\/{rel}","templated":true}]}}