{"id":5579,"date":"2025-06-20T13:19:39","date_gmt":"2025-06-20T11:19:39","guid":{"rendered":"https:\/\/swiss-hookah.ch\/?post_type=product&#038;p=5579"},"modified":"2025-11-19T21:17:48","modified_gmt":"2025-11-19T20:17:48","slug":"bloody-4","status":"publish","type":"product","link":"https:\/\/swiss-hookah.ch\/de\/product\/bloody-4\/","title":{"rendered":"HIZAGIRI - FIGHTER FUEL BY MAISON FUEL | 100 ML IN 120 ML"},"content":{"rendered":"<p><strong>Hizagiri - Fighter Fuel - 100 ml<\/strong><\/p>\n<p>Tauche in eine Mischung <strong>intensiv und frisch<\/strong> 100 % rote Frucht : <strong>saurer Granatapfel<\/strong>, <strong>s\u00fc\u00dfe Erdbeeren<\/strong>, <strong>rote Beeren<\/strong>die von einer <strong>frischer Hauch<\/strong> eisig kalt. Die Ausgewogenheit zwischen fruchtiger S\u00fc\u00dfe und k\u00fchlem Effekt sorgt f\u00fcr ein belebendes Dampfen, ideal f\u00fcr Liebhaber von druckvollen fruchtigen Empfindungen.<\/p>\n<p>- \ud83d\udca8 <strong>PG\/VG-Verh\u00e4ltnis: 30\/70<\/strong> - Dense &amp; Sub-Ohm friendly Vape .<\/p>\n<p>- \ud83d\udca7 <strong>Ohne Nikotin<\/strong> - Flasche im Shortfill-Format (120 ml enth\u00e4lt 100 ml); f\u00fcgen Sie 2 Booster hinzu, um 3 mg\/ml zu erhalten .<\/p>\n<p>- \ud83c\uddeb\ud83c\uddf7 Hergestellt in Frankreich - Maison Fuel, Fighter Fuel Reihe .<\/p>","protected":false},"excerpt":{"rendered":"<p>diverses liquides \u00e0 vape<\/p>","protected":false},"featured_media":5587,"comment_status":"open","ping_status":"closed","template":"","meta":{"om_disable_all_campaigns":false,"_monsterinsights_skip_tracking":false,"_monsterinsights_sitenote_active":false,"_monsterinsights_sitenote_note":"","_monsterinsights_sitenote_category":0,"jetpack_publicize_message":"","jetpack_publicize_feature_enabled":true,"jetpack_social_post_already_shared":true,"jetpack_social_options":{"image_generator_settings":{"template":"highway","enabled":false},"version":2}},"product_brand":[],"product_cat":[74,53,72],"product_tag":[],"class_list":{"0":"post-5579","1":"product","2":"type-product","3":"status-publish","4":"has-post-thumbnail","6":"product_cat-best-seller","7":"product_cat-e-liquids","8":"product_cat-nouveau-vape","10":"first","11":"instock","12":"shipping-taxable","13":"purchasable","14":"product-type-variable"},"jetpack_publicize_connections":[],"aioseo_notices":[],"jetpack_sharing_enabled":true,"_links":{"self":[{"href":"https:\/\/swiss-hookah.ch\/de\/wp-json\/wp\/v2\/product\/5579","targetHints":{"allow":["GET"]}}],"collection":[{"href":"https:\/\/swiss-hookah.ch\/de\/wp-json\/wp\/v2\/product"}],"about":[{"href":"https:\/\/swiss-hookah.ch\/de\/wp-json\/wp\/v2\/types\/product"}],"replies":[{"embeddable":true,"href":"https:\/\/swiss-hookah.ch\/de\/wp-json\/wp\/v2\/comments?post=5579"}],"wp:featuredmedia":[{"embeddable":true,"href":"https:\/\/swiss-hookah.ch\/de\/wp-json\/wp\/v2\/media\/5587"}],"wp:attachment":[{"href":"https:\/\/swiss-hookah.ch\/de\/wp-json\/wp\/v2\/media?parent=5579"}],"wp:term":[{"taxonomy":"product_brand","embeddable":true,"href":"https:\/\/swiss-hookah.ch\/de\/wp-json\/wp\/v2\/product_brand?post=5579"},{"taxonomy":"product_cat","embeddable":true,"href":"https:\/\/swiss-hookah.ch\/de\/wp-json\/wp\/v2\/product_cat?post=5579"},{"taxonomy":"product_tag","embeddable":true,"href":"https:\/\/swiss-hookah.ch\/de\/wp-json\/wp\/v2\/product_tag?post=5579"}],"curies":[{"name":"wp","href":"https:\/\/api.w.org\/{rel}","templated":true}]}}