{"id":5568,"date":"2025-06-20T13:15:57","date_gmt":"2025-06-20T11:15:57","guid":{"rendered":"https:\/\/swiss-hookah.ch\/?post_type=product&#038;p=5568"},"modified":"2025-06-20T13:23:51","modified_gmt":"2025-06-20T11:23:51","slug":"503-2-2","status":"publish","type":"product","link":"https:\/\/swiss-hookah.ch\/de\/product\/503-2-2\/","title":{"rendered":"HOSSEGOR - SHORTFILL FORMAT - WESTK\u00dcSTE BY CURIEUX | 50ML"},"content":{"rendered":"<p>Hossegor - 50 ml (Neugierig, Westk\u00fcste)<\/p>\n<p>Tauchen Sie ein in einen k\u00f6stlichen baskischen Kuchen in neuem Gewand: ein knuspriger M\u00fcrbeteig, belegt mit s\u00fc\u00df-sauren kandierten Himbeeren. Jeder Zug erinnert an eine traditionelle Torte aus dem Baskenland, mit einem perfekten Gleichgewicht zwischen dem k\u00f6stlichen Biskuit und der Zartheit der roten Frucht .<\/p>\n<p>- \ud83d\udca8 Vegetol\/VG-Verh\u00e4ltnis: 40\/60 - Dichtes Vape, originalgetreue Aromawiedergabe, geeignet f\u00fcr die meisten Materialien.<\/p>\n<p>- \ud83d\udca7 Shortfill-Format 50 ml nikotinfrei (70 ml Flasche) - f\u00fcgen Sie 1 Booster f\u00fcr 3 mg\/ml oder 2 f\u00fcr 6 mg\/ml hinzu .<\/p>\n<p>- \ud83c\udf3f Basis 100 % pflanzlich (Propylenglykol pflanzlich + Glycerin pflanzlich), ohne klassisches PG, f\u00fcr ein sanfteres Dampfen .<\/p>\n<p>- \ud83c\uddeb\ud83c\uddf7 Hergestellt in Frankreich - strenge Standards, Premium-Sortiment .<\/p>","protected":false},"excerpt":{"rendered":"<p>liquide \u00e0 vape, toutes sortes.<\/p>","protected":false},"featured_media":5578,"comment_status":"open","ping_status":"closed","template":"","meta":{"om_disable_all_campaigns":false,"_monsterinsights_skip_tracking":false,"_monsterinsights_sitenote_active":false,"_monsterinsights_sitenote_note":"","_monsterinsights_sitenote_category":0,"jetpack_publicize_message":"","jetpack_publicize_feature_enabled":true,"jetpack_social_post_already_shared":true,"jetpack_social_options":{"image_generator_settings":{"template":"highway","enabled":false},"version":2}},"product_brand":[],"product_cat":[59,72],"product_tag":[],"class_list":{"0":"post-5568","1":"product","2":"type-product","3":"status-publish","4":"has-post-thumbnail","6":"product_cat-a-liquide-gourmand","7":"product_cat-nouveau-vape","9":"first","10":"instock","11":"shipping-taxable","12":"purchasable","13":"product-type-variable"},"jetpack_publicize_connections":[],"aioseo_notices":[],"jetpack_sharing_enabled":true,"_links":{"self":[{"href":"https:\/\/swiss-hookah.ch\/de\/wp-json\/wp\/v2\/product\/5568","targetHints":{"allow":["GET"]}}],"collection":[{"href":"https:\/\/swiss-hookah.ch\/de\/wp-json\/wp\/v2\/product"}],"about":[{"href":"https:\/\/swiss-hookah.ch\/de\/wp-json\/wp\/v2\/types\/product"}],"replies":[{"embeddable":true,"href":"https:\/\/swiss-hookah.ch\/de\/wp-json\/wp\/v2\/comments?post=5568"}],"wp:featuredmedia":[{"embeddable":true,"href":"https:\/\/swiss-hookah.ch\/de\/wp-json\/wp\/v2\/media\/5578"}],"wp:attachment":[{"href":"https:\/\/swiss-hookah.ch\/de\/wp-json\/wp\/v2\/media?parent=5568"}],"wp:term":[{"taxonomy":"product_brand","embeddable":true,"href":"https:\/\/swiss-hookah.ch\/de\/wp-json\/wp\/v2\/product_brand?post=5568"},{"taxonomy":"product_cat","embeddable":true,"href":"https:\/\/swiss-hookah.ch\/de\/wp-json\/wp\/v2\/product_cat?post=5568"},{"taxonomy":"product_tag","embeddable":true,"href":"https:\/\/swiss-hookah.ch\/de\/wp-json\/wp\/v2\/product_tag?post=5568"}],"curies":[{"name":"wp","href":"https:\/\/api.w.org\/{rel}","templated":true}]}}