{"id":5557,"date":"2025-06-20T13:06:45","date_gmt":"2025-06-20T11:06:45","guid":{"rendered":"https:\/\/swiss-hookah.ch\/?post_type=product&#038;p=5557"},"modified":"2025-06-20T13:15:34","modified_gmt":"2025-06-20T11:15:34","slug":"503-2","status":"publish","type":"product","link":"https:\/\/swiss-hookah.ch\/de\/product\/503-2\/","title":{"rendered":"LA CHOSE - SHORTFILL FORMAT - LE FRENCH LIQUIDE | 40ML"},"content":{"rendered":"<p>Das Ding - 50ml<\/p>\n<p>Entdecken Sie La Chose, eine der beliebtesten Gourmet-E-Liquids auf dem Markt. Eine reichhaltige und ausgewogene Mischung aus gesalzenem Butterkaramell, ger\u00f6steten Haseln\u00fcssen, starkem Kaffee, s\u00fc\u00dfer Vanille und Pekann\u00fcssen. Jeder Zug bietet eine Explosion von runden und s\u00fc\u00dfen Aromen, perfekt f\u00fcr Liebhaber des Dessertdampfens.<\/p>\n<p>\ud83d\udca8 PG\/VG-Verh\u00e4ltnis: 50\/50 - Kompatibel mit allen Arten von elektronischen Zigaretten.<\/p>\n<p>\ud83d\udca7 50ml-Flasche ohne Nikotin - F\u00fcge einen Booster hinzu, um 3mg oder mehr zu erhalten.<\/p>\n<p>\ud83c\uddeb\ud83c\uddf7 Hergestellt in Frankreich - Premium-Qualit\u00e4t.<\/p>","protected":false},"excerpt":{"rendered":"<p>liquide \u00e0 vape, toutes sortes.<\/p>","protected":false},"featured_media":5567,"comment_status":"open","ping_status":"closed","template":"","meta":{"om_disable_all_campaigns":false,"_monsterinsights_skip_tracking":false,"_monsterinsights_sitenote_active":false,"_monsterinsights_sitenote_note":"","_monsterinsights_sitenote_category":0,"jetpack_publicize_message":"","jetpack_publicize_feature_enabled":true,"jetpack_social_post_already_shared":true,"jetpack_social_options":{"image_generator_settings":{"template":"highway","enabled":false},"version":2}},"product_brand":[],"product_cat":[59,72],"product_tag":[],"class_list":{"0":"post-5557","1":"product","2":"type-product","3":"status-publish","4":"has-post-thumbnail","6":"product_cat-a-liquide-gourmand","7":"product_cat-nouveau-vape","9":"first","10":"instock","11":"shipping-taxable","12":"purchasable","13":"product-type-variable"},"jetpack_publicize_connections":[],"aioseo_notices":[],"jetpack_sharing_enabled":true,"_links":{"self":[{"href":"https:\/\/swiss-hookah.ch\/de\/wp-json\/wp\/v2\/product\/5557","targetHints":{"allow":["GET"]}}],"collection":[{"href":"https:\/\/swiss-hookah.ch\/de\/wp-json\/wp\/v2\/product"}],"about":[{"href":"https:\/\/swiss-hookah.ch\/de\/wp-json\/wp\/v2\/types\/product"}],"replies":[{"embeddable":true,"href":"https:\/\/swiss-hookah.ch\/de\/wp-json\/wp\/v2\/comments?post=5557"}],"wp:featuredmedia":[{"embeddable":true,"href":"https:\/\/swiss-hookah.ch\/de\/wp-json\/wp\/v2\/media\/5567"}],"wp:attachment":[{"href":"https:\/\/swiss-hookah.ch\/de\/wp-json\/wp\/v2\/media?parent=5557"}],"wp:term":[{"taxonomy":"product_brand","embeddable":true,"href":"https:\/\/swiss-hookah.ch\/de\/wp-json\/wp\/v2\/product_brand?post=5557"},{"taxonomy":"product_cat","embeddable":true,"href":"https:\/\/swiss-hookah.ch\/de\/wp-json\/wp\/v2\/product_cat?post=5557"},{"taxonomy":"product_tag","embeddable":true,"href":"https:\/\/swiss-hookah.ch\/de\/wp-json\/wp\/v2\/product_tag?post=5557"}],"curies":[{"name":"wp","href":"https:\/\/api.w.org\/{rel}","templated":true}]}}