{"id":5463,"date":"2025-05-19T01:08:08","date_gmt":"2025-05-18T23:08:08","guid":{"rendered":"https:\/\/swiss-hookah.ch\/?post_type=product&#038;p=5463"},"modified":"2025-05-19T01:08:21","modified_gmt":"2025-05-18T23:08:21","slug":"bonbons-naturels-shilajit-alpinboost-3000mg-60-bonbons-2","status":"publish","type":"product","link":"https:\/\/swiss-hookah.ch\/de\/product\/bonbons-naturels-shilajit-alpinboost-3000mg-60-bonbons-2\/","title":{"rendered":"Nat\u00fcrliche Bonbons Shilajit Alpinboost 3000MG (60 Bonbons)"},"content":{"rendered":"<p style=\"text-align: center;\"><strong>\u00a0Kostenloser Versand | Garantie | 1-3 Tage Lieferzeit (Mo-Fr)<\/strong><\/p>\n<h1><img decoding=\"async\" class=\"aligncenter wp-image-1012\" src=\"https:\/\/alpinboost.ch\/wp-content\/uploads\/2024\/12\/Untitled-design-copie-300x60.png\" alt=\"\" width=\"475\" height=\"95\" \/><\/h1>\n<p style=\"text-align: center;\">*Ohne Zuckerzusatz (enth\u00e4lt von Natur aus 2g Zucker pro Tagesdosis)<\/p>\n<h1 style=\"text-align: center;\">Was sind Alpinboost-Bonbons?<\/h1>\n<p style=\"text-align: center;\">Schluss mit<strong> Pulver<\/strong> zu mischen und die<strong> Kapseln<\/strong> zu schlucken! Mit <strong>Alpinboost<\/strong>Entdecken Sie eine <strong>neue Art<\/strong> Ihre Erg\u00e4nzungsmittel zu nehmen : <strong>k\u00f6stlich<\/strong>, <strong>Praxis<\/strong> und<strong> ohne Zwang<\/strong>.<\/p>\n<p style=\"text-align: center;\"><strong>Unsere ultra-gourmandigen Bonbons<\/strong> werden mit Zutaten hergestellt<strong> 100 % nat\u00fcrlich<\/strong> und von <strong>hohe Qualit\u00e4t<\/strong>ohne Zuckerzusatz, vegan und halal. <strong>Nehmen Sie sie \u00fcberall hin mit<\/strong> und <strong>boosten Sie Ihr Leben<\/strong> \u00fcberall und jederzeit.<\/p>\n<h1 style=\"text-align: center;\"><b>Wie schmecken Shilajit-Bonbons?<\/b><\/h1>\n<p style=\"text-align: center;\"><strong>S\u00fc\u00dfe Tamarinde<\/strong> und <strong>Kr\u00e4uternoten<\/strong> : ein einzigartiger, roher Geschmack, der der Kraft des Shilajit treu bleibt<\/p>\n<h1 style=\"text-align: center;\"><span style=\"color: #000000;\"><b>Der Shilajit : Das Millenniums-Elixier der Berggipfel<\/b><\/span><\/h1>\n<p style=\"text-align: center;\">Die <em>shilajit<\/em>, genannt <strong>das schwarze Gold der Natur<\/strong>ist ein kostbares Harz aus den Bergen Tibets und des Himalayas (China). Reich an <strong>essentielle Mineralien, Fulvos\u00e4uren und Antioxidantien<\/strong>Seit Jahrhunderten wird er f\u00fcr seine Rolle in den Traditionen der Vorfahren gesch\u00e4tzt. Als Teil einer Wellness-Routine begleitet er diejenigen, die auf der Suche nach Ausgeglichenheit und Vitalit\u00e4t im Alltag sind. <strong>Ein nat\u00fcrlicher Schatz, um Ihr inneres Wohlbefinden zu n\u00e4hren<\/strong>. Shilajit ist bekannt f\u00fcr :<\/p>\n<p style=\"text-align: center;\">\u2714 Bringen Sie eine <span style=\"color: #00bf63;\"><strong>Vitalit\u00e4tsgef\u00fchl<\/strong><\/span> und von<span style=\"color: #00bf63;\"><strong> Wohlbefinden<\/strong><\/span>.<\/p>\n<p style=\"text-align: center;\">\u2714<span style=\"color: #00bf63;\"><strong> Den Alltag bereichern<\/strong><\/span> dank seines Reichtums an <span style=\"color: #00bf63;\"><strong>essentielle N\u00e4hrstoffe<\/strong><\/span>.<\/p>\n<p style=\"text-align: center;\">\u2714 F\u00f6rderung einer <span style=\"color: #00bf63;\"><strong>Klarheit<\/strong><\/span> und ein <span style=\"color: #00bf63;\"><strong>Komfort<\/strong><\/span>.<\/p>\n<h1 style=\"text-align: center;\"><b>Potenzieller Zweck gesucht<\/b><\/h1>\n<p style=\"text-align: center;\"><i>(Inspiriert von<span class=\"Apple-converted-space\">\u00a0 <\/span>traditionelle Medizin)<\/i><\/p>\n<p><img fetchpriority=\"high\" decoding=\"async\" class=\"wp-image-2056 aligncenter\" src=\"https:\/\/alpinboost.ch\/wp-content\/uploads\/2025\/03\/Copy-of-Benefits-of-Career-Coaching-Instagram-Post-3-scaled-e1742568831471-300x197.avif\" alt=\"\" width=\"626\" height=\"411\" \/><\/p>\n<h1 style=\"text-align: center;\">Einfacher und angenehmer Griff<\/h1>\n<p style=\"text-align: center;\">Schluss mit schwer zu schluckenden Kapseln! Unsere Bonbons vereinen <strong>Praktikabilit\u00e4t und Vergn\u00fcgen<\/strong>So k\u00f6nnen Sie diese Wirkstoffe ganz einfach in Ihren Tagesablauf integrieren. Sie sind leicht mitzunehmen und passen zu <strong>Ihr dynamischer Lebensstil<\/strong> und begleiten Sie im Alltag.<\/p>\n<p style=\"text-align: center;\"><img decoding=\"async\" class=\"aligncenter wp-image-1610\" src=\"https:\/\/alpinboost.ch\/wp-content\/uploads\/2025\/02\/Untitled-design.png-2-300x133.avif\" alt=\"\" width=\"485\" height=\"215\" \/><\/p>\n<h1 style=\"text-align: center;\">Verbraucherberatung<\/h1>\n<p style=\"text-align: center;\">Nehmen Sie <strong data-start=\"7\" data-end=\"23\">zwei Bonbons<\/strong> \u00e0 <strong data-start=\"26\" data-end=\"34\">Fasten<\/strong> jeden Morgen, idealerweise <strong data-start=\"60\" data-end=\"100\">30 Minuten bis 1 Stunde vor dem Essen<\/strong>Um den vollen Nutzen aus den <strong data-start=\"133\" data-end=\"164\">positive Auswirkungen von Shilajit<\/strong> auf dem <strong data-start=\"172\" data-end=\"186\">Langfristig<\/strong>. Die <strong data-start=\"191\" data-end=\"205\">Regelm\u00e4\u00dfigkeit<\/strong> und die <strong data-start=\"212\" data-end=\"226\">Disziplin<\/strong> sind entscheidend f\u00fcr die Optimierung seiner <strong data-start=\"264\" data-end=\"277\">Vorteile<\/strong>.<\/p>\n<h1 style=\"text-align: center;\"><span style=\"color: #000000;\"><b>Eine Alchemie aus nat\u00fcrlichen Inhaltsstoffen, inspiriert von der Tradition<\/b><\/span><\/h1>\n<p style=\"text-align: center;\">Unsere Bonbons vereinen das Kostbare <strong>shilajit<\/strong> von den tibetischen Bergen zu <strong>Pflanzenextrakte<\/strong> ausgew\u00e4hlt f\u00fcr ihre <strong>traditionelle Vorteile<\/strong>. Inspiriert von <strong>Ahnenwissen<\/strong> und erforscht von der <strong>moderne Wissenschaft<\/strong>Sie bieten eine <strong>nat\u00fcrliche Synergie<\/strong> und authentisch, gedacht f\u00fcr Ihr <strong>Wohlbefinden<\/strong>.<\/p>\n<h1 style=\"text-align: center;\"><b>Zutaten<\/b><\/h1>\n<p style=\"text-align: center;\"><em>Die angezeigten Mengen stammen aus einem Extrakt, der auf ein Verh\u00e4ltnis von 10:1 standardisiert wurde.<\/em><\/p>\n<p style=\"text-align: center;\"><span style=\"color: #000000;\"><strong>F\u00fcr eine optimale Tagesdosis (2 Bonbons) :<\/strong><\/span><\/p>\n<p style=\"text-align: center;\"><img loading=\"lazy\" decoding=\"async\" class=\"aligncenter wp-image-1013\" src=\"https:\/\/alpinboost.ch\/wp-content\/uploads\/2024\/12\/instories_B2C85325-EB57-43AC-B55B-5D1ADBF54D18-e1736905073448-300x300.png\" alt=\"\" width=\"115\" height=\"115\" \/><b>Shilajit<\/b> : <i>\"Das Gold des Berges\"\u00a0<\/i><strong>3000MG\u00a0<\/strong><\/p>\n<p><img loading=\"lazy\" decoding=\"async\" class=\"aligncenter wp-image-1018\" src=\"https:\/\/alpinboost.ch\/wp-content\/uploads\/2024\/12\/instories_E054321D-3F1E-493D-BE83-758F2FDC39E1-e1736906490141-300x300.png\" alt=\"\" width=\"115\" height=\"115\" \/><\/p>\n<p style=\"text-align: center;\"><b>Ashwagandha<\/b> : <i>\"Die Wurzel der Ruhe\"<\/i><span class=\"Apple-converted-space\">\u00a0 <\/span><span class=\"Apple-converted-space\"><strong>400MG<\/strong><\/span><\/p>\n<p><img loading=\"lazy\" decoding=\"async\" class=\"aligncenter wp-image-1017\" src=\"https:\/\/alpinboost.ch\/wp-content\/uploads\/2024\/12\/instories_7D5F8D2E-C976-4D08-A294-2B5DC9150FEC-e1736906243575-300x300.png\" alt=\"\" width=\"115\" height=\"115\" \/><\/p>\n<p style=\"text-align: center;\"><b>Ingwer<\/b> : <i>\"Der Boost Zing\"\u00a0<\/i> <strong>100MG<\/strong><\/p>\n<p><img loading=\"lazy\" decoding=\"async\" class=\"aligncenter wp-image-1019\" src=\"https:\/\/alpinboost.ch\/wp-content\/uploads\/2024\/12\/instories_523079C9-E647-49CC-8F05-36C3D4C51153-e1737075409759-300x300.png\" alt=\"\" width=\"115\" height=\"115\" \/><\/p>\n<p style=\"text-align: center;\"><b>Schwarz Musli<\/b> : <i>\"Das schwarze Elixier\" <\/i><strong>60MG<\/strong><\/p>\n<p><img loading=\"lazy\" decoding=\"async\" class=\"aligncenter wp-image-1020\" src=\"https:\/\/alpinboost.ch\/wp-content\/uploads\/2024\/12\/instories_A9AEEFE4-FE65-4703-8813-B0545071AF50-e1737075600852-300x300.png\" alt=\"\" width=\"115\" height=\"115\" \/><\/p>\n<p style=\"text-align: center;\"><b>Gokshura<\/b> : <i>\"Der Schl\u00fcssel zur Energie\" <\/i><strong>60MG<\/strong><\/p>\n<p><img loading=\"lazy\" decoding=\"async\" class=\"aligncenter wp-image-1021\" src=\"https:\/\/alpinboost.ch\/wp-content\/uploads\/2024\/12\/instories_C8FE175D-4854-4513-82FA-BEFC6201B206-e1737075717656-300x300.png\" alt=\"\" width=\"115\" height=\"115\" \/><\/p>\n<p style=\"text-align: center;\"><b>Kaunch<\/b> : <i>\"Die Perle der Macht\"<\/i><span class=\"Apple-converted-space\">\u00a0 <\/span><span class=\"Apple-converted-space\"><strong>60MG<\/strong><\/span><\/p>\n<p><img loading=\"lazy\" decoding=\"async\" class=\"aligncenter wp-image-1022\" src=\"https:\/\/alpinboost.ch\/wp-content\/uploads\/2024\/12\/instories_BFC131F6-1EA8-410A-9846-3F6C46622D83-e1737075888607-300x300.png\" alt=\"\" width=\"115\" height=\"115\" \/><\/p>\n<p style=\"text-align: center;\"><b>Ginseng<\/b> : <i>\"Die Wurzel des Lebens\"<\/i><span class=\"Apple-converted-space\">\u00a0 <\/span><span class=\"Apple-converted-space\"><strong>40MG<\/strong><\/span><\/p>\n<p><img loading=\"lazy\" decoding=\"async\" class=\"aligncenter wp-image-1023\" src=\"https:\/\/alpinboost.ch\/wp-content\/uploads\/2024\/12\/instories_1F40EA7B-EF6D-4C5C-86F4-7ECCA8BF3AB9-e1737076008468-300x300.png\" alt=\"\" width=\"115\" height=\"115\" \/><\/p>\n<p style=\"text-align: center;\"><b>Akarkara<\/b> : <i>\"Der Dynamische Funke\" <\/i><strong>40MG<\/strong><\/p>\n<h1 style=\"text-align: center;\">Der Fehler, den Sie vermeiden sollten!<\/h1>\n<p style=\"text-align: center;\" data-start=\"33\" data-end=\"177\">Viele geben die Einnahme von Nahrungserg\u00e4nzungsmitteln zu schnell auf, weil sie sofortige Ergebnisse erwarten. <strong data-start=\"130\" data-end=\"172\">Doch der Schl\u00fcssel liegt in der Regelm\u00e4\u00dfigkeit!<\/strong><\/p>\n<p style=\"text-align: center;\" data-start=\"179\" data-end=\"388\">Studien zeigen, dass :<br \/>\n\u2714\ufe0f <strong data-start=\"210\" data-end=\"239\">Vitamine und Mineralien<\/strong> ben\u00f6tigen <strong data-start=\"252\" data-end=\"270\" data-is-only-node=\"\">4 bis 8 Wochen<\/strong> f\u00fcr optimale Effekte.<br \/>\n\u2714\ufe0f <strong data-start=\"302\" data-end=\"321\">Die Adaptogene<\/strong> wie Ashwagandha zeigen Ergebnisse nach <strong data-start=\"371\" data-end=\"385\">6 Wochen<\/strong>.<\/p>\n<p style=\"text-align: center;\" data-start=\"390\" data-end=\"570\" data-is-last-node=\"\" data-is-only-node=\"\">Wie bei jeder guten Gewohnheit <strong data-start=\"423\" data-end=\"455\">Best\u00e4ndigkeit ist entscheidend<\/strong>. Um die Vorteile von Nahrungserg\u00e4nzungsmitteln voll auszusch\u00f6pfen, <strong data-start=\"515\" data-end=\"567\">es ist entscheidend, sie langfristig zu integrieren<\/strong>.<\/p>\n<h1 style=\"text-align: center;\">Zertifizierungen<\/h1>\n<p style=\"text-align: center;\">Alle unsere Erg\u00e4nzungsmittel sind streng<strong> im Labor getestet<\/strong> akkreditiert<strong> Eurofins ISO 17025<\/strong>Die Kontrollen, die bei jeder Charge durchgef\u00fchrt werden, gew\u00e4hrleisten, dass <strong>Bakterien<\/strong>, <strong>Toxizit\u00e4t<\/strong> und <strong>Schwermetalle<\/strong>.<\/p>\n<p><img loading=\"lazy\" decoding=\"async\" class=\"aligncenter wp-image-1024\" src=\"https:\/\/alpinboost.ch\/wp-content\/uploads\/2024\/12\/Untitled-design-2-300x60.png\" alt=\"\" width=\"475\" height=\"95\" \/><img loading=\"lazy\" decoding=\"async\" class=\"aligncenter wp-image-1025\" src=\"https:\/\/alpinboost.ch\/wp-content\/uploads\/2024\/12\/Untitled-design-3-300x60.png\" alt=\"\" width=\"475\" height=\"95\" \/><\/p>","protected":false},"excerpt":{"rendered":"<p>Bonbon naturels Shilajit au go\u00fbt naturel de Tamarind<\/p>","protected":false},"featured_media":5436,"comment_status":"open","ping_status":"closed","template":"","meta":{"om_disable_all_campaigns":false,"_monsterinsights_skip_tracking":false,"_monsterinsights_sitenote_active":false,"_monsterinsights_sitenote_note":"","_monsterinsights_sitenote_category":0,"jetpack_publicize_message":"","jetpack_publicize_feature_enabled":true,"jetpack_social_post_already_shared":true,"jetpack_social_options":{"image_generator_settings":{"template":"highway","enabled":false},"version":2}},"product_brand":[],"product_cat":[77],"product_tag":[],"class_list":{"0":"post-5463","1":"product","2":"type-product","3":"status-publish","4":"has-post-thumbnail","6":"product_cat-shilajit","8":"first","9":"instock","10":"sale","11":"shipping-taxable","12":"purchasable","13":"product-type-variable"},"jetpack_publicize_connections":[],"aioseo_notices":[],"jetpack_sharing_enabled":true,"_links":{"self":[{"href":"https:\/\/swiss-hookah.ch\/de\/wp-json\/wp\/v2\/product\/5463","targetHints":{"allow":["GET"]}}],"collection":[{"href":"https:\/\/swiss-hookah.ch\/de\/wp-json\/wp\/v2\/product"}],"about":[{"href":"https:\/\/swiss-hookah.ch\/de\/wp-json\/wp\/v2\/types\/product"}],"replies":[{"embeddable":true,"href":"https:\/\/swiss-hookah.ch\/de\/wp-json\/wp\/v2\/comments?post=5463"}],"wp:featuredmedia":[{"embeddable":true,"href":"https:\/\/swiss-hookah.ch\/de\/wp-json\/wp\/v2\/media\/5436"}],"wp:attachment":[{"href":"https:\/\/swiss-hookah.ch\/de\/wp-json\/wp\/v2\/media?parent=5463"}],"wp:term":[{"taxonomy":"product_brand","embeddable":true,"href":"https:\/\/swiss-hookah.ch\/de\/wp-json\/wp\/v2\/product_brand?post=5463"},{"taxonomy":"product_cat","embeddable":true,"href":"https:\/\/swiss-hookah.ch\/de\/wp-json\/wp\/v2\/product_cat?post=5463"},{"taxonomy":"product_tag","embeddable":true,"href":"https:\/\/swiss-hookah.ch\/de\/wp-json\/wp\/v2\/product_tag?post=5463"}],"curies":[{"name":"wp","href":"https:\/\/api.w.org\/{rel}","templated":true}]}}