{"id":5429,"date":"2025-05-19T00:29:09","date_gmt":"2025-05-18T22:29:09","guid":{"rendered":"https:\/\/swiss-hookah.ch\/?post_type=product&#038;p=5429"},"modified":"2025-05-19T01:06:10","modified_gmt":"2025-05-18T23:06:10","slug":"bonbons-naturels-m-alpha-testo-alpinboost-60-bonbons","status":"publish","type":"product","link":"https:\/\/swiss-hookah.ch\/de\/product\/bonbons-naturels-m-alpha-testo-alpinboost-60-bonbons\/","title":{"rendered":"M-Alpha Testo Alpinboost Nat\u00fcrliche Bonbons (60 Bonbons)"},"content":{"rendered":"<p style=\"text-align: center;\"><strong>\u00a0Kostenloser Versand | Garantie | 1-3 Tage Lieferzeit<\/strong><\/p>\n<h1><img decoding=\"async\" class=\"aligncenter wp-image-1012\" src=\"https:\/\/alpinboost.ch\/wp-content\/uploads\/2024\/12\/Untitled-design-copie-300x60.png\" alt=\"\" width=\"475\" height=\"95\" \/><\/h1>\n<h1 style=\"text-align: center;\">Was sind Alpinboost-Bonbons?<\/h1>\n<p style=\"text-align: center;\">Schluss mit<strong> Pulver<\/strong> zu mischen und die<strong> Kapseln<\/strong> zu schlucken! Mit <strong>Alpinboost<\/strong>Entdecken Sie eine <strong>neue Art<\/strong> Ihre Erg\u00e4nzungsmittel zu nehmen : <strong>k\u00f6stlich<\/strong>, <strong>Praxis<\/strong> und<strong> ohne Zwang<\/strong>.<\/p>\n<p style=\"text-align: center;\"><strong>Unsere ultra-gourmandigen Bonbons<\/strong> werden mit Zutaten hergestellt<strong>\u00a0nat\u00fcrlichen<\/strong> und von <strong>hohe Qualit\u00e4t<\/strong>ohne Zuckerzusatz, vegan und halal. <strong>Nehmen Sie sie \u00fcberall hin mit<\/strong> und <strong>boosten Sie Ihr Leben<\/strong> \u00fcberall und jederzeit.<\/p>\n<h1 style=\"text-align: center;\"><b>Wie schmecken M-Alpha-Bonbons?<\/b><\/h1>\n<p><img decoding=\"async\" class=\"wp-image-2052 aligncenter\" src=\"https:\/\/alpinboost.ch\/wp-content\/uploads\/2025\/03\/istockphoto-1394432361-612x612-1-300x300.jpg\" alt=\"\" width=\"129\" height=\"129\" \/><\/p>\n<p style=\"text-align: center;\">Ein intensiver Geschmack von <strong>wilde Heidelbeere<\/strong>Es ist ein frisches und explosives Produkt, das auf einem nat\u00fcrlichen Extrakt basiert.<\/p>\n<h1 style=\"text-align: center;\">M-Alpha Testo von Alpinboost - Die Kraft der Berge in einem Bonbon<\/h1>\n<p style=\"text-align: center;\">Entdecken Sie M-Alpha, die Erg\u00e4nzung<strong> neue Generation<\/strong> von Alpinboost, verbindet <strong>hochwertige Zutaten<\/strong> aus den Hochschulen <strong>chinesische Berge<\/strong> und<strong> althergebrachte Traditionen<\/strong> f\u00fcr eine <strong>nat\u00fcrliche Wirksamkeit im Alltag<\/strong>.<\/p>\n<h1 style=\"text-align: center;\"><b>Potenzieller Zweck gesucht<\/b><\/h1>\n<p style=\"text-align: center;\"><i>(Inspiriert von<span class=\"Apple-converted-space\">\u00a0 <\/span>traditionelle Medizin)<\/i><\/p>\n<p><img fetchpriority=\"high\" decoding=\"async\" class=\"aligncenter wp-image-1495\" src=\"https:\/\/alpinboost.ch\/wp-content\/uploads\/2025\/02\/Benefits-of-Career-Coaching-Instagram-Post-4-2-scaled-e1738544621521-300x176.avif\" alt=\"\" width=\"626\" height=\"367\" \/><\/p>\n<h1 style=\"text-align: center;\">Einfacher und angenehmer Griff<\/h1>\n<p style=\"text-align: center;\">Schluss mit schwer zu schluckenden Kapseln! Unsere Bonbons vereinen <strong>Praktikabilit\u00e4t und Vergn\u00fcgen<\/strong>So k\u00f6nnen Sie diese Wirkstoffe ganz einfach in Ihren Tagesablauf integrieren. Sie sind leicht mitzunehmen und passen zu <strong>Ihr dynamischer Lebensstil<\/strong> und begleiten Sie im Alltag.<\/p>\n<p style=\"text-align: center;\"><img loading=\"lazy\" decoding=\"async\" class=\"aligncenter wp-image-1610\" src=\"https:\/\/alpinboost.ch\/wp-content\/uploads\/2025\/02\/Untitled-design.png-2-300x133.avif\" alt=\"\" width=\"485\" height=\"215\" \/><\/p>\n<h1 style=\"text-align: center;\">Verbraucherberatung<\/h1>\n<p style=\"text-align: center;\">Nehmen Sie <strong data-start=\"7\" data-end=\"37\">zwei M-Alpha Testo Bonbons<\/strong> idealerweise <strong data-start=\"49\" data-end=\"81\">1 bis 2 Stunden vor dem Schlafengehen<\/strong>Damit die <strong data-start=\"96\" data-end=\"120\">nat\u00fcrliche Inhaltsstoffe <\/strong>wirken effektiv w\u00e4hrend des <strong data-start=\"154\" data-end=\"163\">Ruhe<\/strong>. Die <strong data-start=\"168\" data-end=\"182\">Regelm\u00e4\u00dfigkeit<\/strong> und die <strong data-start=\"189\" data-end=\"203\">Disziplin<\/strong> sind entscheidend f\u00fcr die Optimierung ihrer <strong data-start=\"243\" data-end=\"256\">Vorteile<\/strong> auf dem <strong data-start=\"264\" data-end=\"278\">Langfristig<\/strong>.<\/p>\n<h1 style=\"text-align: center;\">Ein Konzentrat aus sorgf\u00e4ltig ausgew\u00e4hlten Inhaltsstoffen<\/h1>\n<p style=\"text-align: center;\">M-Alpha kombiniert wertvolle Extrakte wie <strong>Ashwagandha, Black Maca, Shilajit, Fenugreek, Tonga Ali, Horny Goat Weed und Tribulus<\/strong>sowie <strong>essentielle Spurenelemente<\/strong> wie Bor und Vitamin D. Jeder Inhaltsstoff wird aufgrund seines Reichtums und seiner Authentizit\u00e4t ausgew\u00e4hlt und garantiert ein einzigartiges und nat\u00fcrliches Erlebnis.<\/p>\n<h1 style=\"text-align: center;\"><b>Zutaten<\/b><\/h1>\n<p style=\"text-align: center;\"><span style=\"color: #000000;\"><strong>F\u00fcr eine optimale Tagesdosis (2 Bonbons) :<\/strong><\/span><\/p>\n<p><img loading=\"lazy\" decoding=\"async\" class=\"aligncenter wp-image-1455\" src=\"https:\/\/alpinboost.ch\/wp-content\/uploads\/2024\/12\/instories_7036096B-0B83-45CE-8B8D-1E0202AB03FD-e1738289255695-300x300.png\" alt=\"\" width=\"115\" height=\"115\" \/><\/p>\n<p style=\"text-align: center;\"><strong>Vitamin D <\/strong><em>\"Nat\u00fcrliches Licht\"<\/em> <strong>\u00a050\u00b5g<\/strong><\/p>\n<p><img loading=\"lazy\" decoding=\"async\" class=\"aligncenter wp-image-1451\" src=\"https:\/\/alpinboost.ch\/wp-content\/uploads\/2024\/12\/instories_85DA96E7-1829-4207-B575-7DEF5DD02A87-e1738289100823-300x300.png\" alt=\"\" width=\"115\" height=\"115\" \/><\/p>\n<p style=\"text-align: center;\"><b>Bor<\/b> : <i>\"Die mineralische Essenz\"<\/i><span class=\"Apple-converted-space\">\u00a0<\/span><span class=\"Apple-converted-space\"><strong> 1 MG<\/strong><\/span><\/p>\n<p><img loading=\"lazy\" decoding=\"async\" class=\"aligncenter wp-image-1018\" src=\"https:\/\/alpinboost.ch\/wp-content\/uploads\/2024\/12\/instories_E054321D-3F1E-493D-BE83-758F2FDC39E1-e1736906490141-300x300.png\" alt=\"\" width=\"100\" height=\"100\" \/><\/p>\n<p style=\"text-align: center;\"><b>Ashwagandha<\/b> : <i>\"Die Wurzel der Ruhe\"<\/i><span class=\"Apple-converted-space\">\u00a0<\/span><span class=\"Apple-converted-space\"><strong> 3000MG (aus 100:1-Extrakt)<\/strong><\/span><\/p>\n<p><img loading=\"lazy\" decoding=\"async\" class=\"aligncenter wp-image-1453\" src=\"https:\/\/alpinboost.ch\/wp-content\/uploads\/2024\/12\/instories_838C7990-5E48-4256-9288-D146B693803D-e1738289187205-300x300.png\" alt=\"\" width=\"111\" height=\"111\" \/><\/p>\n<p style=\"text-align: center;\"><b>Horny Goat Weed<\/b> : <i>\"Die brennende Flamme\"<\/i><span class=\"Apple-converted-space\">\u00a0<\/span><span class=\"Apple-converted-space\"><strong> 3000MG (aus 100:1-Extrakt)<\/strong><\/span><\/p>\n<p><img loading=\"lazy\" decoding=\"async\" class=\"aligncenter wp-image-1452\" src=\"https:\/\/alpinboost.ch\/wp-content\/uploads\/2024\/12\/instories_88DC89F1-D294-4D1B-B2BC-5119E9239DAD-e1738289154324-300x300.png\" alt=\"\" width=\"115\" height=\"115\" \/><\/p>\n<p style=\"text-align: center;\"><b>Fenugreek<\/b>\u00a0: <i>\"Metabolisches Gold\"<\/i><span class=\"Apple-converted-space\">\u00a0<\/span><span class=\"Apple-converted-space\"><strong> 2000MG (aus 100:1-Extrakt)<\/strong><\/span><\/p>\n<p><img loading=\"lazy\" decoding=\"async\" class=\"aligncenter wp-image-1456\" src=\"https:\/\/alpinboost.ch\/wp-content\/uploads\/2024\/12\/instories_EF955F32-CAC6-4664-B9FA-5129D8DE9434-e1738289297978-300x300.png\" alt=\"\" width=\"115\" height=\"115\" \/><\/p>\n<p style=\"text-align: center;\"><b>Schwarze Maca<\/b>\u00a0: <i>\"Das dunkle Elixier\"<\/i><span class=\"Apple-converted-space\">\u00a0<\/span><span class=\"Apple-converted-space\"><strong> 1500MG (aus 100:1-Extrakt)<\/strong><\/span><\/p>\n<p style=\"text-align: center;\"><img loading=\"lazy\" decoding=\"async\" class=\"aligncenter wp-image-1013\" src=\"https:\/\/alpinboost.ch\/wp-content\/uploads\/2024\/12\/instories_B2C85325-EB57-43AC-B55B-5D1ADBF54D18-e1736905073448-300x300.png\" alt=\"\" width=\"100\" height=\"100\" \/><b>Shilajit<\/b> : <i>\"Das Gold des Berges\"<\/i><strong> 1000MG <span class=\"Apple-converted-space\">(aus 100:1-Extrakt)<\/span><\/strong><\/p>\n<p><img loading=\"lazy\" decoding=\"async\" class=\"aligncenter wp-image-1020\" src=\"https:\/\/alpinboost.ch\/wp-content\/uploads\/2024\/12\/instories_A9AEEFE4-FE65-4703-8813-B0545071AF50-e1737075600852-300x300.png\" alt=\"\" width=\"115\" height=\"115\" \/><\/p>\n<p style=\"text-align: center;\"><b>Tribulus<\/b>: <i>\"Der Schl\u00fcssel zur Energie\"<\/i><strong> 1000MG <span class=\"Apple-converted-space\">(aus 100:1-Extrakt)<\/span><\/strong><\/p>\n<p><img loading=\"lazy\" decoding=\"async\" class=\"aligncenter wp-image-1454\" src=\"https:\/\/alpinboost.ch\/wp-content\/uploads\/2024\/12\/instories_64131EEC-B22E-47A3-B513-F777A938AB79-e1738289217373-300x300.png\" alt=\"\" width=\"115\" height=\"115\" \/><\/p>\n<p style=\"text-align: center;\"><b>Tongkat ali<\/b>: <i>\"Die Wurzel des K\u00f6nigs\"<\/i><strong> 1000MG <span class=\"Apple-converted-space\">(aus 100:1-Extrakt)<\/span><\/strong><\/p>\n<h1 style=\"text-align: center;\">Der Fehler, den Sie vermeiden sollten!<\/h1>\n<p style=\"text-align: center;\" data-start=\"33\" data-end=\"177\">Viele geben die Einnahme von Nahrungserg\u00e4nzungsmitteln zu schnell auf, weil sie sofortige Ergebnisse erwarten. <strong data-start=\"130\" data-end=\"172\">Doch der Schl\u00fcssel liegt in der Regelm\u00e4\u00dfigkeit!<\/strong><\/p>\n<p style=\"text-align: center;\" data-start=\"179\" data-end=\"388\">Studien zeigen, dass :<br \/>\n\u2714\ufe0f <strong data-start=\"210\" data-end=\"239\">Vitamine und Mineralien<\/strong> ben\u00f6tigen <strong data-start=\"252\" data-end=\"270\" data-is-only-node=\"\">4 bis 8 Wochen<\/strong> f\u00fcr optimale Effekte.<br \/>\n\u2714\ufe0f <strong data-start=\"302\" data-end=\"321\">Die Adaptogene<\/strong> wie Ashwagandha zeigen Ergebnisse nach <strong data-start=\"371\" data-end=\"385\">6 Wochen<\/strong>.<\/p>\n<p style=\"text-align: center;\" data-start=\"390\" data-end=\"570\" data-is-last-node=\"\" data-is-only-node=\"\">Wie bei jeder guten Gewohnheit <strong data-start=\"423\" data-end=\"455\">Best\u00e4ndigkeit ist entscheidend<\/strong>. Um die Vorteile von Nahrungserg\u00e4nzungsmitteln voll auszusch\u00f6pfen, <strong data-start=\"515\" data-end=\"567\">es ist entscheidend, sie langfristig zu integrieren<\/strong>.<\/p>\n<h1 style=\"text-align: center;\">Zertifizierungen<\/h1>\n<p style=\"text-align: center;\">Alle unsere Erg\u00e4nzungsmittel sind streng<strong> im Labor getestet<\/strong> akkreditiert<strong> Eurofins ISO 17025<\/strong>Die Kontrollen, die bei jeder Charge durchgef\u00fchrt werden, gew\u00e4hrleisten, dass <strong>Bakterien<\/strong>, <strong>Toxizit\u00e4t<\/strong> und <strong>Schwermetalle<\/strong>.<\/p>\n<p><img loading=\"lazy\" decoding=\"async\" class=\"aligncenter wp-image-1024\" src=\"https:\/\/alpinboost.ch\/wp-content\/uploads\/2024\/12\/Untitled-design-2-300x60.png\" alt=\"\" width=\"475\" height=\"95\" \/><img loading=\"lazy\" decoding=\"async\" class=\"aligncenter wp-image-1025\" src=\"https:\/\/alpinboost.ch\/wp-content\/uploads\/2024\/12\/Untitled-design-3-300x60.png\" alt=\"\" width=\"475\" height=\"95\" \/><\/p>\n<p>&nbsp;<\/p>","protected":false},"excerpt":{"rendered":"<p>Bonbons Naturels M-Alpha Testo au go\u00fbt de myrtille naturelle<\/p>","protected":false},"featured_media":5439,"comment_status":"open","ping_status":"closed","template":"","meta":{"om_disable_all_campaigns":false,"_monsterinsights_skip_tracking":false,"_monsterinsights_sitenote_active":false,"_monsterinsights_sitenote_note":"","_monsterinsights_sitenote_category":0,"jetpack_publicize_message":"","jetpack_publicize_feature_enabled":true,"jetpack_social_post_already_shared":true,"jetpack_social_options":{"image_generator_settings":{"template":"highway","enabled":false},"version":2}},"product_brand":[],"product_cat":[77],"product_tag":[],"class_list":{"0":"post-5429","1":"product","2":"type-product","3":"status-publish","4":"has-post-thumbnail","6":"product_cat-shilajit","8":"first","9":"instock","10":"sale","11":"shipping-taxable","12":"purchasable","13":"product-type-variable"},"jetpack_publicize_connections":[],"aioseo_notices":[],"jetpack_sharing_enabled":true,"_links":{"self":[{"href":"https:\/\/swiss-hookah.ch\/de\/wp-json\/wp\/v2\/product\/5429","targetHints":{"allow":["GET"]}}],"collection":[{"href":"https:\/\/swiss-hookah.ch\/de\/wp-json\/wp\/v2\/product"}],"about":[{"href":"https:\/\/swiss-hookah.ch\/de\/wp-json\/wp\/v2\/types\/product"}],"replies":[{"embeddable":true,"href":"https:\/\/swiss-hookah.ch\/de\/wp-json\/wp\/v2\/comments?post=5429"}],"wp:featuredmedia":[{"embeddable":true,"href":"https:\/\/swiss-hookah.ch\/de\/wp-json\/wp\/v2\/media\/5439"}],"wp:attachment":[{"href":"https:\/\/swiss-hookah.ch\/de\/wp-json\/wp\/v2\/media?parent=5429"}],"wp:term":[{"taxonomy":"product_brand","embeddable":true,"href":"https:\/\/swiss-hookah.ch\/de\/wp-json\/wp\/v2\/product_brand?post=5429"},{"taxonomy":"product_cat","embeddable":true,"href":"https:\/\/swiss-hookah.ch\/de\/wp-json\/wp\/v2\/product_cat?post=5429"},{"taxonomy":"product_tag","embeddable":true,"href":"https:\/\/swiss-hookah.ch\/de\/wp-json\/wp\/v2\/product_tag?post=5429"}],"curies":[{"name":"wp","href":"https:\/\/api.w.org\/{rel}","templated":true}]}}