{"id":5348,"date":"2025-05-13T15:14:03","date_gmt":"2025-05-13T13:14:03","guid":{"rendered":"https:\/\/swiss-hookah.ch\/?post_type=product&#038;p=5348"},"modified":"2026-03-18T18:18:05","modified_gmt":"2026-03-18T17:18:05","slug":"grape10k","status":"publish","type":"product","link":"https:\/\/swiss-hookah.ch\/de\/product\/grape10k\/","title":{"rendered":"PUFF - SMOKAH - 10000 - GRAPE LEMONADE"},"content":{"rendered":"<h3 class=\"\" data-start=\"64\" data-end=\"106\"><strong data-start=\"68\" data-end=\"104\">Smokah Puff 10K - Grape Lemonade<\/strong><\/h3>\n<p class=\"\" data-start=\"107\" data-end=\"153\">Eine s\u00e4uerliche Limonade, die mit s\u00fc\u00dfen Trauben getwistet ist.<\/p>\n<p class=\"\" data-start=\"107\" data-end=\"153\"><strong>Enger Zug (klassischer Puff) mit 2 Modi (Eco und Boost) <\/strong><\/p>\n<ul data-start=\"155\" data-end=\"489\">\n<li class=\"\" data-start=\"155\" data-end=\"203\">\n<p class=\"\" data-start=\"157\" data-end=\"203\">\ud83c\udf47 <strong data-start=\"160\" data-end=\"170\">Geschmack<\/strong> : Traube &amp; prickelnde Limonade<\/p>\n<\/li>\n<li class=\"\" data-start=\"204\" data-end=\"239\">\n<p class=\"\" data-start=\"206\" data-end=\"239\">\ud83c\udf2c\ufe0f <strong data-start=\"210\" data-end=\"237\">Bis zu 10.000 Z\u00fcge<\/strong><\/p>\n<\/li>\n<li class=\"\" data-start=\"240\" data-end=\"281\">\n<p class=\"\" data-start=\"242\" data-end=\"281\">\ud83d\udca7 <strong data-start=\"245\" data-end=\"259\">Inhalt<\/strong> : 10 ml e-Liquid<\/p>\n<\/li>\n<li class=\"\" data-start=\"282\" data-end=\"330\">\n<p class=\"\" data-start=\"284\" data-end=\"330\">\ud83d\udd0b <strong data-start=\"287\" data-end=\"299\">Akku<\/strong> : Wiederaufladbar, langlebig<\/p>\n<\/li>\n<li class=\"\" data-start=\"331\" data-end=\"388\">\n<p class=\"\" data-start=\"333\" data-end=\"388\">\ud83d\udcf1 <strong data-start=\"336\" data-end=\"353\">Integrierter Bildschirm<\/strong> : Stand der Batterie + e-Fl\u00fcssigkeit<\/p>\n<\/li>\n<li class=\"\" data-start=\"389\" data-end=\"435\">\n<p class=\"\" data-start=\"391\" data-end=\"435\">\u2728 <strong data-start=\"393\" data-end=\"403\">Design<\/strong> : Modern und Premium-Finish<\/p>\n<\/li>\n<li class=\"\" data-start=\"436\" data-end=\"489\">\n<p class=\"\" data-start=\"438\" data-end=\"489\">\u2705 <strong data-start=\"440\" data-end=\"455\">Verwendung<\/strong> : Automatisches Ziehen, ohne Knopfdruck<\/p>\n<\/li>\n<\/ul>","protected":false},"excerpt":{"rendered":"<p>PUFF - SMOKAH - 10000 - GRAPE LEMONADE<\/p>","protected":false},"featured_media":5361,"comment_status":"open","ping_status":"closed","template":"","meta":{"om_disable_all_campaigns":false,"_monsterinsights_skip_tracking":false,"_monsterinsights_sitenote_active":false,"_monsterinsights_sitenote_note":"","_monsterinsights_sitenote_category":0,"jetpack_publicize_message":"","jetpack_publicize_feature_enabled":true,"jetpack_social_post_already_shared":true,"jetpack_social_options":{"image_generator_settings":{"template":"highway","enabled":false},"version":2}},"product_brand":[],"product_cat":[74,82,75],"product_tag":[],"class_list":{"0":"post-5348","1":"product","2":"type-product","3":"status-publish","4":"has-post-thumbnail","6":"product_cat-best-seller","7":"product_cat-puff-novembre","8":"product_cat-smokah-10k","10":"first","11":"instock","12":"sale","13":"shipping-taxable","14":"purchasable","15":"product-type-simple"},"jetpack_publicize_connections":[],"aioseo_notices":[],"jetpack_sharing_enabled":true,"_links":{"self":[{"href":"https:\/\/swiss-hookah.ch\/de\/wp-json\/wp\/v2\/product\/5348","targetHints":{"allow":["GET"]}}],"collection":[{"href":"https:\/\/swiss-hookah.ch\/de\/wp-json\/wp\/v2\/product"}],"about":[{"href":"https:\/\/swiss-hookah.ch\/de\/wp-json\/wp\/v2\/types\/product"}],"replies":[{"embeddable":true,"href":"https:\/\/swiss-hookah.ch\/de\/wp-json\/wp\/v2\/comments?post=5348"}],"wp:featuredmedia":[{"embeddable":true,"href":"https:\/\/swiss-hookah.ch\/de\/wp-json\/wp\/v2\/media\/5361"}],"wp:attachment":[{"href":"https:\/\/swiss-hookah.ch\/de\/wp-json\/wp\/v2\/media?parent=5348"}],"wp:term":[{"taxonomy":"product_brand","embeddable":true,"href":"https:\/\/swiss-hookah.ch\/de\/wp-json\/wp\/v2\/product_brand?post=5348"},{"taxonomy":"product_cat","embeddable":true,"href":"https:\/\/swiss-hookah.ch\/de\/wp-json\/wp\/v2\/product_cat?post=5348"},{"taxonomy":"product_tag","embeddable":true,"href":"https:\/\/swiss-hookah.ch\/de\/wp-json\/wp\/v2\/product_tag?post=5348"}],"curies":[{"name":"wp","href":"https:\/\/api.w.org\/{rel}","templated":true}]}}