{"id":5345,"date":"2025-05-13T15:04:23","date_gmt":"2025-05-13T13:04:23","guid":{"rendered":"https:\/\/swiss-hookah.ch\/?post_type=product&#038;p=5345"},"modified":"2026-03-18T18:18:05","modified_gmt":"2026-03-18T17:18:05","slug":"water10k","status":"publish","type":"product","link":"https:\/\/swiss-hookah.ch\/de\/product\/water10k\/","title":{"rendered":"PUFF - SMOKAH - 10000 - WATERMELON ICE"},"content":{"rendered":"<h3 class=\"\" data-start=\"96\" data-end=\"143\"><strong data-start=\"100\" data-end=\"141\">Smokah Puff 10K - Watermelon Ice<\/strong><\/h3>\n<p class=\"\" data-start=\"144\" data-end=\"195\">Ein frischer, s\u00fc\u00dfer Hauch, perfekt f\u00fcr den Sommer.<\/p>\n<p class=\"\" data-start=\"107\" data-end=\"153\"><strong>Enger Zug (klassischer Puff) mit 2 Modi (Eco und Boost) <\/strong><\/p>\n<ul data-start=\"197\" data-end=\"550\">\n<li class=\"\" data-start=\"197\" data-end=\"249\">\n<p class=\"\" data-start=\"199\" data-end=\"249\">\ud83c\udf49 <strong data-start=\"202\" data-end=\"212\">Geschmack<\/strong> : Saftige Wassermelone &amp; eiskalte Minze<\/p>\n<\/li>\n<li class=\"\" data-start=\"250\" data-end=\"285\">\n<p class=\"\" data-start=\"252\" data-end=\"285\">\ud83c\udf2c\ufe0f <strong data-start=\"256\" data-end=\"283\">Bis zu 10.000 Z\u00fcge<\/strong><\/p>\n<\/li>\n<li class=\"\" data-start=\"286\" data-end=\"327\">\n<p class=\"\" data-start=\"288\" data-end=\"327\">\ud83d\udca7 <strong data-start=\"291\" data-end=\"305\">Inhalt<\/strong> : 10 ml e-Liquid<\/p>\n<\/li>\n<li class=\"\" data-start=\"328\" data-end=\"376\">\n<p class=\"\" data-start=\"330\" data-end=\"376\">\ud83d\udd0b <strong data-start=\"333\" data-end=\"345\">Akku<\/strong> : Wiederaufladbar, langlebig<\/p>\n<\/li>\n<li class=\"\" data-start=\"377\" data-end=\"440\">\n<p class=\"\" data-start=\"379\" data-end=\"440\">\ud83d\udcf1 <strong data-start=\"382\" data-end=\"399\">Integrierter Bildschirm<\/strong> : Zeigt Batterie + Fl\u00fcssigkeitsstand an<\/p>\n<\/li>\n<li class=\"\" data-start=\"441\" data-end=\"496\">\n<p class=\"\" data-start=\"443\" data-end=\"496\">\u2728 <strong data-start=\"445\" data-end=\"455\">Design<\/strong> : Modern und elegant, Premium-Finish<\/p>\n<\/li>\n<li class=\"\" data-start=\"497\" data-end=\"550\">\n<p class=\"\" data-start=\"499\" data-end=\"550\">\u2705 <strong data-start=\"501\" data-end=\"516\">Verwendung<\/strong> : Automatisches Ziehen, ohne Knopfdruck<\/p>\n<\/li>\n<\/ul>","protected":false},"excerpt":{"rendered":"<p>PUFF - SMOKAH - 10000 - WATERMELON ICE<\/p>","protected":false},"featured_media":5362,"comment_status":"open","ping_status":"closed","template":"","meta":{"om_disable_all_campaigns":false,"_monsterinsights_skip_tracking":false,"_monsterinsights_sitenote_active":false,"_monsterinsights_sitenote_note":"","_monsterinsights_sitenote_category":0,"jetpack_publicize_message":"","jetpack_publicize_feature_enabled":true,"jetpack_social_post_already_shared":true,"jetpack_social_options":{"image_generator_settings":{"template":"highway","enabled":false},"version":2}},"product_brand":[],"product_cat":[74,82,75],"product_tag":[],"class_list":{"0":"post-5345","1":"product","2":"type-product","3":"status-publish","4":"has-post-thumbnail","6":"product_cat-best-seller","7":"product_cat-puff-novembre","8":"product_cat-smokah-10k","10":"first","11":"instock","12":"sale","13":"shipping-taxable","14":"purchasable","15":"product-type-simple"},"jetpack_publicize_connections":[],"aioseo_notices":[],"jetpack_sharing_enabled":true,"_links":{"self":[{"href":"https:\/\/swiss-hookah.ch\/de\/wp-json\/wp\/v2\/product\/5345","targetHints":{"allow":["GET"]}}],"collection":[{"href":"https:\/\/swiss-hookah.ch\/de\/wp-json\/wp\/v2\/product"}],"about":[{"href":"https:\/\/swiss-hookah.ch\/de\/wp-json\/wp\/v2\/types\/product"}],"replies":[{"embeddable":true,"href":"https:\/\/swiss-hookah.ch\/de\/wp-json\/wp\/v2\/comments?post=5345"}],"wp:featuredmedia":[{"embeddable":true,"href":"https:\/\/swiss-hookah.ch\/de\/wp-json\/wp\/v2\/media\/5362"}],"wp:attachment":[{"href":"https:\/\/swiss-hookah.ch\/de\/wp-json\/wp\/v2\/media?parent=5345"}],"wp:term":[{"taxonomy":"product_brand","embeddable":true,"href":"https:\/\/swiss-hookah.ch\/de\/wp-json\/wp\/v2\/product_brand?post=5345"},{"taxonomy":"product_cat","embeddable":true,"href":"https:\/\/swiss-hookah.ch\/de\/wp-json\/wp\/v2\/product_cat?post=5345"},{"taxonomy":"product_tag","embeddable":true,"href":"https:\/\/swiss-hookah.ch\/de\/wp-json\/wp\/v2\/product_tag?post=5345"}],"curies":[{"name":"wp","href":"https:\/\/api.w.org\/{rel}","templated":true}]}}