{"id":5236,"date":"2025-04-05T13:46:05","date_gmt":"2025-04-05T11:46:05","guid":{"rendered":"https:\/\/swiss-hookah.ch\/?post_type=product&#038;p=5236"},"modified":"2025-09-08T10:06:34","modified_gmt":"2025-09-08T08:06:34","slug":"petit-nuage-3","status":"publish","type":"product","link":"https:\/\/swiss-hookah.ch\/de\/product\/petit-nuage-3\/","title":{"rendered":"COUP DE COEUR - KLEINE WOLKE | 60 ML"},"content":{"rendered":"<p>Entdecken Sie Coup de Coeur aus der Reihe Petit Nuage, ein franz\u00f6sisches e-Liquid, das fruchtige Aromen und einen Hauch von Frische harmonisch miteinander verbindet.<\/p>\n<p>Hauptgeschmacksrichtungen:<\/p>\n<p>- Walderdbeere: s\u00fc\u00dfe, duftende S\u00fc\u00dfe.<\/p>\n<p>- Himbeere: s\u00e4uerliche und leckere Noten.<\/p>\n<p>- Brombeere: Reichhaltiger, leicht s\u00fc\u00dflicher Geschmack.<\/p>\n<p>- Schwarze Johannisbeere: intensives, fruchtiges Aroma<\/p>\n<p>- Frische: erfrischendes Gef\u00fchl am Ende des Dampfen.<\/p>\n<p>Technische Daten :<\/p>\n<p>- PG\/VG-Zusammensetzung: 50\/50, bietet ein perfektes Gleichgewicht zwischen Geschmackswiedergabe und Dampfproduktion.<\/p>\n<p>- Inhalt: Erh\u00e4ltlich in 10-ml-Flaschen mit verschiedenen Nikotinst\u00e4rken (0, 3, 6, 11, 16 mg\/ml) und im 60-ml-Format ohne Nikotin, \u00fcberdotiert mit Aromen f\u00fcr die m\u00f6gliche Zugabe von Boostern.<\/p>\n<p>- Herkunft: Hergestellt in Frankreich.<\/p>","protected":false},"excerpt":{"rendered":"<p>POLARE HEIDELBEERE - KLEINE WOLKE | 60 ML<\/p>","protected":false},"featured_media":5246,"comment_status":"open","ping_status":"closed","template":"","meta":{"om_disable_all_campaigns":false,"_monsterinsights_skip_tracking":false,"_monsterinsights_sitenote_active":false,"_monsterinsights_sitenote_note":"","_monsterinsights_sitenote_category":0,"jetpack_publicize_message":"","jetpack_publicize_feature_enabled":true,"jetpack_social_post_already_shared":false,"jetpack_social_options":{"image_generator_settings":{"template":"highway","enabled":false},"version":2}},"product_brand":[],"product_cat":[74,53],"product_tag":[],"class_list":{"0":"post-5236","1":"product","2":"type-product","3":"status-publish","4":"has-post-thumbnail","6":"product_cat-best-seller","7":"product_cat-e-liquids","9":"first","10":"outofstock","11":"shipping-taxable","12":"purchasable","13":"product-type-variable"},"jetpack_publicize_connections":[],"aioseo_notices":[],"jetpack_sharing_enabled":true,"_links":{"self":[{"href":"https:\/\/swiss-hookah.ch\/de\/wp-json\/wp\/v2\/product\/5236","targetHints":{"allow":["GET"]}}],"collection":[{"href":"https:\/\/swiss-hookah.ch\/de\/wp-json\/wp\/v2\/product"}],"about":[{"href":"https:\/\/swiss-hookah.ch\/de\/wp-json\/wp\/v2\/types\/product"}],"replies":[{"embeddable":true,"href":"https:\/\/swiss-hookah.ch\/de\/wp-json\/wp\/v2\/comments?post=5236"}],"wp:featuredmedia":[{"embeddable":true,"href":"https:\/\/swiss-hookah.ch\/de\/wp-json\/wp\/v2\/media\/5246"}],"wp:attachment":[{"href":"https:\/\/swiss-hookah.ch\/de\/wp-json\/wp\/v2\/media?parent=5236"}],"wp:term":[{"taxonomy":"product_brand","embeddable":true,"href":"https:\/\/swiss-hookah.ch\/de\/wp-json\/wp\/v2\/product_brand?post=5236"},{"taxonomy":"product_cat","embeddable":true,"href":"https:\/\/swiss-hookah.ch\/de\/wp-json\/wp\/v2\/product_cat?post=5236"},{"taxonomy":"product_tag","embeddable":true,"href":"https:\/\/swiss-hookah.ch\/de\/wp-json\/wp\/v2\/product_tag?post=5236"}],"curies":[{"name":"wp","href":"https:\/\/api.w.org\/{rel}","templated":true}]}}