{"id":5227,"date":"2025-04-05T13:41:38","date_gmt":"2025-04-05T11:41:38","guid":{"rendered":"https:\/\/swiss-hookah.ch\/?post_type=product&#038;p=5227"},"modified":"2025-12-16T22:29:05","modified_gmt":"2025-12-16T21:29:05","slug":"bloody-2","status":"publish","type":"product","link":"https:\/\/swiss-hookah.ch\/de\/product\/bloody-2\/","title":{"rendered":"LADY SHIGERI - FIGHTER FUEL BY MAISON FUEL | 100 ML IN 120 ML"},"content":{"rendered":"<p>Entdecken Sie Lady Shigeri aus der Reihe Fighter Fuel von Maison Fuel, ein franz\u00f6sisches e-Liquid, das eine harmonische Kombination aus fruchtigen und erfrischenden Aromen bietet.<\/p>\n<p>Hauptgeschmacksrichtungen:<\/p>\n<p>- Erdbeere: s\u00fc\u00df und saftig.<\/p>\n<p>- Granatapfel: Tiefe und reiche Noten.<\/p>\n<p>- Wassermelone: Durstl\u00f6schender und erfrischender Touch.<\/p>\n<p>Technische Daten :<\/p>\n<p>- PG\/VG-Zusammensetzung: 30\/70, f\u00f6rdert eine dichte Dampfproduktion und gibt gleichzeitig die Aromen originalgetreu wieder.<\/p>\n<p>- Inhalt: 100 ml mit Aromen \u00fcberdosierte e-Fl\u00fcssigkeit in einer 120-ml-Flasche, die die Zugabe von Nikotinboostern nach Bedarf erm\u00f6glicht.<\/p>\n<p>- Nikotin: nikotinfrei (0 mg\/ml); M\u00f6glichkeit, Booster hinzuzuf\u00fcgen, um die gew\u00fcnschte Rate zu erreichen.<\/p>\n<p>Lassen Sie sich von diesem fruchtig-frischen Rezept verf\u00fchren, das ideal f\u00fcr das t\u00e4gliche Dampfen voller Geschmack ist.<\/p>\n<p><span class=\"badge badge-default\">100ml <\/span><span class=\"badge badge-default\">30PG | 70GV<\/span>.<\/p>","protected":false},"excerpt":{"rendered":"<p>diverses liquides \u00e0 vape<\/p>","protected":false},"featured_media":5235,"comment_status":"open","ping_status":"closed","template":"","meta":{"om_disable_all_campaigns":false,"_monsterinsights_skip_tracking":false,"_monsterinsights_sitenote_active":false,"_monsterinsights_sitenote_note":"","_monsterinsights_sitenote_category":0,"jetpack_publicize_message":"","jetpack_publicize_feature_enabled":true,"jetpack_social_post_already_shared":false,"jetpack_social_options":{"image_generator_settings":{"template":"highway","enabled":false},"version":2}},"product_brand":[],"product_cat":[74,53,72],"product_tag":[],"class_list":{"0":"post-5227","1":"product","2":"type-product","3":"status-publish","4":"has-post-thumbnail","6":"product_cat-best-seller","7":"product_cat-e-liquids","8":"product_cat-nouveau-vape","10":"first","11":"outofstock","12":"shipping-taxable","13":"purchasable","14":"product-type-variable"},"jetpack_publicize_connections":[],"aioseo_notices":[],"jetpack_sharing_enabled":true,"_links":{"self":[{"href":"https:\/\/swiss-hookah.ch\/de\/wp-json\/wp\/v2\/product\/5227","targetHints":{"allow":["GET"]}}],"collection":[{"href":"https:\/\/swiss-hookah.ch\/de\/wp-json\/wp\/v2\/product"}],"about":[{"href":"https:\/\/swiss-hookah.ch\/de\/wp-json\/wp\/v2\/types\/product"}],"replies":[{"embeddable":true,"href":"https:\/\/swiss-hookah.ch\/de\/wp-json\/wp\/v2\/comments?post=5227"}],"wp:featuredmedia":[{"embeddable":true,"href":"https:\/\/swiss-hookah.ch\/de\/wp-json\/wp\/v2\/media\/5235"}],"wp:attachment":[{"href":"https:\/\/swiss-hookah.ch\/de\/wp-json\/wp\/v2\/media?parent=5227"}],"wp:term":[{"taxonomy":"product_brand","embeddable":true,"href":"https:\/\/swiss-hookah.ch\/de\/wp-json\/wp\/v2\/product_brand?post=5227"},{"taxonomy":"product_cat","embeddable":true,"href":"https:\/\/swiss-hookah.ch\/de\/wp-json\/wp\/v2\/product_cat?post=5227"},{"taxonomy":"product_tag","embeddable":true,"href":"https:\/\/swiss-hookah.ch\/de\/wp-json\/wp\/v2\/product_tag?post=5227"}],"curies":[{"name":"wp","href":"https:\/\/api.w.org\/{rel}","templated":true}]}}