{"id":5218,"date":"2025-04-05T13:38:26","date_gmt":"2025-04-05T11:38:26","guid":{"rendered":"https:\/\/swiss-hookah.ch\/?post_type=product&#038;p=5218"},"modified":"2025-06-18T01:21:39","modified_gmt":"2025-06-17T23:21:39","slug":"bloody-3","status":"publish","type":"product","link":"https:\/\/swiss-hookah.ch\/de\/product\/bloody-3\/","title":{"rendered":"DARK SHIGERI - FIGHTER FUEL BY MAISON FUEL | 100 ML IN 120 ML"},"content":{"rendered":"<p>Entdecken Sie Dark Shigeri aus der Reihe Fighter Fuel von Maison Fuel, ein franz\u00f6sisches e-Liquid, das die S\u00fc\u00dfe der Erdbeere, die Intensit\u00e4t der schwarzen Johannisbeere und die S\u00e4ure des Granatapfels harmonisch miteinander verbindet und durch einen Hauch von Frische verfeinert wird.<\/p>\n<p>Hauptmerkmale :<\/p>\n<p>- Geschmack: Erdbeere, schwarze Johannisbeere, Granatapfel mit einer frischen Note.<\/p>\n<p>- PG\/VG-Zusammensetzung: Erh\u00e4ltlich in 30\/70 und 40\/60, beg\u00fcnstigt eine \u00fcppige Dampfproduktion und gibt gleichzeitig die Aromen originalgetreu wieder.<\/p>\n<p>- Inhalt: Wird in 50-ml- und 100-ml-Flaschen angeboten, die mit Aromen \u00fcberdosiert sind, um die m\u00f6gliche Zugabe von Nikotinboostern zu kompensieren.<\/p>\n<p>- Nikotin: Produkt ohne Nikotin. Es besteht die M\u00f6glichkeit, Booster hinzuzuf\u00fcgen, um die gew\u00fcnschte Rate zu erreichen.<\/p>\n<p>Lassen Sie sich von dieser fruchtigen und erfrischenden Kombination verf\u00fchren, die ideal f\u00fcr das t\u00e4gliche Dampfen voller Geschmack ist.<\/p>\n<p><span class=\"badge badge-default\">100ml <\/span><span class=\"badge badge-default\">30PG | 70GV<\/span>.<\/p>","protected":false},"excerpt":{"rendered":"<p>diverses liquides \u00e0 vape<\/p>","protected":false},"featured_media":5226,"comment_status":"open","ping_status":"closed","template":"","meta":{"om_disable_all_campaigns":false,"_monsterinsights_skip_tracking":false,"_monsterinsights_sitenote_active":false,"_monsterinsights_sitenote_note":"","_monsterinsights_sitenote_category":0,"jetpack_publicize_message":"","jetpack_publicize_feature_enabled":true,"jetpack_social_post_already_shared":false,"jetpack_social_options":{"image_generator_settings":{"template":"highway","enabled":false},"version":2}},"product_brand":[],"product_cat":[74,53,72],"product_tag":[],"class_list":{"0":"post-5218","1":"product","2":"type-product","3":"status-publish","4":"has-post-thumbnail","6":"product_cat-best-seller","7":"product_cat-e-liquids","8":"product_cat-nouveau-vape","10":"first","11":"instock","12":"shipping-taxable","13":"purchasable","14":"product-type-variable"},"jetpack_publicize_connections":[],"aioseo_notices":[],"jetpack_sharing_enabled":true,"_links":{"self":[{"href":"https:\/\/swiss-hookah.ch\/de\/wp-json\/wp\/v2\/product\/5218","targetHints":{"allow":["GET"]}}],"collection":[{"href":"https:\/\/swiss-hookah.ch\/de\/wp-json\/wp\/v2\/product"}],"about":[{"href":"https:\/\/swiss-hookah.ch\/de\/wp-json\/wp\/v2\/types\/product"}],"replies":[{"embeddable":true,"href":"https:\/\/swiss-hookah.ch\/de\/wp-json\/wp\/v2\/comments?post=5218"}],"wp:featuredmedia":[{"embeddable":true,"href":"https:\/\/swiss-hookah.ch\/de\/wp-json\/wp\/v2\/media\/5226"}],"wp:attachment":[{"href":"https:\/\/swiss-hookah.ch\/de\/wp-json\/wp\/v2\/media?parent=5218"}],"wp:term":[{"taxonomy":"product_brand","embeddable":true,"href":"https:\/\/swiss-hookah.ch\/de\/wp-json\/wp\/v2\/product_brand?post=5218"},{"taxonomy":"product_cat","embeddable":true,"href":"https:\/\/swiss-hookah.ch\/de\/wp-json\/wp\/v2\/product_cat?post=5218"},{"taxonomy":"product_tag","embeddable":true,"href":"https:\/\/swiss-hookah.ch\/de\/wp-json\/wp\/v2\/product_tag?post=5218"}],"curies":[{"name":"wp","href":"https:\/\/api.w.org\/{rel}","templated":true}]}}