{"id":4409,"date":"2024-09-26T01:46:04","date_gmt":"2024-09-25T23:46:04","guid":{"rendered":"https:\/\/swiss-hookah.ch\/?post_type=product&#038;p=4409"},"modified":"2025-11-18T15:10:32","modified_gmt":"2025-11-18T14:10:32","slug":"klypse","status":"publish","type":"product","link":"https:\/\/swiss-hookah.ch\/de\/product\/klypse\/","title":{"rendered":"KIT POD KLYPSE - INNOKIN"},"content":{"rendered":"<p>Die <strong>Diskretion<\/strong> ist das Schl\u00fcsselwort dieses Klypse-Podmods, seine einfache Bedienung und sein kleines Format werden die <strong>Anf\u00e4nger<\/strong>Die meisten Dampfer und Dampferinnen, die nach einem Pod suchen, der \u00fcberall hin passt.<\/p>\n<p>Das Klypse in Innokin bietet einen<strong> automatischer Abzug MTL<\/strong> Sie k\u00f6nnen sich auf einen vollen Geschmack freuen, w\u00e4hrend Sie dank des Mesh-Widerstands von <strong>0,80 Ohm<\/strong> integriert in seine Patrone von <strong>2 ml<\/strong>. Sein interner 700-mah-Akku l\u00e4sst sich in weniger als einer Stunde \u00fcber USB-C vollst\u00e4ndig aufladen.<\/p>\n<p>Das nette Extra des Klypse Innokin Pods kommt vom <strong>Magnetkappe<\/strong> sch\u00fctzt das Drip Tip vor Staub und anderen Verschmutzungen, die sich darin festsetzen k\u00f6nnten. Neben der praktischen Seite verleiht die Kappe nach dem \"Klypsen\" dem Pod einen stealthy Look, so dass man nicht mehr sagen kann, dass es sich um eine E-Zigarette handelt.<\/p>\n<section class=\"elementor-element elementor-element-eyfkatf elementor-section-boxed elementor-section-height-default elementor-section-height-default elementor-section elementor-top-section\" data-id=\"eyfkatf\" data-element_type=\"section\">\n<div class=\"elementor-container elementor-column-gap-default\">\n<div class=\"elementor-row\">\n<div class=\"elementor-element elementor-element-paeyyut elementor-column elementor-col-100 elementor-top-column\" data-id=\"paeyyut\" data-element_type=\"column\">\n<div class=\"elementor-column-wrap elementor-element-populated\">\n<div class=\"elementor-widget-wrap\">\n<div class=\"elementor-element elementor-element-agfkdvm elementor-widget elementor-widget-text-editor\" data-id=\"agfkdvm\" data-element_type=\"text-editor.default\">\n<div class=\"elementor-widget-container\">\n<div class=\"elementor-text-editor elementor-clearfix\">\n<h2>INNOKINS KLYPSE, EIN PODMOD F\u00dcR DAMPFENDE GEHEIMAGENTEN<\/h2>\n<\/div>\n<\/div>\n<\/div>\n<\/div>\n<\/div>\n<\/div>\n<\/div>\n<\/div>\n<\/section>\n<section class=\"elementor-element elementor-element-kmlnjsl elementor-section-boxed elementor-section-height-default elementor-section-height-default elementor-section elementor-top-section\" data-id=\"kmlnjsl\" data-element_type=\"section\">\n<div class=\"elementor-container elementor-column-gap-default\">\n<div class=\"elementor-row\">\n<div class=\"elementor-element elementor-element-zgafvco elementor-column elementor-col-100 elementor-top-column\" data-id=\"zgafvco\" data-element_type=\"column\">\n<div class=\"elementor-column-wrap elementor-element-populated\">\n<div class=\"elementor-widget-wrap\">\n<div class=\"elementor-element elementor-element-dmemuzk elementor-widget elementor-widget-image\" data-id=\"dmemuzk\" data-element_type=\"image.default\">\n<div class=\"elementor-widget-container\">\n<div class=\"elementor-image\"><img decoding=\"async\" src=\"https:\/\/www.freevap.ch\/img\/cms\/Pod%20Klypse%20-%20Innokin\/podklypse-main-v2.jpg\" alt=\"Pod Klypse 2 coloris Innokin\" \/><\/div>\n<\/div>\n<\/div>\n<\/div>\n<\/div>\n<\/div>\n<\/div>\n<\/div>\n<\/section>\n<section class=\"elementor-element elementor-element-eiefilr elementor-section-boxed elementor-section-height-default elementor-section-height-default elementor-section elementor-top-section\" data-id=\"eiefilr\" data-element_type=\"section\">\n<div class=\"elementor-container elementor-column-gap-default\">\n<div class=\"elementor-row\">\n<div class=\"elementor-element elementor-element-kogxznq elementor-column elementor-col-100 elementor-top-column\" data-id=\"kogxznq\" data-element_type=\"column\">\n<div class=\"elementor-column-wrap elementor-element-populated\">\n<div class=\"elementor-widget-wrap\">\n<div class=\"elementor-element elementor-element-ftzblsn elementor-widget elementor-widget-text-editor\" data-id=\"ftzblsn\" data-element_type=\"text-editor.default\">\n<div class=\"elementor-widget-container\">\n<div class=\"elementor-text-editor elementor-clearfix\">\n<p>Keine Sorge, Sie m\u00fcssen kein Mitglied des MI6 oder des KGB sein, um Zugang zu diesem kleinen Juwel des Herstellers zu erhalten.\u00a0<a href=\"https:\/\/www.freevap.ch\/fr\/manufacturer\/innokin.html\">Innokin<\/a>. Mit der magnetischen Kappe k\u00f6nnen Ihre Freunde und Verwandten nicht erkennen, dass Sie eine E-Zigarette in der Hand halten, und gleichzeitig h\u00e4lt die Kappe Ihr Drip Tip gesund und vor \u00e4u\u00dferen Einfl\u00fcssen gesch\u00fctzt. W\u00e4hrend des Gebrauchs k\u00f6nnen Sie die Kappe einfach auf die Basis Ihres Pods klipsen, um zu verhindern, dass sie verloren geht. Der Pod ist klein, passt \u00fcberall hin und liegt dank seines Aluminiumdesigns mit abgerundeten Kanten angenehm und leicht in der Hand. Der Pod hat keine Kn\u00f6pfe und ist mit einem Auto-Draw ausgestattet, was ihn noch benutzerfreundlicher und schlanker macht.<\/p>\n<p>&nbsp;<\/p>\n<\/div>\n<\/div>\n<\/div>\n<\/div>\n<\/div>\n<\/div>\n<\/div>\n<\/div>\n<\/section>\n<section class=\"elementor-element elementor-element-ebdprms elementor-section-boxed elementor-section-height-default elementor-section-height-default elementor-section elementor-top-section\" data-id=\"ebdprms\" data-element_type=\"section\">\n<div class=\"elementor-container elementor-column-gap-default\">\n<div class=\"elementor-row\">\n<div class=\"elementor-element elementor-element-vgiuyed elementor-column elementor-col-100 elementor-top-column\" data-id=\"vgiuyed\" data-element_type=\"column\">\n<div class=\"elementor-column-wrap elementor-element-populated\">\n<div class=\"elementor-widget-wrap\">\n<div class=\"elementor-element elementor-element-fldkzid elementor-widget elementor-widget-image\" data-id=\"fldkzid\" data-element_type=\"image.default\">\n<div class=\"elementor-widget-container\">\n<div class=\"elementor-image\"><img decoding=\"async\" src=\"https:\/\/www.freevap.ch\/img\/cms\/Pod%20Klypse%20-%20Innokin\/klypse-capuchon-v2.jpg\" alt=\"Capuchon magn\u00e9tique pour pod Klypse Innokin\" \/><\/div>\n<\/div>\n<\/div>\n<\/div>\n<\/div>\n<\/div>\n<\/div>\n<\/div>\n<\/section>\n<section class=\"elementor-element elementor-element-slmnxbv elementor-section-boxed elementor-section-height-default elementor-section-height-default elementor-section elementor-top-section\" data-id=\"slmnxbv\" data-element_type=\"section\">\n<div class=\"elementor-container elementor-column-gap-default\">\n<div class=\"elementor-row\">\n<div class=\"elementor-element elementor-element-iplxmay elementor-column elementor-col-100 elementor-top-column\" data-id=\"iplxmay\" data-element_type=\"column\">\n<div class=\"elementor-column-wrap elementor-element-populated\">\n<div class=\"elementor-widget-wrap\">\n<div class=\"elementor-element elementor-element-wokllug elementor-widget elementor-widget-text-editor\" data-id=\"wokllug\" data-element_type=\"text-editor.default\">\n<div class=\"elementor-widget-container\">\n<div class=\"elementor-text-editor elementor-clearfix\">\n<h3>DER POD KLYPSE INNOKIN F\u00dcR EINE WARME MTL-ZIEHUNG<\/h3>\n<p>Der Innokin Klypse Pod bietet einen schmackhaften MTL-Zug f\u00fcr einen runden, warmen Dampf dank des 0,80 Ohm Mesh-Widerstands, der direkt in die Kartusche eingebaut ist. Der Klypse Pod wird Ihre Lieblings-E-Liquids mit einem befriedigenden, geschmackvollen Dampf verfeinern.<\/p>\n<h3>INNOKINS KLYPSE, 700 MAH PURES VERGN\u00dcGEN<\/h3>\n<p>Der Innokin Klypse Pod verf\u00fcgt \u00fcber einen internen 700-mah-Akku, der in weniger als einer Stunde \u00fcber das USB-C-Kabel (5V\/1A) vollst\u00e4ndig aufgeladen ist. Diese Akkulaufzeit erm\u00f6glicht es Anf\u00e4ngern, den ganzen Tag \u00fcber zu dampfen, und Enthusiasten, einen kleinen, diskreten Backup-Pod zu haben, der ihr anf\u00e4ngliches Setup erg\u00e4nzt.<\/p>\n<\/div>\n<\/div>\n<\/div>\n<\/div>\n<\/div>\n<\/div>\n<\/div>\n<\/div>\n<\/section>\n<section class=\"elementor-element elementor-element-rasibff elementor-section-boxed elementor-section-height-default elementor-section-height-default elementor-section elementor-top-section\" data-id=\"rasibff\" data-element_type=\"section\">\n<div class=\"elementor-container elementor-column-gap-default\">\n<div class=\"elementor-row\">\n<div class=\"elementor-element elementor-element-nviokot elementor-column elementor-col-100 elementor-top-column\" data-id=\"nviokot\" data-element_type=\"column\">\n<div class=\"elementor-column-wrap elementor-element-populated\">\n<div class=\"elementor-widget-wrap\">\n<div class=\"elementor-element elementor-element-vqzxndx elementor-widget elementor-widget-image\" data-id=\"vqzxndx\" data-element_type=\"image.default\">\n<div class=\"elementor-widget-container\">\n<div class=\"elementor-image\"><img decoding=\"async\" src=\"https:\/\/www.freevap.ch\/img\/cms\/Pod%20Klypse%20-%20Innokin\/klypse-charge-v2.jpg\" alt=\"Recharge rapide cable usb-c pod Klypse Innokin\" \/><\/div>\n<\/div>\n<\/div>\n<\/div>\n<\/div>\n<\/div>\n<\/div>\n<\/div>\n<\/section>\n<section class=\"elementor-element elementor-element-xatlaif elementor-section-boxed elementor-section-height-default elementor-section-height-default elementor-section elementor-top-section\" data-id=\"xatlaif\" data-element_type=\"section\">\n<div class=\"elementor-container elementor-column-gap-default\">\n<div class=\"elementor-row\">\n<div class=\"elementor-element elementor-element-ektooal elementor-column elementor-col-100 elementor-top-column\" data-id=\"ektooal\" data-element_type=\"column\">\n<div class=\"elementor-column-wrap elementor-element-populated\">\n<div class=\"elementor-widget-wrap\">\n<div class=\"elementor-element elementor-element-ibxlmmo elementor-widget elementor-widget-text-editor\" data-id=\"ibxlmmo\" data-element_type=\"text-editor.default\">\n<div class=\"elementor-widget-container\">\n<div class=\"elementor-text-editor elementor-clearfix\">\n<h3>DIE INNOKIN-KLYPSE-PATRONE<\/h3>\n<p>Der Klypse-Pod kommt nicht allein, er kommt in Begleitung seiner\u00a0<a href=\"https:\/\/www.freevap.ch\/fr\/cartouches-pod-vides-refill\/7804-cartouches-klypse-innokin-pack-x3.html\">Klypse-Patrone<\/a>\u00a0mit einem Fassungsverm\u00f6gen von 2 ml und einem integrierten Mesh-Widerstand von 0,80 Ohm, der sich sehr gut f\u00fcr Liquids mit Nikotin- oder CBD-Salzen eignet. Die Kartusche und das Heizelement haben keine regulierbare Airflow und bieten eine mittlere dampferische Erfahrung, die viele Menschen ansprechen wird. Schlie\u00dflich ist die Klypse-Kartusche im Sinne der Umweltverantwortung recycelbar.<\/p>\n<\/div>\n<\/div>\n<\/div>\n<\/div>\n<\/div>\n<\/div>\n<\/div>\n<\/div>\n<\/section>\n<section class=\"elementor-element elementor-element-zbyzzhe elementor-section-boxed elementor-section-height-default elementor-section-height-default elementor-section elementor-top-section\" data-id=\"zbyzzhe\" data-element_type=\"section\">\n<div class=\"elementor-container elementor-column-gap-default\">\n<div class=\"elementor-row\">\n<div class=\"elementor-element elementor-element-tiyrbou elementor-column elementor-col-100 elementor-top-column\" data-id=\"tiyrbou\" data-element_type=\"column\">\n<div class=\"elementor-column-wrap elementor-element-populated\">\n<div class=\"elementor-widget-wrap\">\n<div class=\"elementor-element elementor-element-guyhkht elementor-widget elementor-widget-image\" data-id=\"guyhkht\" data-element_type=\"image.default\">\n<div class=\"elementor-widget-container\">\n<div class=\"elementor-image\"><img decoding=\"async\" src=\"https:\/\/www.freevap.ch\/img\/cms\/Pod%20Klypse%20-%20Innokin\/klypse-cartouche-v2.jpg\" alt=\"Cartouche recyclable pour pod Klyspe Innokin \" \/><\/div>\n<\/div>\n<\/div>\n<\/div>\n<\/div>\n<\/div>\n<\/div>\n<\/div>\n<\/section>\n<section class=\"elementor-element elementor-element-lbvyobv elementor-section-boxed elementor-section-height-default elementor-section-height-default elementor-section elementor-top-section\" data-id=\"lbvyobv\" data-element_type=\"section\">\n<div class=\"elementor-container elementor-column-gap-default\">\n<div class=\"elementor-row\">\n<div class=\"elementor-element elementor-element-cnvnept elementor-column elementor-col-100 elementor-top-column\" data-id=\"cnvnept\" data-element_type=\"column\">\n<div class=\"elementor-column-wrap elementor-element-populated\">\n<div class=\"elementor-widget-wrap\">\n<div class=\"elementor-element elementor-element-nuvbguc elementor-widget elementor-widget-text-editor\" data-id=\"nuvbguc\" data-element_type=\"text-editor.default\">\n<div class=\"elementor-widget-container\">\n<div class=\"elementor-text-editor elementor-clearfix\">\n<h4>DER INNOKIN KLYPSE POD WIRD GELIEFERT MIT :<\/h4>\n<p>- 1 Klypse-Pod<\/p>\n<p>- 1 Patrone mit 2 ml<\/p>\n<p>- 1 magnetische Kappe<\/p>\n<p>- 1 USB-C-Kabel<\/p>\n<p>- 1 Gebrauchsanweisung<\/p>\n<\/div>\n<\/div>\n<\/div>\n<\/div>\n<\/div>\n<\/div>\n<\/div>\n<\/div>\n<\/section>\n<p>&nbsp;<\/p>\n<p>&nbsp;<\/p>\n<p>&nbsp;<\/p>","protected":false},"excerpt":{"rendered":"<p>verschiedene Vapen, Pods<\/p>","protected":false},"featured_media":4412,"comment_status":"open","ping_status":"closed","template":"","meta":{"om_disable_all_campaigns":false,"_monsterinsights_skip_tracking":false,"_monsterinsights_sitenote_active":false,"_monsterinsights_sitenote_note":"","_monsterinsights_sitenote_category":0,"jetpack_publicize_message":"","jetpack_publicize_feature_enabled":true,"jetpack_social_post_already_shared":true,"jetpack_social_options":{"image_generator_settings":{"template":"highway","enabled":false},"version":2}},"product_brand":[],"product_cat":[56],"product_tag":[],"class_list":{"0":"post-4409","1":"product","2":"type-product","3":"status-publish","4":"has-post-thumbnail","6":"product_cat-vape","8":"first","9":"instock","10":"shipping-taxable","11":"purchasable","12":"product-type-variable"},"jetpack_publicize_connections":[],"aioseo_notices":[],"jetpack_sharing_enabled":true,"_links":{"self":[{"href":"https:\/\/swiss-hookah.ch\/de\/wp-json\/wp\/v2\/product\/4409","targetHints":{"allow":["GET"]}}],"collection":[{"href":"https:\/\/swiss-hookah.ch\/de\/wp-json\/wp\/v2\/product"}],"about":[{"href":"https:\/\/swiss-hookah.ch\/de\/wp-json\/wp\/v2\/types\/product"}],"replies":[{"embeddable":true,"href":"https:\/\/swiss-hookah.ch\/de\/wp-json\/wp\/v2\/comments?post=4409"}],"wp:featuredmedia":[{"embeddable":true,"href":"https:\/\/swiss-hookah.ch\/de\/wp-json\/wp\/v2\/media\/4412"}],"wp:attachment":[{"href":"https:\/\/swiss-hookah.ch\/de\/wp-json\/wp\/v2\/media?parent=4409"}],"wp:term":[{"taxonomy":"product_brand","embeddable":true,"href":"https:\/\/swiss-hookah.ch\/de\/wp-json\/wp\/v2\/product_brand?post=4409"},{"taxonomy":"product_cat","embeddable":true,"href":"https:\/\/swiss-hookah.ch\/de\/wp-json\/wp\/v2\/product_cat?post=4409"},{"taxonomy":"product_tag","embeddable":true,"href":"https:\/\/swiss-hookah.ch\/de\/wp-json\/wp\/v2\/product_tag?post=4409"}],"curies":[{"name":"wp","href":"https:\/\/api.w.org\/{rel}","templated":true}]}}