{"id":4405,"date":"2024-09-26T01:40:49","date_gmt":"2024-09-25T23:40:49","guid":{"rendered":"https:\/\/swiss-hookah.ch\/?post_type=product&#038;p=4405"},"modified":"2025-06-22T14:22:11","modified_gmt":"2025-06-22T12:22:11","slug":"cargalaxy","status":"publish","type":"product","link":"https:\/\/swiss-hookah.ch\/de\/product\/cargalaxy\/","title":{"rendered":"DORIC GALAXY PATRONEN - VOOPOO | X2 PACK"},"content":{"rendered":"<h2>DORIC GALAXY PATRONEN VON VOOPOO<\/h2>\n<p>Die Doric Galaxy-Patronen, in <strong>PCTG<\/strong>Sie sind widerstandsf\u00e4hig und verf\u00fcgen \u00fcber eine <strong>Auslaufschutz<\/strong>. Kann bis zu <strong>2 ml<\/strong> an E-Liquid, diese Patronen passen ganz einfach in Ihre Doric Galaxy oder Doric Galaxy S1 Kits.<\/p>\n<p>Die Doric Galaxy-Patronen sind mit allen Pods der Galaxy-Reihe von Voopoo kompatibel. Sie finden sie in der Liste der Zusatzprodukte unten auf der Seite.<\/p>\n<p><strong>Patronen werden im Zweierpack verkauft.<\/strong><\/p>\n<h3>DIE VERSCHIEDENEN MODELLE DER DORIC GALAXY-PATRONEN<\/h3>\n<p>Voopoo bietet uns zwei Versionen der Doric Galaxy Patrone an, um allen Bed\u00fcrfnissen gerecht zu werden. Sie haben die M\u00f6glichkeit, zwischen einem engen Dampfen und einem st\u00e4rkeren Hit in der Kehle oder einem fl\u00fcssigeren halb-luftgetragenen Dampfen, das mit niedrigeren Nikotinwerten kompatibel ist, zu w\u00e4hlen. Egal, ob Sie Anf\u00e4nger sind oder nicht, Sie werden einen Schuh f\u00fcr Ihren Fu\u00df finden. Bei jedem dieser Modelle haben Sie au\u00dferdem die Wahl zwischen einem Filter-Drip-Tip oder einem Delrin-Drip-Tip.<\/p>\n<ul>\n<li><strong>Patrone Doric Galaxy 0.7 Ohm :<\/strong>\u00a0RDL-Zug - PG\/VG-Verh\u00e4ltnisse von 50\/50 bis 40\/60 - empfohlene Nikotinst\u00e4rken bis zu 6 mg\/ml.<\/li>\n<li><strong>Patrone Doric Galaxy 1.2 Ohm :<\/strong>\u00a0MTL-Ziehung - PG\/VG-Verh\u00e4ltnisse von 70\/30 bis 50\/50 - empfohlene Nikotinst\u00e4rken bis zu 20 mg\/ml<\/li>\n<li>\n<div class=\"product_accordion__item\">\n<div id=\"description\" class=\"collapse show product_accordion__item__content\" aria-labelledby=\"heading_description\" data-parent=\"#product_accordion\">\n<div class=\"product-description\">\n<h3>ERSATZ DER DORIC GALAXY-KARTUSCHE<\/h3>\n<p><img decoding=\"async\" src=\"https:\/\/www.freevap.ch\/img\/cms\/Remplissage%20et%20remplacement\/Changement%20pod.png\" alt=\"Remplacement de la cartouche\" width=\"80%\" \/><\/p>\n<ul>\n<li>Entfernen Sie die verbrauchte Patrone (Magnetsystem).<\/li>\n<li>Setzen Sie eine neue Patrone ein.<\/li>\n<li><strong>Achtung :<\/strong> wenn der Widerstand neu ist, z\u00fcnden Sie ihn, indem Sie ihn vor dem Dampfen 10 Minuten lang mit E-Fl\u00fcssigkeit vollsaugen lassen.<\/li>\n<\/ul>\n<p>&nbsp;<\/p>\n<p><strong>Die Widerst\u00e4nde werden je nach Nutzung etwa alle zwei Wochen ausgetauscht. Sobald Sie einen verbrannten Geschmack oder einen Geschmacksverlust bemerken, ist Ihr Widerstand defekt.<\/strong><\/p>\n<\/div>\n<\/div>\n<\/div>\n<div class=\"product_accordion__item\">\n<div id=\"heading_product-details\" class=\"h3 mb-0 product_accordion__item__title\"><\/div>\n<\/div>\n<\/li>\n<\/ul>\n<h3><\/h3>\n<p>&nbsp;<\/p>\n<p>&nbsp;<\/p>","protected":false},"excerpt":{"rendered":"<p>DORIC GALAXY PATRONEN - VOOPOO | X2 PACK<\/p>","protected":false},"featured_media":4408,"comment_status":"open","ping_status":"closed","template":"","meta":{"om_disable_all_campaigns":false,"_monsterinsights_skip_tracking":false,"_monsterinsights_sitenote_active":false,"_monsterinsights_sitenote_note":"","_monsterinsights_sitenote_category":0,"jetpack_publicize_message":"","jetpack_publicize_feature_enabled":true,"jetpack_social_post_already_shared":true,"jetpack_social_options":{"image_generator_settings":{"template":"highway","enabled":false},"version":2}},"product_brand":[],"product_cat":[78],"product_tag":[],"class_list":{"0":"post-4405","1":"product","2":"type-product","3":"status-publish","4":"has-post-thumbnail","6":"product_cat-resis","8":"first","9":"instock","10":"shipping-taxable","11":"purchasable","12":"product-type-variable"},"jetpack_publicize_connections":[],"aioseo_notices":[],"jetpack_sharing_enabled":true,"_links":{"self":[{"href":"https:\/\/swiss-hookah.ch\/de\/wp-json\/wp\/v2\/product\/4405","targetHints":{"allow":["GET"]}}],"collection":[{"href":"https:\/\/swiss-hookah.ch\/de\/wp-json\/wp\/v2\/product"}],"about":[{"href":"https:\/\/swiss-hookah.ch\/de\/wp-json\/wp\/v2\/types\/product"}],"replies":[{"embeddable":true,"href":"https:\/\/swiss-hookah.ch\/de\/wp-json\/wp\/v2\/comments?post=4405"}],"wp:featuredmedia":[{"embeddable":true,"href":"https:\/\/swiss-hookah.ch\/de\/wp-json\/wp\/v2\/media\/4408"}],"wp:attachment":[{"href":"https:\/\/swiss-hookah.ch\/de\/wp-json\/wp\/v2\/media?parent=4405"}],"wp:term":[{"taxonomy":"product_brand","embeddable":true,"href":"https:\/\/swiss-hookah.ch\/de\/wp-json\/wp\/v2\/product_brand?post=4405"},{"taxonomy":"product_cat","embeddable":true,"href":"https:\/\/swiss-hookah.ch\/de\/wp-json\/wp\/v2\/product_cat?post=4405"},{"taxonomy":"product_tag","embeddable":true,"href":"https:\/\/swiss-hookah.ch\/de\/wp-json\/wp\/v2\/product_tag?post=4405"}],"curies":[{"name":"wp","href":"https:\/\/api.w.org\/{rel}","templated":true}]}}