{"id":4401,"date":"2024-09-26T01:35:10","date_gmt":"2024-09-25T23:35:10","guid":{"rendered":"https:\/\/swiss-hookah.ch\/?post_type=product&#038;p=4401"},"modified":"2026-02-16T14:24:03","modified_gmt":"2026-02-16T13:24:03","slug":"s1","status":"publish","type":"product","link":"https:\/\/swiss-hookah.ch\/de\/product\/s1\/","title":{"rendered":"KIT POD DORIC GALAXY S1 - VOOPOO"},"content":{"rendered":"<p>Als Liebhaber der Doric-Pod-Serie sollten Sie sich auf die brandneue Version vorbereiten, die\u00a0<strong>Voopoo <\/strong>f\u00fcr Sie zusammengestellt hat! Das Doric Galaxy S1 verk\u00f6rpert die Ergonomie, das Design und die Benutzerfreundlichkeit, f\u00fcr die seine Vorg\u00e4nger bekannt waren, und f\u00fchrt gleichzeitig eine neue \u00c4sthetik und vibrierende, auff\u00e4llige Farben ein.<\/p>\n<p>Dieser ultraleichte und leicht zu transportierende Pod verf\u00fcgt \u00fcber einen eingebauten Akku mit einer Kapazit\u00e4t von <strong>800 mAh<\/strong>, die bis zu <strong>16W<\/strong> an Leistung. Er funktioniert dank eines <strong>Auto-Draw-System<\/strong> ohne Kn\u00f6pfe oder Einstellungen und bietet so ein vereinfachtes Dampferlebnis.<\/p>\n<p>Die Doric Galaxy S1 ist mit Doric Galaxy-Patronen kompatibel, die mit Widerst\u00e4nden von<strong> 0.7 Ohm<\/strong> (RDL) oder von<strong> 1.2 Ohm<\/strong> (MTL). So haben Sie die M\u00f6glichkeit, je nach Ihrem Dampferprofil und Ihren Vorlieben zwischen einem engen oder leicht restriktiven Dampfen zu w\u00e4hlen. Dieser Pod eignet sich sowohl f\u00fcr Anf\u00e4nger als auch f\u00fcr fortgeschrittene Dampfer, die ein einfaches, aber effektives Set suchen. Mit dem Doric Galaxy S1 bietet Voopoo eine elegante und praktische L\u00f6sung f\u00fcr ein unbeschwertes Dampferlebnis.<\/p>\n<h2>POD DORIC GALAXY S1: IN DIE UNENDLICHKEIT UND DAR\u00dcBER HINAUS<\/h2>\n<p><img decoding=\"async\" src=\"https:\/\/www.freevap.ch\/img\/cms\/POD\/DORIC-GALAXY-S1-1000x829.png\" alt=\"\" width=\"80%\" \/><\/p>\n<p>Die Doric hat einen neuen Look und kommt noch designorientierter und farbenfroher als sonst zur\u00fcck! Diese neue Version zeichnet sich durch sorgf\u00e4ltige Verarbeitung und nat\u00fcrliche Eleganz aus. Sie fesselt unsere Aufmerksamkeit mit ihrem raffinierten Design und den lebhaften Farben, die Stil und Raffinesse perfekt miteinander verbinden. Diese Verwandlung markiert eine echte Evolution und best\u00e4tigt die Doric erneut als unumg\u00e4ngliche Referenz f\u00fcr alle, die Leistung und Sch\u00f6nheit gleicherma\u00dfen suchen.<\/p>\n<h2>EINE E-ZIGARETTE, DIE EINFACHHEIT UND EFFIZIENZ VEREINT<\/h2>\n<p>Die Doric Galaxy S1 ist eine elektronische Zigarette, die sehr einfach zu bedienen ist und sich an Dampfer richtet, die gerade erst mit dem Dampfen begonnen haben und auf der Suche nach einer effektiven Raucherentw\u00f6hnung sind. Die Doric Galaxy S1 ist eine leicht zug\u00e4ngliche und praktische L\u00f6sung, die perfekt auf die Bed\u00fcrfnisse von Personen zugeschnitten ist, die mit dem Rauchen aufh\u00f6ren und gleichzeitig ein angenehmes und unkompliziertes Dampferlebnis genie\u00dfen m\u00f6chten.<\/p>\n<h3>KEINE EINSTELLUNGEN ERFORDERLICH<\/h3>\n<p>Der gr\u00f6\u00dfte Vorteil des Pods Doric Galaxy S1 ist seine Benutzerfreundlichkeit. Es gibt keine Tasten am Pod, Sie m\u00fcssen nur saugen, um die Funktion zu nutzen. <strong>autodraw<\/strong>.<\/p>\n<h3>MODERATE REICHWEITE UND LEISTUNG F\u00dcR SPARSAMEN UMGANG MIT E-LIQUIDS<\/h3>\n<p><img decoding=\"async\" src=\"https:\/\/www.freevap.ch\/img\/cms\/POD\/Voopoo-doric-galaxy-s1-battery-indicator-vapeclub.jpg\" alt=\"\" width=\"80%\" \/><\/p>\n<p>In Bezug auf die Akkulaufzeit verf\u00fcgt das Doric Galaxy S1 \u00fcber einen integrierten Akku mit einer Kapazit\u00e4t von <strong>800 mAh<\/strong> und l\u00e4sst sich einfach und schnell mit einem <strong>USB-C-Kabel<\/strong> (<strong>nicht mitgeliefert<\/strong>). Die LED auf der Vorderseite Ihres Kits wechselt w\u00e4hrend des Inhalierens die Farbe, um Sie darauf hinzuweisen, dass das Kit nur noch wenig Batteriekapazit\u00e4t hat:<\/p>\n<ul>\n<li>Wei\u00dfe LED von 20% bis 100 % ;<\/li>\n<li>Rote LED von 30% bis 0%<\/li>\n<\/ul>\n<p>Die Doric Galaxy S1 kann bis zu <strong>16W<\/strong> der Wattleistung. Diese moderate Leistung erm\u00f6glicht es Ihnen, E-Liquid zu sparen und trotzdem ein optimales Dampferlebnis zu genie\u00dfen.<\/p>\n<p>&nbsp;<\/p>\n<h2>DORIC GALAXY-PATRONEN<\/h2>\n<p>Die Doric Galaxy-Patronen sind genauso einfach zu verwenden wie der Pod selbst. Ausgestattet mit <strong>eingebaute Mesh-Widerst\u00e4nde<\/strong>Sie haben die Wahl zwischen zwei Versionen (MTL oder RDL):<\/p>\n<ul>\n<li><strong>Patrone Doric Galaxy 0.7 Ohm :<\/strong>\u00a0RDL-Zug - PG\/VG-Verh\u00e4ltnisse von 50\/50 bis 40\/60 - empfohlene Nikotinst\u00e4rken bis zu 6 mg\/ml.<\/li>\n<li><strong>Patrone Doric Galaxy 1.2 Ohm :<\/strong>\u00a0MTL-Zug - PG\/VG-Verh\u00e4ltnisse von 70\/30 bis 50\/50 - empfohlene Nikotinst\u00e4rken bis zu 20 mg\/ml.<\/li>\n<\/ul>\n<p>Die Patrone wird an der Seite bef\u00fcllt (Side-Filling), was sehr praktisch sein kann, wenn man sich nicht \u00fcberall mit E-Liquid vollstopfen will. Die Doric Galaxy Patrone kann bis zu <strong>2 ml<\/strong> von E-Liquids und hat ein ausgezeichnetes System <strong>Auslaufschutz<\/strong>.<\/p>\n<p>&nbsp;<\/p>","protected":false},"excerpt":{"rendered":"<p>verschiedene Vapen, Pods<\/p>","protected":false},"featured_media":5660,"comment_status":"open","ping_status":"closed","template":"","meta":{"om_disable_all_campaigns":false,"_monsterinsights_skip_tracking":false,"_monsterinsights_sitenote_active":false,"_monsterinsights_sitenote_note":"","_monsterinsights_sitenote_category":0,"jetpack_publicize_message":"","jetpack_publicize_feature_enabled":true,"jetpack_social_post_already_shared":true,"jetpack_social_options":{"image_generator_settings":{"template":"highway","enabled":false},"version":2}},"product_brand":[],"product_cat":[56],"product_tag":[],"class_list":{"0":"post-4401","1":"product","2":"type-product","3":"status-publish","4":"has-post-thumbnail","6":"product_cat-vape","8":"first","9":"outofstock","10":"shipping-taxable","11":"purchasable","12":"product-type-variable"},"jetpack_publicize_connections":[],"aioseo_notices":[],"jetpack_sharing_enabled":true,"_links":{"self":[{"href":"https:\/\/swiss-hookah.ch\/de\/wp-json\/wp\/v2\/product\/4401","targetHints":{"allow":["GET"]}}],"collection":[{"href":"https:\/\/swiss-hookah.ch\/de\/wp-json\/wp\/v2\/product"}],"about":[{"href":"https:\/\/swiss-hookah.ch\/de\/wp-json\/wp\/v2\/types\/product"}],"replies":[{"embeddable":true,"href":"https:\/\/swiss-hookah.ch\/de\/wp-json\/wp\/v2\/comments?post=4401"}],"wp:featuredmedia":[{"embeddable":true,"href":"https:\/\/swiss-hookah.ch\/de\/wp-json\/wp\/v2\/media\/5660"}],"wp:attachment":[{"href":"https:\/\/swiss-hookah.ch\/de\/wp-json\/wp\/v2\/media?parent=4401"}],"wp:term":[{"taxonomy":"product_brand","embeddable":true,"href":"https:\/\/swiss-hookah.ch\/de\/wp-json\/wp\/v2\/product_brand?post=4401"},{"taxonomy":"product_cat","embeddable":true,"href":"https:\/\/swiss-hookah.ch\/de\/wp-json\/wp\/v2\/product_cat?post=4401"},{"taxonomy":"product_tag","embeddable":true,"href":"https:\/\/swiss-hookah.ch\/de\/wp-json\/wp\/v2\/product_tag?post=4401"}],"curies":[{"name":"wp","href":"https:\/\/api.w.org\/{rel}","templated":true}]}}