{"id":4348,"date":"2024-09-26T00:58:59","date_gmt":"2024-09-25T22:58:59","guid":{"rendered":"https:\/\/swiss-hookah.ch\/?post_type=product&#038;p=4348"},"modified":"2025-09-08T10:06:35","modified_gmt":"2025-09-08T08:06:35","slug":"wonderful2","status":"publish","type":"product","link":"https:\/\/swiss-hookah.ch\/de\/product\/wonderful2\/","title":{"rendered":"HEIDELBEERE - WONDERFUL TART BY LE FRENCH LIQUID | 60 ML MIT NIKOTIN"},"content":{"rendered":"<p>Keine Zeit, Oma zu besuchen? Nehmen Sie einen Zug von einem der e-Liquids aus der Reihe\u00a0<strong>Wonderful Tart<\/strong>\u00a0von der Marke Le French Liquide ist fast genauso gut. Gehen Sie aber trotzdem zu Mutter Gro\u00df.<\/p>\n<p>Die Wonderful Tart-Reihe stellt den ultimativen Snack nach einer ausgiebigen Bergwanderung perfekt nach, den ber\u00fchmten <strong>Heidelbeerkuchen<\/strong>. Kleine s\u00fc\u00dfe und s\u00e4uerliche Beeren, die einen M\u00fcrbeteig mit 100 % reiner Butter bedecken, wenn Sie nur daran denken, haben Sie schon den Geschmack im Mund.<\/p>\n<p>PG\/VG-Verh\u00e4ltnis :<span class=\"Apple-converted-space\">\u00a0<\/span>50\/50<\/p>","protected":false},"excerpt":{"rendered":"<p>liquide \u00e0 vape, toutes sortes.<\/p>","protected":false},"featured_media":4358,"comment_status":"open","ping_status":"closed","template":"","meta":{"om_disable_all_campaigns":false,"_monsterinsights_skip_tracking":false,"_monsterinsights_sitenote_active":false,"_monsterinsights_sitenote_note":"","_monsterinsights_sitenote_category":0,"jetpack_publicize_message":"","jetpack_publicize_feature_enabled":true,"jetpack_social_post_already_shared":true,"jetpack_social_options":{"image_generator_settings":{"template":"highway","enabled":false},"version":2}},"product_brand":[],"product_cat":[59],"product_tag":[],"class_list":{"0":"post-4348","1":"product","2":"type-product","3":"status-publish","4":"has-post-thumbnail","6":"product_cat-a-liquide-gourmand","8":"first","9":"outofstock","10":"shipping-taxable","11":"purchasable","12":"product-type-variable"},"jetpack_publicize_connections":[],"aioseo_notices":[],"jetpack_sharing_enabled":true,"_links":{"self":[{"href":"https:\/\/swiss-hookah.ch\/de\/wp-json\/wp\/v2\/product\/4348","targetHints":{"allow":["GET"]}}],"collection":[{"href":"https:\/\/swiss-hookah.ch\/de\/wp-json\/wp\/v2\/product"}],"about":[{"href":"https:\/\/swiss-hookah.ch\/de\/wp-json\/wp\/v2\/types\/product"}],"replies":[{"embeddable":true,"href":"https:\/\/swiss-hookah.ch\/de\/wp-json\/wp\/v2\/comments?post=4348"}],"wp:featuredmedia":[{"embeddable":true,"href":"https:\/\/swiss-hookah.ch\/de\/wp-json\/wp\/v2\/media\/4358"}],"wp:attachment":[{"href":"https:\/\/swiss-hookah.ch\/de\/wp-json\/wp\/v2\/media?parent=4348"}],"wp:term":[{"taxonomy":"product_brand","embeddable":true,"href":"https:\/\/swiss-hookah.ch\/de\/wp-json\/wp\/v2\/product_brand?post=4348"},{"taxonomy":"product_cat","embeddable":true,"href":"https:\/\/swiss-hookah.ch\/de\/wp-json\/wp\/v2\/product_cat?post=4348"},{"taxonomy":"product_tag","embeddable":true,"href":"https:\/\/swiss-hookah.ch\/de\/wp-json\/wp\/v2\/product_tag?post=4348"}],"curies":[{"name":"wp","href":"https:\/\/api.w.org\/{rel}","templated":true}]}}