{"id":4326,"date":"2024-09-26T00:54:26","date_gmt":"2024-09-25T22:54:26","guid":{"rendered":"https:\/\/swiss-hookah.ch\/?post_type=product&#038;p=4326"},"modified":"2025-11-19T21:18:29","modified_gmt":"2025-11-19T20:18:29","slug":"dv4","status":"publish","type":"product","link":"https:\/\/swiss-hookah.ch\/de\/product\/dv4\/","title":{"rendered":"BOA 50ML - FURIOSA DOCTOR VAPOR"},"content":{"rendered":"<p>M\u00f6chten Sie einen<strong>\u00a0gute e-Liquid rote Fr\u00fcchte<\/strong> der ebenso sch\u00f6n wie gut sein wird? Verlieben Sie sich in die sensorische Demenz des <strong>Boa-Fl\u00fcssigkeit von Furiosa Doctor Vapor \u2605. <\/strong>Die gro\u00dfe franz\u00f6sische Marke liefert Ihnen ein explosives Rezept mit zarten Walderdbeeren, \u00fcppigen Himbeeren und rosa Beeren f\u00fcr die w\u00fcrzige Note. Sie brauchen etwas Originelles? Verlassen Sie sich auf die Meisterschaft und den Schuss Verr\u00fccktheit dieses <strong>e-liquid rote Fr\u00fcchte f\u00fcr Zigaretten<\/strong>. Furiosa hat seine besten Reagenzgl\u00e4ser gez\u00fcckt, um Ihnen die Augen zu \u00f6ffnen! Sind Sie bereit, die Grenze der Vernunft zu \u00fcberschreiten, um den neuesten Furiosa-Wahnsinn zu probieren?<\/p>\n<p>&nbsp;<\/p>\n<ul>\n<li>Verpackung: 50ml in einer 70ml-Flasche<\/li>\n<li><span class=\"definition-btn\">PG<\/span>\/<span class=\"definition-btn\">VG<\/span> : 50\/50, gro\u00dfe vermeiden <span class=\"definition-btn\">Clearomizer<\/span> <span class=\"definition-btn\">subohm<\/span><\/li>\n<li>Geschmack: Walderdbeere, Himbeere und rosa Beeren<\/li>\n<\/ul>\n<p>.<\/p>","protected":false},"excerpt":{"rendered":"<p>diverses liquides \u00e0 vape<\/p>","protected":false},"featured_media":4336,"comment_status":"open","ping_status":"closed","template":"","meta":{"om_disable_all_campaigns":false,"_monsterinsights_skip_tracking":false,"_monsterinsights_sitenote_active":false,"_monsterinsights_sitenote_note":"","_monsterinsights_sitenote_category":0,"jetpack_publicize_message":"","jetpack_publicize_feature_enabled":true,"jetpack_social_post_already_shared":true,"jetpack_social_options":{"image_generator_settings":{"template":"highway","enabled":false},"version":2}},"product_brand":[],"product_cat":[53],"product_tag":[],"class_list":{"0":"post-4326","1":"product","2":"type-product","3":"status-publish","4":"has-post-thumbnail","6":"product_cat-e-liquids","8":"first","9":"instock","10":"shipping-taxable","11":"purchasable","12":"product-type-variable"},"jetpack_publicize_connections":[],"aioseo_notices":[],"jetpack_sharing_enabled":true,"_links":{"self":[{"href":"https:\/\/swiss-hookah.ch\/de\/wp-json\/wp\/v2\/product\/4326","targetHints":{"allow":["GET"]}}],"collection":[{"href":"https:\/\/swiss-hookah.ch\/de\/wp-json\/wp\/v2\/product"}],"about":[{"href":"https:\/\/swiss-hookah.ch\/de\/wp-json\/wp\/v2\/types\/product"}],"replies":[{"embeddable":true,"href":"https:\/\/swiss-hookah.ch\/de\/wp-json\/wp\/v2\/comments?post=4326"}],"wp:featuredmedia":[{"embeddable":true,"href":"https:\/\/swiss-hookah.ch\/de\/wp-json\/wp\/v2\/media\/4336"}],"wp:attachment":[{"href":"https:\/\/swiss-hookah.ch\/de\/wp-json\/wp\/v2\/media?parent=4326"}],"wp:term":[{"taxonomy":"product_brand","embeddable":true,"href":"https:\/\/swiss-hookah.ch\/de\/wp-json\/wp\/v2\/product_brand?post=4326"},{"taxonomy":"product_cat","embeddable":true,"href":"https:\/\/swiss-hookah.ch\/de\/wp-json\/wp\/v2\/product_cat?post=4326"},{"taxonomy":"product_tag","embeddable":true,"href":"https:\/\/swiss-hookah.ch\/de\/wp-json\/wp\/v2\/product_tag?post=4326"}],"curies":[{"name":"wp","href":"https:\/\/api.w.org\/{rel}","templated":true}]}}