{"id":4315,"date":"2024-09-26T00:52:47","date_gmt":"2024-09-25T22:52:47","guid":{"rendered":"https:\/\/swiss-hookah.ch\/?post_type=product&#038;p=4315"},"modified":"2025-06-20T13:05:40","modified_gmt":"2025-06-20T11:05:40","slug":"dv3","status":"publish","type":"product","link":"https:\/\/swiss-hookah.ch\/de\/product\/dv3\/","title":{"rendered":"MAMBO 50ML - FURIOSA DOCTOR VAPOR"},"content":{"rendered":"<p>Sie wollen einen guten <strong>E-Fl\u00fcssigkeit, die mit Ihrer E-Zigarette kompatibel ist<\/strong>\u00a0? Liebhaber des <span class=\"definition-btn\">RDL<\/span> und des <span class=\"definition-btn\">MTL<\/span>In diesem Buch geht es um die sensorische Demenz des <strong>Mambo-Fl\u00fcssigkeit von Furiosa Doctor Vapor. <\/strong>Die gro\u00dfe franz\u00f6sische Marke liefert Ihnen ein explosives Rezept, das aus einer fleischigen Mango, einer Buddha-Hand mit Zitrusnoten und Palo-Santo-Holz f\u00fcr seine holzigen und moschusartigen Noten besteht. Brauchen Sie etwas Originelles? Z\u00e4hlen Sie auf die Meisterschaft und den Schuss Verr\u00fccktheit dieses <strong>e-Liquid zum Dampfen Furiosa<\/strong>. Doctor Vapor hat seine besten Reagenzgl\u00e4ser gez\u00fcckt, um Sie zu begeistern! Sind Sie bereit, die Grenze der Vernunft zu \u00fcberschreiten, um den neuesten Furiosa-Wahnsinn zu probieren?<\/p>\n<p>&nbsp;<\/p>\n<ul>\n<li>Verpackung: 50ml in einer 70ml-Flasche<\/li>\n<li><span class=\"definition-btn\">PG<\/span>\/<span class=\"definition-btn\">VG<\/span> : 50\/50, gro\u00dfe vermeiden <span class=\"definition-btn\">Clearomizer<\/span> <span class=\"definition-btn\">subohm<\/span><\/li>\n<li>Geschmack: Mango, Buddha-Hand und Palo Santo-Holz<\/li>\n<\/ul>\n<p>.<\/p>","protected":false},"excerpt":{"rendered":"<p>diverses liquides \u00e0 vape<\/p>","protected":false},"featured_media":4325,"comment_status":"open","ping_status":"closed","template":"","meta":{"om_disable_all_campaigns":false,"_monsterinsights_skip_tracking":false,"_monsterinsights_sitenote_active":false,"_monsterinsights_sitenote_note":"","_monsterinsights_sitenote_category":0,"jetpack_publicize_message":"","jetpack_publicize_feature_enabled":true,"jetpack_social_post_already_shared":true,"jetpack_social_options":{"image_generator_settings":{"template":"highway","enabled":false},"version":2}},"product_brand":[],"product_cat":[53],"product_tag":[],"class_list":{"0":"post-4315","1":"product","2":"type-product","3":"status-publish","4":"has-post-thumbnail","6":"product_cat-e-liquids","8":"first","9":"instock","10":"shipping-taxable","11":"purchasable","12":"product-type-variable"},"jetpack_publicize_connections":[],"aioseo_notices":[],"jetpack_sharing_enabled":true,"_links":{"self":[{"href":"https:\/\/swiss-hookah.ch\/de\/wp-json\/wp\/v2\/product\/4315","targetHints":{"allow":["GET"]}}],"collection":[{"href":"https:\/\/swiss-hookah.ch\/de\/wp-json\/wp\/v2\/product"}],"about":[{"href":"https:\/\/swiss-hookah.ch\/de\/wp-json\/wp\/v2\/types\/product"}],"replies":[{"embeddable":true,"href":"https:\/\/swiss-hookah.ch\/de\/wp-json\/wp\/v2\/comments?post=4315"}],"wp:featuredmedia":[{"embeddable":true,"href":"https:\/\/swiss-hookah.ch\/de\/wp-json\/wp\/v2\/media\/4325"}],"wp:attachment":[{"href":"https:\/\/swiss-hookah.ch\/de\/wp-json\/wp\/v2\/media?parent=4315"}],"wp:term":[{"taxonomy":"product_brand","embeddable":true,"href":"https:\/\/swiss-hookah.ch\/de\/wp-json\/wp\/v2\/product_brand?post=4315"},{"taxonomy":"product_cat","embeddable":true,"href":"https:\/\/swiss-hookah.ch\/de\/wp-json\/wp\/v2\/product_cat?post=4315"},{"taxonomy":"product_tag","embeddable":true,"href":"https:\/\/swiss-hookah.ch\/de\/wp-json\/wp\/v2\/product_tag?post=4315"}],"curies":[{"name":"wp","href":"https:\/\/api.w.org\/{rel}","templated":true}]}}