{"id":4255,"date":"2024-09-26T00:22:16","date_gmt":"2024-09-25T22:22:16","guid":{"rendered":"https:\/\/swiss-hookah.ch\/?post_type=product&#038;p=4255"},"modified":"2026-01-12T21:20:52","modified_gmt":"2026-01-12T20:20:52","slug":"4saisons","status":"publish","type":"product","link":"https:\/\/swiss-hookah.ch\/de\/product\/4saisons\/","title":{"rendered":"HIMBEER-VEILCHEN-BONBON - FR\u00dcHLING - DIE 4 JAHRESZEITEN BY PROTECT | 50 ML IN 75 ML"},"content":{"rendered":"<p>Tauchen Sie ein in ein Geschmackserlebnis im Wandel der Jahreszeiten mit der Produktreihe \"Les 4 Saisons\", die von der E-Liquids-Marke\u00a0<strong>Protect<\/strong>. Diese Kollektion l\u00e4dt Sie dazu ein, eine Palette verschiedener Geschmacksrichtungen zu entdecken, damit Sie Ihr Dampfen das ganze Jahr \u00fcber immer wieder erneuern k\u00f6nnen.<\/p>\n<p>Diese geschmackvolle und raffinierte E-Liquid beschreibt den Fr\u00fchling perfekt, indem sie fruchtige Aromen, s\u00fc\u00dfe Sanftheit und unwiderstehliche Blumennoten vereint. Genie\u00dfen Sie einen Zug mit dem intensiven Aroma von\u00a0<strong>Himbeere<\/strong> bevor Sie Ihren Gaumen mit dem unwiderstehlichen Duft eines <strong>Veilchenbonbon,\u00a0<\/strong>subtil und zart.<\/p>\n<p>Verh\u00e4ltnis pflanzliches PG\/VG: 40\/60.<\/p>\n<p>.<\/p>","protected":false},"excerpt":{"rendered":"<p>diverses liquides \u00e0 vape<\/p>","protected":false},"featured_media":4278,"comment_status":"open","ping_status":"closed","template":"","meta":{"om_disable_all_campaigns":false,"_monsterinsights_skip_tracking":false,"_monsterinsights_sitenote_active":false,"_monsterinsights_sitenote_note":"","_monsterinsights_sitenote_category":0,"jetpack_publicize_message":"","jetpack_publicize_feature_enabled":true,"jetpack_social_post_already_shared":true,"jetpack_social_options":{"image_generator_settings":{"template":"highway","enabled":false},"version":2}},"product_brand":[],"product_cat":[53],"product_tag":[],"class_list":{"0":"post-4255","1":"product","2":"type-product","3":"status-publish","4":"has-post-thumbnail","6":"product_cat-e-liquids","8":"first","9":"outofstock","10":"shipping-taxable","11":"purchasable","12":"product-type-variable"},"jetpack_publicize_connections":[],"aioseo_notices":[],"jetpack_sharing_enabled":true,"_links":{"self":[{"href":"https:\/\/swiss-hookah.ch\/de\/wp-json\/wp\/v2\/product\/4255","targetHints":{"allow":["GET"]}}],"collection":[{"href":"https:\/\/swiss-hookah.ch\/de\/wp-json\/wp\/v2\/product"}],"about":[{"href":"https:\/\/swiss-hookah.ch\/de\/wp-json\/wp\/v2\/types\/product"}],"replies":[{"embeddable":true,"href":"https:\/\/swiss-hookah.ch\/de\/wp-json\/wp\/v2\/comments?post=4255"}],"wp:featuredmedia":[{"embeddable":true,"href":"https:\/\/swiss-hookah.ch\/de\/wp-json\/wp\/v2\/media\/4278"}],"wp:attachment":[{"href":"https:\/\/swiss-hookah.ch\/de\/wp-json\/wp\/v2\/media?parent=4255"}],"wp:term":[{"taxonomy":"product_brand","embeddable":true,"href":"https:\/\/swiss-hookah.ch\/de\/wp-json\/wp\/v2\/product_brand?post=4255"},{"taxonomy":"product_cat","embeddable":true,"href":"https:\/\/swiss-hookah.ch\/de\/wp-json\/wp\/v2\/product_cat?post=4255"},{"taxonomy":"product_tag","embeddable":true,"href":"https:\/\/swiss-hookah.ch\/de\/wp-json\/wp\/v2\/product_tag?post=4255"}],"curies":[{"name":"wp","href":"https:\/\/api.w.org\/{rel}","templated":true}]}}