{"id":4233,"date":"2024-09-26T00:15:18","date_gmt":"2024-09-25T22:15:18","guid":{"rendered":"https:\/\/swiss-hookah.ch\/?post_type=product&#038;p=4233"},"modified":"2026-01-13T20:34:21","modified_gmt":"2026-01-13T19:34:21","slug":"nectarine","status":"publish","type":"product","link":"https:\/\/swiss-hookah.ch\/de\/product\/nectarine\/","title":{"rendered":"FRISCHE NEKTARINE DRACHENFRUCHT - LE PETIT VERGER BY SAVOUREA | 50 ML \" SHORTFILL 70 ML \""},"content":{"rendered":"<p>Entdecken Sie die fruchtigen Geschmacksrichtungen neu <strong>Der Kleine Obstgarten<\/strong>Jetzt mit einer erfrischenden Note. Tauchen Sie ein in ein k\u00f6stliches und belebendes Dampferlebnis mit diesen hochwertigen E-Liquids, die von Savourea in Frankreich hergestellt werden.<\/p>\n<p>Vitamin D ist in dieser sonnenverw\u00f6hnten e-Liquid in H\u00fclle und F\u00fclle enthalten. Zwischen der Exotik des <strong>Drachenfrucht<\/strong> und das sch\u00f6ne gelbe, saftige Fleisch der <strong>Nektarine<\/strong>Wenn Sie das nicht tun, kann Ihr Dampf UV-Strahlen erzeugen. Um einen Hitzschlag zu vermeiden, ist ein angenehmes Gef\u00fchl von <strong>Frische<\/strong> rundet das Ganze ab und hinterl\u00e4sst ein Gef\u00fchl der Wiederkehr.<\/p>\n<p>Das PG\/VG-Verh\u00e4ltnis ist ausgewogen bei 50\/50<\/p>\n<p>Diese E-Liquids werden mit Stolz in Frankreich hergestellt und verbinden Tradition und Moderne f\u00fcr ein unvergessliches Dampferlebnis.<\/p>\n<p>.<\/p>","protected":false},"excerpt":{"rendered":"<p>diverses liquides \u00e0 vape<\/p>","protected":false},"featured_media":4243,"comment_status":"open","ping_status":"closed","template":"","meta":{"om_disable_all_campaigns":false,"_monsterinsights_skip_tracking":false,"_monsterinsights_sitenote_active":false,"_monsterinsights_sitenote_note":"","_monsterinsights_sitenote_category":0,"jetpack_publicize_message":"","jetpack_publicize_feature_enabled":true,"jetpack_social_post_already_shared":true,"jetpack_social_options":{"image_generator_settings":{"template":"highway","enabled":false},"version":2}},"product_brand":[],"product_cat":[74,53],"product_tag":[],"class_list":{"0":"post-4233","1":"product","2":"type-product","3":"status-publish","4":"has-post-thumbnail","6":"product_cat-best-seller","7":"product_cat-e-liquids","9":"first","10":"instock","11":"shipping-taxable","12":"purchasable","13":"product-type-variable"},"jetpack_publicize_connections":[],"aioseo_notices":[],"jetpack_sharing_enabled":true,"_links":{"self":[{"href":"https:\/\/swiss-hookah.ch\/de\/wp-json\/wp\/v2\/product\/4233","targetHints":{"allow":["GET"]}}],"collection":[{"href":"https:\/\/swiss-hookah.ch\/de\/wp-json\/wp\/v2\/product"}],"about":[{"href":"https:\/\/swiss-hookah.ch\/de\/wp-json\/wp\/v2\/types\/product"}],"replies":[{"embeddable":true,"href":"https:\/\/swiss-hookah.ch\/de\/wp-json\/wp\/v2\/comments?post=4233"}],"wp:featuredmedia":[{"embeddable":true,"href":"https:\/\/swiss-hookah.ch\/de\/wp-json\/wp\/v2\/media\/4243"}],"wp:attachment":[{"href":"https:\/\/swiss-hookah.ch\/de\/wp-json\/wp\/v2\/media?parent=4233"}],"wp:term":[{"taxonomy":"product_brand","embeddable":true,"href":"https:\/\/swiss-hookah.ch\/de\/wp-json\/wp\/v2\/product_brand?post=4233"},{"taxonomy":"product_cat","embeddable":true,"href":"https:\/\/swiss-hookah.ch\/de\/wp-json\/wp\/v2\/product_cat?post=4233"},{"taxonomy":"product_tag","embeddable":true,"href":"https:\/\/swiss-hookah.ch\/de\/wp-json\/wp\/v2\/product_tag?post=4233"}],"curies":[{"name":"wp","href":"https:\/\/api.w.org\/{rel}","templated":true}]}}