{"id":4211,"date":"2024-09-26T00:07:13","date_gmt":"2024-09-25T22:07:13","guid":{"rendered":"https:\/\/swiss-hookah.ch\/?post_type=product&#038;p=4211"},"modified":"2025-06-20T13:02:46","modified_gmt":"2025-06-20T11:02:46","slug":"orangeepassion","status":"publish","type":"product","link":"https:\/\/swiss-hookah.ch\/de\/product\/orangeepassion\/","title":{"rendered":"FRISCHE PASSION ORANGE - LE PETIT VERGER BY SAVOUREA | 50 ML \" SHORTFILL 70 ML \""},"content":{"rendered":"<p>Entdecken Sie die fruchtigen Geschmacksrichtungen neu <strong>Der Kleine Obstgarten<\/strong>Jetzt mit einer erfrischenden Note. Tauchen Sie ein in ein k\u00f6stliches und belebendes Dampferlebnis mit diesen hochwertigen E-Liquids, die von Savourea in Frankreich hergestellt werden.<\/p>\n<p>Diese E-Liquids sind sehr fleischig und lassen Sie mit ihren orange- und violettfarbenen Fr\u00fcchten, die den sch\u00f6nsten Sonnenunterg\u00e4ngen w\u00fcrdig sind, auf Reisen gehen. Bei jedem Zug erwartet Sie eine wahre F\u00fclle von Aromen: zwischen der aromatischen Kraft der<strong>orange<\/strong> und die exotische Zartheit des <strong>Passionsfrucht<\/strong>... Sie werden sich freuen. Und um das Ganze abzuschlie\u00dfen, gibt es nichts Besseres als ein gutes Gef\u00fchl von <strong>Frische<\/strong> von hinten.<\/p>\n<p>Das PG\/VG-Verh\u00e4ltnis ist ausgewogen bei 50\/50<\/p>\n<p>Diese E-Liquids werden mit Stolz in Frankreich hergestellt und verbinden Tradition und Moderne f\u00fcr ein unvergessliches Dampferlebnis.<\/p>\n<p>.<\/p>","protected":false},"excerpt":{"rendered":"<p>diverses liquides \u00e0 vape<\/p>","protected":false},"featured_media":4221,"comment_status":"open","ping_status":"closed","template":"","meta":{"om_disable_all_campaigns":false,"_monsterinsights_skip_tracking":false,"_monsterinsights_sitenote_active":false,"_monsterinsights_sitenote_note":"","_monsterinsights_sitenote_category":0,"jetpack_publicize_message":"","jetpack_publicize_feature_enabled":true,"jetpack_social_post_already_shared":true,"jetpack_social_options":{"image_generator_settings":{"template":"highway","enabled":false},"version":2}},"product_brand":[],"product_cat":[53],"product_tag":[],"class_list":{"0":"post-4211","1":"product","2":"type-product","3":"status-publish","4":"has-post-thumbnail","6":"product_cat-e-liquids","8":"first","9":"instock","10":"shipping-taxable","11":"purchasable","12":"product-type-variable"},"jetpack_publicize_connections":[],"aioseo_notices":[],"jetpack_sharing_enabled":true,"_links":{"self":[{"href":"https:\/\/swiss-hookah.ch\/de\/wp-json\/wp\/v2\/product\/4211","targetHints":{"allow":["GET"]}}],"collection":[{"href":"https:\/\/swiss-hookah.ch\/de\/wp-json\/wp\/v2\/product"}],"about":[{"href":"https:\/\/swiss-hookah.ch\/de\/wp-json\/wp\/v2\/types\/product"}],"replies":[{"embeddable":true,"href":"https:\/\/swiss-hookah.ch\/de\/wp-json\/wp\/v2\/comments?post=4211"}],"wp:featuredmedia":[{"embeddable":true,"href":"https:\/\/swiss-hookah.ch\/de\/wp-json\/wp\/v2\/media\/4221"}],"wp:attachment":[{"href":"https:\/\/swiss-hookah.ch\/de\/wp-json\/wp\/v2\/media?parent=4211"}],"wp:term":[{"taxonomy":"product_brand","embeddable":true,"href":"https:\/\/swiss-hookah.ch\/de\/wp-json\/wp\/v2\/product_brand?post=4211"},{"taxonomy":"product_cat","embeddable":true,"href":"https:\/\/swiss-hookah.ch\/de\/wp-json\/wp\/v2\/product_cat?post=4211"},{"taxonomy":"product_tag","embeddable":true,"href":"https:\/\/swiss-hookah.ch\/de\/wp-json\/wp\/v2\/product_tag?post=4211"}],"curies":[{"name":"wp","href":"https:\/\/api.w.org\/{rel}","templated":true}]}}