{"id":4200,"date":"2024-09-25T23:54:16","date_gmt":"2024-09-25T21:54:16","guid":{"rendered":"https:\/\/swiss-hookah.ch\/?post_type=product&#038;p=4200"},"modified":"2025-11-19T21:19:07","modified_gmt":"2025-11-19T20:19:07","slug":"savoureacran","status":"publish","type":"product","link":"https:\/\/swiss-hookah.ch\/de\/product\/savoureacran\/","title":{"rendered":"FRISCHE CRANBERRY-TRAUBEN - LE PETIT VERGER BY SAVOUREA | 50 ML \" SHORTFILL 70 ML \""},"content":{"rendered":"<p>Entdecken Sie die fruchtigen Geschmacksrichtungen neu <strong>Der Kleine Obstgarten<\/strong>Jetzt mit einer erfrischenden Note. Tauchen Sie ein in ein k\u00f6stliches und belebendes Dampferlebnis mit diesen hochwertigen E-Liquids, die von Savourea in Frankreich hergestellt werden.<\/p>\n<p>Wenn das Beste aus den Weinbergen mit den kleinen Beeren von der anderen Seite des Atlantiks kokettiert, ist das Ergebnis mehr als verf\u00fchrerisch. Entdecken Sie eine delikate Fusion aus der s\u00fc\u00dfen S\u00fc\u00dfe des <strong>Traube<\/strong> und der s\u00e4uerliche Geschmack von <strong>Cranberry<\/strong>. Diese fruchtige Kombination wird hier durch eine unwiderstehliche <strong>Frische<\/strong>. Perfekt f\u00fcr alle, die einen frischen und fruchtigen Dampf mit s\u00fc\u00dfen und s\u00e4uerlichen Nuancen suchen.<\/p>\n<p>Das PG\/VG-Verh\u00e4ltnis ist ausgewogen bei 50\/50<\/p>\n<p>Diese E-Liquids werden mit Stolz in Frankreich hergestellt und verbinden Tradition und Moderne f\u00fcr ein unvergessliches Dampferlebnis.<\/p>\n<p>.<\/p>","protected":false},"excerpt":{"rendered":"<p>diverses liquides \u00e0 vape<\/p>","protected":false},"featured_media":4210,"comment_status":"open","ping_status":"closed","template":"","meta":{"om_disable_all_campaigns":false,"_monsterinsights_skip_tracking":false,"_monsterinsights_sitenote_active":false,"_monsterinsights_sitenote_note":"","_monsterinsights_sitenote_category":0,"jetpack_publicize_message":"","jetpack_publicize_feature_enabled":true,"jetpack_social_post_already_shared":true,"jetpack_social_options":{"image_generator_settings":{"template":"highway","enabled":false},"version":2}},"product_brand":[],"product_cat":[53],"product_tag":[],"class_list":{"0":"post-4200","1":"product","2":"type-product","3":"status-publish","4":"has-post-thumbnail","6":"product_cat-e-liquids","8":"first","9":"instock","10":"shipping-taxable","11":"purchasable","12":"product-type-variable"},"jetpack_publicize_connections":[],"aioseo_notices":[],"jetpack_sharing_enabled":true,"_links":{"self":[{"href":"https:\/\/swiss-hookah.ch\/de\/wp-json\/wp\/v2\/product\/4200","targetHints":{"allow":["GET"]}}],"collection":[{"href":"https:\/\/swiss-hookah.ch\/de\/wp-json\/wp\/v2\/product"}],"about":[{"href":"https:\/\/swiss-hookah.ch\/de\/wp-json\/wp\/v2\/types\/product"}],"replies":[{"embeddable":true,"href":"https:\/\/swiss-hookah.ch\/de\/wp-json\/wp\/v2\/comments?post=4200"}],"wp:featuredmedia":[{"embeddable":true,"href":"https:\/\/swiss-hookah.ch\/de\/wp-json\/wp\/v2\/media\/4210"}],"wp:attachment":[{"href":"https:\/\/swiss-hookah.ch\/de\/wp-json\/wp\/v2\/media?parent=4200"}],"wp:term":[{"taxonomy":"product_brand","embeddable":true,"href":"https:\/\/swiss-hookah.ch\/de\/wp-json\/wp\/v2\/product_brand?post=4200"},{"taxonomy":"product_cat","embeddable":true,"href":"https:\/\/swiss-hookah.ch\/de\/wp-json\/wp\/v2\/product_cat?post=4200"},{"taxonomy":"product_tag","embeddable":true,"href":"https:\/\/swiss-hookah.ch\/de\/wp-json\/wp\/v2\/product_tag?post=4200"}],"curies":[{"name":"wp","href":"https:\/\/api.w.org\/{rel}","templated":true}]}}