{"id":4167,"date":"2024-09-25T23:43:18","date_gmt":"2024-09-25T21:43:18","guid":{"rendered":"https:\/\/swiss-hookah.ch\/?post_type=product&#038;p=4167"},"modified":"2025-06-18T01:43:55","modified_gmt":"2025-06-17T23:43:55","slug":"seirxuto","status":"publish","type":"product","link":"https:\/\/swiss-hookah.ch\/de\/product\/seirxuto\/","title":{"rendered":"SEIRYUTO - SHORTFILL FORMAT - FIGHTER FUEL BY MAISON FUEL | 100ML"},"content":{"rendered":"<p>Entdecken Sie die Produktreihe Fighter Fuel der franz\u00f6sischen Know-how-Marke Maison Fuel. Eine Produktreihe mit einem einzigartigen Universum, ziehen Sie mit diesen japanischen Kampfsportlern in den Kampf.<\/p>\n<p>Seiryuto Liquid ist ein k\u00f6stliches Duo aus <strong>Fr\u00fcchte<\/strong><strong>rot <\/strong>(Erdbeere, Brombeere, Himbeere und schwarze Johannisbeere) und einer Note\u00a0<strong>Frische<\/strong>. Ideal f\u00fcr alle, die fruchtig-frische Vapes lieben. Schl\u00fcpfen Sie in die Rolle des kampferprobtesten Fighter Fuel-K\u00e4mpfers.<\/p>\n<p><span class=\"badge badge-default\">100ml <\/span><span class=\"badge badge-default\">30PG | 70GV<\/span>.<\/p>","protected":false},"excerpt":{"rendered":"<p>diverses liquides \u00e0 vape<\/p>","protected":false},"featured_media":4177,"comment_status":"open","ping_status":"closed","template":"","meta":{"om_disable_all_campaigns":false,"_monsterinsights_skip_tracking":false,"_monsterinsights_sitenote_active":false,"_monsterinsights_sitenote_note":"","_monsterinsights_sitenote_category":0,"jetpack_publicize_message":"","jetpack_publicize_feature_enabled":true,"jetpack_social_post_already_shared":true,"jetpack_social_options":{"image_generator_settings":{"template":"highway","enabled":false},"version":2}},"product_brand":[],"product_cat":[53,72],"product_tag":[],"class_list":{"0":"post-4167","1":"product","2":"type-product","3":"status-publish","4":"has-post-thumbnail","6":"product_cat-e-liquids","7":"product_cat-nouveau-vape","9":"first","10":"instock","11":"shipping-taxable","12":"purchasable","13":"product-type-variable"},"jetpack_publicize_connections":[],"aioseo_notices":[],"jetpack_sharing_enabled":true,"_links":{"self":[{"href":"https:\/\/swiss-hookah.ch\/de\/wp-json\/wp\/v2\/product\/4167","targetHints":{"allow":["GET"]}}],"collection":[{"href":"https:\/\/swiss-hookah.ch\/de\/wp-json\/wp\/v2\/product"}],"about":[{"href":"https:\/\/swiss-hookah.ch\/de\/wp-json\/wp\/v2\/types\/product"}],"replies":[{"embeddable":true,"href":"https:\/\/swiss-hookah.ch\/de\/wp-json\/wp\/v2\/comments?post=4167"}],"wp:featuredmedia":[{"embeddable":true,"href":"https:\/\/swiss-hookah.ch\/de\/wp-json\/wp\/v2\/media\/4177"}],"wp:attachment":[{"href":"https:\/\/swiss-hookah.ch\/de\/wp-json\/wp\/v2\/media?parent=4167"}],"wp:term":[{"taxonomy":"product_brand","embeddable":true,"href":"https:\/\/swiss-hookah.ch\/de\/wp-json\/wp\/v2\/product_brand?post=4167"},{"taxonomy":"product_cat","embeddable":true,"href":"https:\/\/swiss-hookah.ch\/de\/wp-json\/wp\/v2\/product_cat?post=4167"},{"taxonomy":"product_tag","embeddable":true,"href":"https:\/\/swiss-hookah.ch\/de\/wp-json\/wp\/v2\/product_tag?post=4167"}],"curies":[{"name":"wp","href":"https:\/\/api.w.org\/{rel}","templated":true}]}}