{"id":4156,"date":"2024-09-25T23:39:19","date_gmt":"2024-09-25T21:39:19","guid":{"rendered":"https:\/\/swiss-hookah.ch\/?post_type=product&#038;p=4156"},"modified":"2025-11-01T19:35:47","modified_gmt":"2025-11-01T18:35:47","slug":"shigeri","status":"publish","type":"product","link":"https:\/\/swiss-hookah.ch\/de\/product\/shigeri\/","title":{"rendered":"SHIGERI - SHORTFILL FORMAT - FIGHTER FUEL BY MAISON FUEL | 100ML"},"content":{"rendered":"<p>Entdecken Sie die Produktreihe Fighter Fuel der franz\u00f6sischen Know-how-Marke Maison Fuel. Eine Produktreihe mit einem einzigartigen Universum, ziehen Sie mit diesen japanischen Kampfsportlern in den Kampf.<\/p>\n<p>Das Liquid Shigeri ist eine k\u00f6stliche Kombination aus\u00a0<strong>Fr\u00fcchte<\/strong>\u00a0<strong>roten, <\/strong>von<strong> Granatapfel <\/strong>und von<strong> kiwi<\/strong>\u00a0das Ganze mit einer Note erhoben\u00a0<strong>Frische<\/strong>. Ideal f\u00fcr Liebhaber fruchtiger und frischer Getr\u00e4nke. Schl\u00fcpfen Sie in die Haut dieses Generals mit dem elektrischen Temperament.<\/p>\n<p><span class=\"badge badge-default\">100ml <\/span><span class=\"badge badge-default\">30PG | 70GV<\/span>.<\/p>","protected":false},"excerpt":{"rendered":"<p>diverses liquides \u00e0 vape<\/p>","protected":false},"featured_media":4166,"comment_status":"open","ping_status":"closed","template":"","meta":{"om_disable_all_campaigns":false,"_monsterinsights_skip_tracking":false,"_monsterinsights_sitenote_active":false,"_monsterinsights_sitenote_note":"","_monsterinsights_sitenote_category":0,"jetpack_publicize_message":"","jetpack_publicize_feature_enabled":true,"jetpack_social_post_already_shared":true,"jetpack_social_options":{"image_generator_settings":{"template":"highway","enabled":false},"version":2}},"product_brand":[],"product_cat":[53],"product_tag":[],"class_list":{"0":"post-4156","1":"product","2":"type-product","3":"status-publish","4":"has-post-thumbnail","6":"product_cat-e-liquids","8":"first","9":"instock","10":"shipping-taxable","11":"purchasable","12":"product-type-variable"},"jetpack_publicize_connections":[],"aioseo_notices":[],"jetpack_sharing_enabled":true,"_links":{"self":[{"href":"https:\/\/swiss-hookah.ch\/de\/wp-json\/wp\/v2\/product\/4156","targetHints":{"allow":["GET"]}}],"collection":[{"href":"https:\/\/swiss-hookah.ch\/de\/wp-json\/wp\/v2\/product"}],"about":[{"href":"https:\/\/swiss-hookah.ch\/de\/wp-json\/wp\/v2\/types\/product"}],"replies":[{"embeddable":true,"href":"https:\/\/swiss-hookah.ch\/de\/wp-json\/wp\/v2\/comments?post=4156"}],"wp:featuredmedia":[{"embeddable":true,"href":"https:\/\/swiss-hookah.ch\/de\/wp-json\/wp\/v2\/media\/4166"}],"wp:attachment":[{"href":"https:\/\/swiss-hookah.ch\/de\/wp-json\/wp\/v2\/media?parent=4156"}],"wp:term":[{"taxonomy":"product_brand","embeddable":true,"href":"https:\/\/swiss-hookah.ch\/de\/wp-json\/wp\/v2\/product_brand?post=4156"},{"taxonomy":"product_cat","embeddable":true,"href":"https:\/\/swiss-hookah.ch\/de\/wp-json\/wp\/v2\/product_cat?post=4156"},{"taxonomy":"product_tag","embeddable":true,"href":"https:\/\/swiss-hookah.ch\/de\/wp-json\/wp\/v2\/product_tag?post=4156"}],"curies":[{"name":"wp","href":"https:\/\/api.w.org\/{rel}","templated":true}]}}