{"id":4145,"date":"2024-09-25T23:36:49","date_gmt":"2024-09-25T21:36:49","guid":{"rendered":"https:\/\/swiss-hookah.ch\/?post_type=product&#038;p=4145"},"modified":"2025-06-21T02:33:58","modified_gmt":"2025-06-21T00:33:58","slug":"shaken","status":"publish","type":"product","link":"https:\/\/swiss-hookah.ch\/de\/product\/shaken\/","title":{"rendered":"SHAKEN - SHORTFILL FORMAT - FIGHTER FUEL BY MAISON FUEL | 100 ML"},"content":{"rendered":"<p>Entdecken Sie die Produktreihe Fighter Fuel der franz\u00f6sischen Marke mit au\u00dfergew\u00f6hnlichem Know-how: Maison Fuel. Eine Produktreihe mit einem einzigartigen Universum! Ziehen Sie mit diesen japanischen Martial-Arts-K\u00e4mpfern in den Kampf.<\/p>\n<p>Die K\u00e4mpferin Shaken erwartet Sie zu einem wilden Kampf, bei dem Sie mit dem Wurf von\u00a0<strong>Drachenfrucht<\/strong>,\u00a0<strong>Wassermelone<\/strong>\u00a0und\u00a0<strong>Melone<\/strong>\u00a0Ihnen das Blut in den Adern gefrieren zu lassen mit ihrem\u00a0<strong>Frische<\/strong>.<\/p>\n<p><span class=\"badge badge-default\">100ml <\/span><span class=\"badge badge-default\">30PG | 70GV<\/span>.<\/p>","protected":false},"excerpt":{"rendered":"<p>diverses liquides \u00e0 vape<\/p>","protected":false},"featured_media":4155,"comment_status":"open","ping_status":"closed","template":"","meta":{"om_disable_all_campaigns":false,"_monsterinsights_skip_tracking":false,"_monsterinsights_sitenote_active":false,"_monsterinsights_sitenote_note":"","_monsterinsights_sitenote_category":0,"jetpack_publicize_message":"","jetpack_publicize_feature_enabled":true,"jetpack_social_post_already_shared":true,"jetpack_social_options":{"image_generator_settings":{"template":"highway","enabled":false},"version":2}},"product_brand":[],"product_cat":[53],"product_tag":[],"class_list":{"0":"post-4145","1":"product","2":"type-product","3":"status-publish","4":"has-post-thumbnail","6":"product_cat-e-liquids","8":"first","9":"instock","10":"shipping-taxable","11":"purchasable","12":"product-type-variable"},"jetpack_publicize_connections":[],"aioseo_notices":[],"jetpack_sharing_enabled":true,"_links":{"self":[{"href":"https:\/\/swiss-hookah.ch\/de\/wp-json\/wp\/v2\/product\/4145","targetHints":{"allow":["GET"]}}],"collection":[{"href":"https:\/\/swiss-hookah.ch\/de\/wp-json\/wp\/v2\/product"}],"about":[{"href":"https:\/\/swiss-hookah.ch\/de\/wp-json\/wp\/v2\/types\/product"}],"replies":[{"embeddable":true,"href":"https:\/\/swiss-hookah.ch\/de\/wp-json\/wp\/v2\/comments?post=4145"}],"wp:featuredmedia":[{"embeddable":true,"href":"https:\/\/swiss-hookah.ch\/de\/wp-json\/wp\/v2\/media\/4155"}],"wp:attachment":[{"href":"https:\/\/swiss-hookah.ch\/de\/wp-json\/wp\/v2\/media?parent=4145"}],"wp:term":[{"taxonomy":"product_brand","embeddable":true,"href":"https:\/\/swiss-hookah.ch\/de\/wp-json\/wp\/v2\/product_brand?post=4145"},{"taxonomy":"product_cat","embeddable":true,"href":"https:\/\/swiss-hookah.ch\/de\/wp-json\/wp\/v2\/product_cat?post=4145"},{"taxonomy":"product_tag","embeddable":true,"href":"https:\/\/swiss-hookah.ch\/de\/wp-json\/wp\/v2\/product_tag?post=4145"}],"curies":[{"name":"wp","href":"https:\/\/api.w.org\/{rel}","templated":true}]}}