{"id":4134,"date":"2024-09-25T23:28:38","date_gmt":"2024-09-25T21:28:38","guid":{"rendered":"https:\/\/swiss-hookah.ch\/?post_type=product&#038;p=4134"},"modified":"2025-06-21T02:33:22","modified_gmt":"2025-06-21T00:33:22","slug":"bloody","status":"publish","type":"product","link":"https:\/\/swiss-hookah.ch\/de\/product\/bloody\/","title":{"rendered":"BLOODY SHIGERI - FIGHTER FUEL BY MAISON FUEL | 100 ML IN 120 ML"},"content":{"rendered":"<p>Willkommen in der Arena\u00a0<strong>Fighter Fuel<\/strong>\u00a0von Maison Fuel! Erleben Sie ein sensationelles Turnier, bei dem durchschlagende Geschmacksrichtungen gegeneinander antreten, um Ihnen einen dampfenden Moment von gro\u00dfer Intensit\u00e4t zu servieren. W\u00e4hlen Sie Ihren Lieblingsfighter aus einem Roster, das so vielf\u00e4ltig und umfangreich ist wie das von Street Fighter.<\/p>\n<p>Der Bloody Shigeri wird nicht z\u00f6gern, einige Regeln zu verbiegen, um seine Gegner niederzustrecken. Es ist mit <strong>seine Frucht des feurigen Drachen, seine Fr\u00fcchte so rot wie Blut und seinen explosiven Granatapfel<\/strong> dass der Bloody Shigeri seine ganze Macht demonstrieren wird.<\/p>\n<p><span class=\"badge badge-default\">100ml <\/span><span class=\"badge badge-default\">30PG | 70GV<\/span>.<\/p>","protected":false},"excerpt":{"rendered":"<p>diverses liquides \u00e0 vape<\/p>","protected":false},"featured_media":5587,"comment_status":"open","ping_status":"closed","template":"","meta":{"om_disable_all_campaigns":false,"_monsterinsights_skip_tracking":false,"_monsterinsights_sitenote_active":false,"_monsterinsights_sitenote_note":"","_monsterinsights_sitenote_category":0,"jetpack_publicize_message":"","jetpack_publicize_feature_enabled":true,"jetpack_social_post_already_shared":true,"jetpack_social_options":{"image_generator_settings":{"template":"highway","enabled":false},"version":2}},"product_brand":[],"product_cat":[74,53,72],"product_tag":[],"class_list":{"0":"post-4134","1":"product","2":"type-product","3":"status-publish","4":"has-post-thumbnail","6":"product_cat-best-seller","7":"product_cat-e-liquids","8":"product_cat-nouveau-vape","10":"first","11":"instock","12":"shipping-taxable","13":"purchasable","14":"product-type-variable"},"jetpack_publicize_connections":[],"aioseo_notices":[],"jetpack_sharing_enabled":true,"_links":{"self":[{"href":"https:\/\/swiss-hookah.ch\/de\/wp-json\/wp\/v2\/product\/4134","targetHints":{"allow":["GET"]}}],"collection":[{"href":"https:\/\/swiss-hookah.ch\/de\/wp-json\/wp\/v2\/product"}],"about":[{"href":"https:\/\/swiss-hookah.ch\/de\/wp-json\/wp\/v2\/types\/product"}],"replies":[{"embeddable":true,"href":"https:\/\/swiss-hookah.ch\/de\/wp-json\/wp\/v2\/comments?post=4134"}],"wp:featuredmedia":[{"embeddable":true,"href":"https:\/\/swiss-hookah.ch\/de\/wp-json\/wp\/v2\/media\/5587"}],"wp:attachment":[{"href":"https:\/\/swiss-hookah.ch\/de\/wp-json\/wp\/v2\/media?parent=4134"}],"wp:term":[{"taxonomy":"product_brand","embeddable":true,"href":"https:\/\/swiss-hookah.ch\/de\/wp-json\/wp\/v2\/product_brand?post=4134"},{"taxonomy":"product_cat","embeddable":true,"href":"https:\/\/swiss-hookah.ch\/de\/wp-json\/wp\/v2\/product_cat?post=4134"},{"taxonomy":"product_tag","embeddable":true,"href":"https:\/\/swiss-hookah.ch\/de\/wp-json\/wp\/v2\/product_tag?post=4134"}],"curies":[{"name":"wp","href":"https:\/\/api.w.org\/{rel}","templated":true}]}}