{"id":4123,"date":"2024-09-25T23:25:50","date_gmt":"2024-09-25T21:25:50","guid":{"rendered":"https:\/\/swiss-hookah.ch\/?post_type=product&#038;p=4123"},"modified":"2025-11-19T21:19:31","modified_gmt":"2025-11-19T20:19:31","slug":"mizu","status":"publish","type":"product","link":"https:\/\/swiss-hookah.ch\/de\/product\/mizu\/","title":{"rendered":"HIMBEER-RHABARBER-SORBET - AISU MIZU BY ZAP! JUICE | 100 ML IN 120 M"},"content":{"rendered":"<p>Entdecken Sie japanisch inspirierte e-Liquids mit der Mizu-Kollektion aus dem Sortiment <a href=\"https:\/\/www.freevap.ch\/fr\/zap-juice\/\" target=\"_blank\" rel=\"noreferrer noopener\">Aisu<\/a>. Mit Mizu pr\u00e4sentieren Ihnen die Engl\u00e4nder von Zap Juice eine exquisite Auswahl, die raffinierte Fruchtaromen und packende Frische gekonnt einf\u00e4ngt.<\/p>\n<p>Erleben Sie mit dem Mizu E-Liquid Sorbet Himbeer-Rhabarber einen zarten Moment des Dampfen. Mit seinem angenehmen Duft, seinem frischen Wind und seiner Mischung aus S\u00fc\u00dfe und S\u00e4ure ist es ein fast fr\u00fchlingshaftes Erlebnis, das Sie mit diesem k\u00f6stlichen, fruchtigen Gebr\u00e4u erwartet.<\/p>\n<p>30PG | 70GV<\/p>\n<p>100ml<\/p>\n<p>.<\/p>","protected":false},"excerpt":{"rendered":"<p>diverses liquides \u00e0 vape<\/p>","protected":false},"featured_media":4133,"comment_status":"open","ping_status":"closed","template":"","meta":{"om_disable_all_campaigns":false,"_monsterinsights_skip_tracking":false,"_monsterinsights_sitenote_active":false,"_monsterinsights_sitenote_note":"","_monsterinsights_sitenote_category":0,"jetpack_publicize_message":"","jetpack_publicize_feature_enabled":true,"jetpack_social_post_already_shared":true,"jetpack_social_options":{"image_generator_settings":{"template":"highway","enabled":false},"version":2}},"product_brand":[],"product_cat":[53,72],"product_tag":[],"class_list":{"0":"post-4123","1":"product","2":"type-product","3":"status-publish","4":"has-post-thumbnail","6":"product_cat-e-liquids","7":"product_cat-nouveau-vape","9":"first","10":"outofstock","11":"shipping-taxable","12":"purchasable","13":"product-type-variable"},"jetpack_publicize_connections":[],"aioseo_notices":[],"jetpack_sharing_enabled":true,"_links":{"self":[{"href":"https:\/\/swiss-hookah.ch\/de\/wp-json\/wp\/v2\/product\/4123","targetHints":{"allow":["GET"]}}],"collection":[{"href":"https:\/\/swiss-hookah.ch\/de\/wp-json\/wp\/v2\/product"}],"about":[{"href":"https:\/\/swiss-hookah.ch\/de\/wp-json\/wp\/v2\/types\/product"}],"replies":[{"embeddable":true,"href":"https:\/\/swiss-hookah.ch\/de\/wp-json\/wp\/v2\/comments?post=4123"}],"wp:featuredmedia":[{"embeddable":true,"href":"https:\/\/swiss-hookah.ch\/de\/wp-json\/wp\/v2\/media\/4133"}],"wp:attachment":[{"href":"https:\/\/swiss-hookah.ch\/de\/wp-json\/wp\/v2\/media?parent=4123"}],"wp:term":[{"taxonomy":"product_brand","embeddable":true,"href":"https:\/\/swiss-hookah.ch\/de\/wp-json\/wp\/v2\/product_brand?post=4123"},{"taxonomy":"product_cat","embeddable":true,"href":"https:\/\/swiss-hookah.ch\/de\/wp-json\/wp\/v2\/product_cat?post=4123"},{"taxonomy":"product_tag","embeddable":true,"href":"https:\/\/swiss-hookah.ch\/de\/wp-json\/wp\/v2\/product_tag?post=4123"}],"curies":[{"name":"wp","href":"https:\/\/api.w.org\/{rel}","templated":true}]}}