{"id":4101,"date":"2024-09-25T23:07:16","date_gmt":"2024-09-25T21:07:16","guid":{"rendered":"https:\/\/swiss-hookah.ch\/?post_type=product&#038;p=4101"},"modified":"2025-06-20T13:01:30","modified_gmt":"2025-06-20T11:01:30","slug":"richtobacco","status":"publish","type":"product","link":"https:\/\/swiss-hookah.ch\/de\/product\/richtobacco\/","title":{"rendered":"RICH TOBACCO - AISU TOKYO SERIES BY ZAP! JUICE | 50 ML"},"content":{"rendered":"<p>Machen Sie eine Reise nach Japan von zu Hause aus und dampfen Sie die Liquids der Aisu Tokyo Series der Marke Zap! Juice. Tokio, die Hauptstadt Japans, \u00f6ffnet Ihnen die Arme, um Ihre Sinne auf eine Reise zu schicken. Dieses wundersch\u00f6ne Land hat noch nicht aufgeh\u00f6rt, Ihnen seine Wunder und Geheimnisse mit den Aisu-Serien zu offenbaren, die es zu entdecken oder wiederzuentdecken gilt!<\/p>\n<p>Ihr Ding ist der Tabakgeschmack! Sie m\u00f6chten sich die Raucherentw\u00f6hnung erleichtern und sich f\u00fcr einen klassischen Saft entscheiden! Dann ist das Liquid Rich Tobacco mit seinen Aromen <strong>Tabak<\/strong> (klassisch) ist genau das Richtige f\u00fcr Sie.<\/p>\n<p>PG\/VG-Verh\u00e4ltnis: 30\/70.<\/p>","protected":false},"excerpt":{"rendered":"<p>liquide \u00e0 vape, toutes sortes.<\/p>","protected":false},"featured_media":4111,"comment_status":"open","ping_status":"closed","template":"","meta":{"om_disable_all_campaigns":false,"_monsterinsights_skip_tracking":false,"_monsterinsights_sitenote_active":false,"_monsterinsights_sitenote_note":"","_monsterinsights_sitenote_category":0,"jetpack_publicize_message":"","jetpack_publicize_feature_enabled":true,"jetpack_social_post_already_shared":true,"jetpack_social_options":{"image_generator_settings":{"template":"highway","enabled":false},"version":2}},"product_brand":[],"product_cat":[59],"product_tag":[],"class_list":{"0":"post-4101","1":"product","2":"type-product","3":"status-publish","4":"has-post-thumbnail","6":"product_cat-a-liquide-gourmand","8":"first","9":"instock","10":"shipping-taxable","11":"purchasable","12":"product-type-variable"},"jetpack_publicize_connections":[],"aioseo_notices":[],"jetpack_sharing_enabled":true,"_links":{"self":[{"href":"https:\/\/swiss-hookah.ch\/de\/wp-json\/wp\/v2\/product\/4101","targetHints":{"allow":["GET"]}}],"collection":[{"href":"https:\/\/swiss-hookah.ch\/de\/wp-json\/wp\/v2\/product"}],"about":[{"href":"https:\/\/swiss-hookah.ch\/de\/wp-json\/wp\/v2\/types\/product"}],"replies":[{"embeddable":true,"href":"https:\/\/swiss-hookah.ch\/de\/wp-json\/wp\/v2\/comments?post=4101"}],"wp:featuredmedia":[{"embeddable":true,"href":"https:\/\/swiss-hookah.ch\/de\/wp-json\/wp\/v2\/media\/4111"}],"wp:attachment":[{"href":"https:\/\/swiss-hookah.ch\/de\/wp-json\/wp\/v2\/media?parent=4101"}],"wp:term":[{"taxonomy":"product_brand","embeddable":true,"href":"https:\/\/swiss-hookah.ch\/de\/wp-json\/wp\/v2\/product_brand?post=4101"},{"taxonomy":"product_cat","embeddable":true,"href":"https:\/\/swiss-hookah.ch\/de\/wp-json\/wp\/v2\/product_cat?post=4101"},{"taxonomy":"product_tag","embeddable":true,"href":"https:\/\/swiss-hookah.ch\/de\/wp-json\/wp\/v2\/product_tag?post=4101"}],"curies":[{"name":"wp","href":"https:\/\/api.w.org\/{rel}","templated":true}]}}