{"id":4075,"date":"2024-09-25T15:44:49","date_gmt":"2024-09-25T13:44:49","guid":{"rendered":"https:\/\/swiss-hookah.ch\/?post_type=product&#038;p=4075"},"modified":"2025-06-18T02:08:23","modified_gmt":"2025-06-18T00:08:23","slug":"fr4","status":"publish","type":"product","link":"https:\/\/swiss-hookah.ch\/de\/product\/fr4\/","title":{"rendered":"DE-4 - ALFALIQUID | CLASSICS | 50ML IN 70ML"},"content":{"rendered":"<p>Finden Sie die e-Liquids\u00a0<a href=\"https:\/\/www.freevap.ch\/fr\/alfaliquid\/\"><strong>Alfaliquid<\/strong><\/a>\u00a0im Gro\u00dfformat 50 ml f\u00fcr alle, die nie genug von ihren Lieblings-Alfa-Juices bekommen k\u00f6nnen. Finden Sie die ganze Qualit\u00e4t der Alfa-Liquids in Shortfills, die zum Boosten bereit sind. AFNOR-Zertifizierung f\u00fcr eine optimale R\u00fcckverfolgbarkeit, Alfa dampft mit geschlossenen Augen, Sie m\u00fcssen nur noch Ihr Gl\u00fcck unter ihren zahlreichen klassischen, fruchtigen, frischen oder leckeren Geschmacksrichtungen finden.<\/p>\n<p>Wie ein Seilt\u00e4nzer schwingt das Liquid gekonnt zwischen einem Aroma von <strong>classic blond<\/strong> von gro\u00dfer Feinheit und Noten von <strong>N\u00fcsse<\/strong> und von <strong>Karamell<\/strong>mit einem unwiderstehlichen Hauch von Gaumenfreuden. Lassen Sie sich diese klassische Gourmet-Demonstration nicht entgehen, die vom Alfa-Team mit gro\u00dfer Meisterschaft durchgef\u00fchrt wurde.<\/p>\n<p>&nbsp;<\/p>\n<p>PG\/VG-Verh\u00e4ltnis: 50\/50. Geeignet f\u00fcr MTL-, RDL- oder DTL-Inhalation.<\/p>","protected":false},"excerpt":{"rendered":"<p>liquide \u00e0 vape, toutes sortes.<\/p>","protected":false},"featured_media":4085,"comment_status":"open","ping_status":"closed","template":"","meta":{"om_disable_all_campaigns":false,"_monsterinsights_skip_tracking":false,"_monsterinsights_sitenote_active":false,"_monsterinsights_sitenote_note":"","_monsterinsights_sitenote_category":0,"jetpack_publicize_message":"","jetpack_publicize_feature_enabled":true,"jetpack_social_post_already_shared":true,"jetpack_social_options":{"image_generator_settings":{"template":"highway","enabled":false},"version":2}},"product_brand":[],"product_cat":[59,74,72],"product_tag":[],"class_list":{"0":"post-4075","1":"product","2":"type-product","3":"status-publish","4":"has-post-thumbnail","6":"product_cat-a-liquide-gourmand","7":"product_cat-best-seller","8":"product_cat-nouveau-vape","10":"first","11":"instock","12":"shipping-taxable","13":"purchasable","14":"product-type-variable"},"jetpack_publicize_connections":[],"aioseo_notices":[],"jetpack_sharing_enabled":true,"_links":{"self":[{"href":"https:\/\/swiss-hookah.ch\/de\/wp-json\/wp\/v2\/product\/4075","targetHints":{"allow":["GET"]}}],"collection":[{"href":"https:\/\/swiss-hookah.ch\/de\/wp-json\/wp\/v2\/product"}],"about":[{"href":"https:\/\/swiss-hookah.ch\/de\/wp-json\/wp\/v2\/types\/product"}],"replies":[{"embeddable":true,"href":"https:\/\/swiss-hookah.ch\/de\/wp-json\/wp\/v2\/comments?post=4075"}],"wp:featuredmedia":[{"embeddable":true,"href":"https:\/\/swiss-hookah.ch\/de\/wp-json\/wp\/v2\/media\/4085"}],"wp:attachment":[{"href":"https:\/\/swiss-hookah.ch\/de\/wp-json\/wp\/v2\/media?parent=4075"}],"wp:term":[{"taxonomy":"product_brand","embeddable":true,"href":"https:\/\/swiss-hookah.ch\/de\/wp-json\/wp\/v2\/product_brand?post=4075"},{"taxonomy":"product_cat","embeddable":true,"href":"https:\/\/swiss-hookah.ch\/de\/wp-json\/wp\/v2\/product_cat?post=4075"},{"taxonomy":"product_tag","embeddable":true,"href":"https:\/\/swiss-hookah.ch\/de\/wp-json\/wp\/v2\/product_tag?post=4075"}],"curies":[{"name":"wp","href":"https:\/\/api.w.org\/{rel}","templated":true}]}}