{"id":3658,"date":"2024-06-02T13:43:20","date_gmt":"2024-06-02T11:43:20","guid":{"rendered":"https:\/\/swiss-hookah.ch\/?post_type=product&#038;p=3658"},"modified":"2026-03-09T23:42:25","modified_gmt":"2026-03-09T22:42:25","slug":"smokah27","status":"publish","type":"product","link":"https:\/\/swiss-hookah.ch\/de\/product\/smokah27\/","title":{"rendered":"Naturkohle Shishko 27er 1KG"},"content":{"rendered":"<p><strong>BESCHREIBUNG<\/strong><\/p>\n<p>Die Premium-Naturkohle von Shishko wird aus Kokosnussschalen hergestellt.<\/p>\n<p>Dank ihrer besonders langen Brenndauer (bis zu 120 Minuten) eignen sich diese Kohlew\u00fcrfel hervorragend zum Rauchen von Shishas.<\/p>\n<p>Da bei der Herstellung in Indonesien keine chemischen Zusatzstoffe verwendet werden, haben diese geruchlosen Kohlen keinen besonderen Geschmack.<\/p>\n<p><strong>DETAILS<\/strong><\/p>\n<p>Brenndauer: bis zu 120 Minuten<br \/>\nniedriger Aschegehalt<br \/>\nInhalt: 1 kg<br \/>\nKohle in W\u00fcrfeln<br \/>\nAbmessungen (Kohlew\u00fcrfel): 27 x 27 x 27 mm<\/p>\n<p><strong>LIEFERUMFANG<\/strong><\/p>\n<p>1KG<\/p>\n<p>&nbsp;<\/p>","protected":false},"excerpt":{"rendered":"<p>charbon naturel premium \u00e0 chicha sont fabriqu\u00e9s \u00e0 partir d&rsquo;\u00e9corces de noix de coco. 27mm<\/p>","protected":false},"featured_media":6682,"comment_status":"open","ping_status":"closed","template":"","meta":{"om_disable_all_campaigns":false,"_monsterinsights_skip_tracking":false,"_monsterinsights_sitenote_active":false,"_monsterinsights_sitenote_note":"","_monsterinsights_sitenote_category":0,"jetpack_publicize_message":"","jetpack_publicize_feature_enabled":true,"jetpack_social_post_already_shared":true,"jetpack_social_options":{"image_generator_settings":{"template":"highway","enabled":false},"version":2}},"product_brand":[],"product_cat":[61],"product_tag":[],"class_list":{"0":"post-3658","1":"product","2":"type-product","3":"status-publish","4":"has-post-thumbnail","6":"product_cat-charbon","8":"first","9":"instock","10":"shipping-taxable","11":"purchasable","12":"product-type-simple"},"jetpack_publicize_connections":[],"aioseo_notices":[],"jetpack_sharing_enabled":true,"_links":{"self":[{"href":"https:\/\/swiss-hookah.ch\/de\/wp-json\/wp\/v2\/product\/3658","targetHints":{"allow":["GET"]}}],"collection":[{"href":"https:\/\/swiss-hookah.ch\/de\/wp-json\/wp\/v2\/product"}],"about":[{"href":"https:\/\/swiss-hookah.ch\/de\/wp-json\/wp\/v2\/types\/product"}],"replies":[{"embeddable":true,"href":"https:\/\/swiss-hookah.ch\/de\/wp-json\/wp\/v2\/comments?post=3658"}],"wp:featuredmedia":[{"embeddable":true,"href":"https:\/\/swiss-hookah.ch\/de\/wp-json\/wp\/v2\/media\/6682"}],"wp:attachment":[{"href":"https:\/\/swiss-hookah.ch\/de\/wp-json\/wp\/v2\/media?parent=3658"}],"wp:term":[{"taxonomy":"product_brand","embeddable":true,"href":"https:\/\/swiss-hookah.ch\/de\/wp-json\/wp\/v2\/product_brand?post=3658"},{"taxonomy":"product_cat","embeddable":true,"href":"https:\/\/swiss-hookah.ch\/de\/wp-json\/wp\/v2\/product_cat?post=3658"},{"taxonomy":"product_tag","embeddable":true,"href":"https:\/\/swiss-hookah.ch\/de\/wp-json\/wp\/v2\/product_tag?post=3658"}],"curies":[{"name":"wp","href":"https:\/\/api.w.org\/{rel}","templated":true}]}}