{"id":3654,"date":"2024-06-02T13:35:01","date_gmt":"2024-06-02T11:35:01","guid":{"rendered":"https:\/\/swiss-hookah.ch\/?post_type=product&#038;p=3654"},"modified":"2025-12-07T05:06:08","modified_gmt":"2025-12-07T04:06:08","slug":"geevape-3","status":"publish","type":"product","link":"https:\/\/swiss-hookah.ch\/de\/product\/geevape-3\/","title":{"rendered":"VECO GO - VAPORESSO | PACK X2"},"content":{"rendered":"<p>\ud83d\udd27 Vaporesso Veco Go Cartridge - 0.6 \u03a9 Mesh (5 ml)<\/p>\n<p>Diese Ersatzkartusche ist f\u00fcr ein dichtes und geschmackvolles Dampfen optimiert und wurde exklusiv f\u00fcr das Vaporesso Veco Go Kit entwickelt. Sie enth\u00e4lt einen COREX Mesh-Widerstand von 0.6 \u03a9, ideal f\u00fcr einen RDL-Zug (restrictive direct).<\/p>\n<p>\u2699\ufe0f Technische Daten :<\/p>\n<p>- Eingebauter Widerstand: 0.6 \u03a9 Mesh (nicht austauschbar)<\/p>\n<p>- Optimale Leistung: 18-22 W (wird vom Kit automatisch angepasst)<\/p>\n<p>- Kapazit\u00e4t: 5 ml e-Fl\u00fcssigkeit<\/p>\n<p>- Art des Dampfes : RDL - gro\u00dfz\u00fcgiger Dampf, leicht luftiger Zug<\/p>\n<p>- Airflow: einstellbar durch Drehen der Kartusche am Veco Go Kit<\/p>\n<p>- Bef\u00fcllung: von unten \u00fcber eine Silikonklappe<\/p>\n<p>- COREX-Technologie: schnelles Aufheizen, originalgetreuer Geschmack, lange Lebensdauer<\/p>\n<p>- Material: PCTG-Kunststoff (lebensmittelecht, BPA-frei)<\/p>\n<p>- Verbindung: magnetisch - einfache und sichere Befestigung<\/p>\n<p>- Kompatibilit\u00e4t: nur mit dem Vaporesso Veco Go<\/p>\n<p>\ud83d\udca8 Hinweise zur Verwendung :<\/p>\n<p>- Perfekt f\u00fcr E-Liquids in 50\/50 oder 40\/60 VG\/PG<\/p>\n<p>- Geeignet f\u00fcr niedrige bis mittlere Nikotinst\u00e4rken (bis zu 9 mg\/ml)<\/p>\n<p>- Nicht mit Nikotinsalzen verwenden (Pod 0.8 \u03a9 bevorzugen).<\/p>","protected":false},"excerpt":{"rendered":"<p>Cartouche veco go<\/p>","protected":false},"featured_media":5641,"comment_status":"open","ping_status":"closed","template":"","meta":{"om_disable_all_campaigns":false,"_monsterinsights_skip_tracking":false,"_monsterinsights_sitenote_active":false,"_monsterinsights_sitenote_note":"","_monsterinsights_sitenote_category":0,"jetpack_publicize_message":"","jetpack_publicize_feature_enabled":true,"jetpack_social_post_already_shared":true,"jetpack_social_options":{"image_generator_settings":{"template":"highway","enabled":false},"version":2}},"product_brand":[],"product_cat":[72,78],"product_tag":[],"class_list":{"0":"post-3654","1":"product","2":"type-product","3":"status-publish","4":"has-post-thumbnail","6":"product_cat-nouveau-vape","7":"product_cat-resis","9":"first","10":"instock","11":"shipping-taxable","12":"purchasable","13":"product-type-variable"},"jetpack_publicize_connections":[],"aioseo_notices":[],"jetpack_sharing_enabled":true,"_links":{"self":[{"href":"https:\/\/swiss-hookah.ch\/de\/wp-json\/wp\/v2\/product\/3654","targetHints":{"allow":["GET"]}}],"collection":[{"href":"https:\/\/swiss-hookah.ch\/de\/wp-json\/wp\/v2\/product"}],"about":[{"href":"https:\/\/swiss-hookah.ch\/de\/wp-json\/wp\/v2\/types\/product"}],"replies":[{"embeddable":true,"href":"https:\/\/swiss-hookah.ch\/de\/wp-json\/wp\/v2\/comments?post=3654"}],"wp:featuredmedia":[{"embeddable":true,"href":"https:\/\/swiss-hookah.ch\/de\/wp-json\/wp\/v2\/media\/5641"}],"wp:attachment":[{"href":"https:\/\/swiss-hookah.ch\/de\/wp-json\/wp\/v2\/media?parent=3654"}],"wp:term":[{"taxonomy":"product_brand","embeddable":true,"href":"https:\/\/swiss-hookah.ch\/de\/wp-json\/wp\/v2\/product_brand?post=3654"},{"taxonomy":"product_cat","embeddable":true,"href":"https:\/\/swiss-hookah.ch\/de\/wp-json\/wp\/v2\/product_cat?post=3654"},{"taxonomy":"product_tag","embeddable":true,"href":"https:\/\/swiss-hookah.ch\/de\/wp-json\/wp\/v2\/product_tag?post=3654"}],"curies":[{"name":"wp","href":"https:\/\/api.w.org\/{rel}","templated":true}]}}