{"id":3644,"date":"2024-06-02T13:26:36","date_gmt":"2024-06-02T11:26:36","guid":{"rendered":"https:\/\/swiss-hookah.ch\/?post_type=product&#038;p=3644"},"modified":"2025-11-18T15:09:15","modified_gmt":"2025-11-18T14:09:15","slug":"wenax","status":"publish","type":"product","link":"https:\/\/swiss-hookah.ch\/de\/product\/wenax\/","title":{"rendered":"GEEKVAPE - WENAX Q Pro- 25W"},"content":{"rendered":"<p><strong>Wenax Q Pro: Eine vielseitige und intuitive E-Zigarette<\/strong><\/p>\n<p>Egal, ob Sie Anf\u00e4nger oder Experte beim Dampfen sind, der <strong>Wenax Q Pro<\/strong> passt sich perfekt an Ihre Bed\u00fcrfnisse an. Dank der einstellbaren Leistung und der vereinfachten Bedienung bietet dieser Pod ein individuelles Erlebnis, das von einem engen Zug bis hin zu luftigen Wolken reicht.<\/p>\n<p><strong>Regulierbare Leistung f\u00fcr alle Dampfstile<\/strong><\/p>\n<p>Mit einer maximalen Leistung von <strong>30W<\/strong> und ein <strong>einstellbare Airflow<\/strong>Mit dem Wenax Q Pro k\u00f6nnen Sie ganz einfach f\u00fcr Abwechslung sorgen. Sie k\u00f6nnen abwechselnd zwischen :<\/p>\n<p>-\t<strong>MTL (indirekte Inhalation)<\/strong> f\u00fcr einen engen Zug, der der klassischen Zigarette \u00e4hnelt.<\/p>\n<p>-\t<strong>RDL (halbdirekte Inhalation)<\/strong> f\u00fcr ein luftigeres Dampfen.<\/p>\n<p>Es stehen zwei Modi zur Verf\u00fcgung, um alle Ihre W\u00fcnsche zu erf\u00fcllen:<\/p>\n<p>-\t<strong>Power-Modus<\/strong> : Stellen Sie die Leistung manuell ein, um einen ma\u00dfgeschneiderten Dampf zu erzeugen.<\/p>\n<p>-\t<strong>Smart-Modus<\/strong> Der Pod stellt automatisch die ideale Leistung f\u00fcr den installierten Widerstand ein. Sie k\u00f6nnen die Wattzahl dennoch in einem angepassten Bereich \u00e4ndern, wodurch das Risiko vermieden wird, dass Ihr Widerstand verbrennt.<\/p>\n<p><strong>Vereinfachte und zug\u00e4ngliche Nutzung<\/strong><\/p>\n<p>Der Wenax Q Pro ist intuitiv gestaltet, ideal f\u00fcr Anf\u00e4nger unter den Dampfern. Alles wird \u00fcber den <strong>Feuerknopf<\/strong> :<\/p>\n<p>-\t<strong>5 Klicks<\/strong> : Schaltet das Ger\u00e4t ein oder aus.<\/p>\n<p>-\t<strong>4 Klicks<\/strong> : Rufen Sie das Men\u00fc auf, um Ihren Modus auszuw\u00e4hlen, den Puffz\u00e4hler zur\u00fcckzusetzen, die Feuertaste zu sperren oder den Eco-Modus zu aktivieren.<\/p>\n<p>-\t<strong>3 Klicks<\/strong> : die Leistung anpassen.<\/p>\n<p>Zum Vaporisieren haben Sie die Wahl zwischen :<\/p>\n<p>-\t<strong>Aktivierung durch Knopfdruck.<\/strong><\/p>\n<p>-\t<strong>Autodraw<\/strong> (das Ger\u00e4t aktiviert sich automatisch bei der Inhalation).<\/p>\n<p><strong>Zuverl\u00e4ssige Autonomie und schnelles Aufladen<\/strong><\/p>\n<p>Ausgestattet mit einem eingebauten Akku von <strong>1200 mAh<\/strong>Der Wenax Q Pro begleitet Sie den ganzen Tag. Wenn es Zeit ist, ihn aufzuladen, ist der Anschluss <strong>USB-C 5V\/2A<\/strong> erm\u00f6glicht eine vollst\u00e4ndige Aufladung in nur <strong>30 Minuten<\/strong>. Perfekt f\u00fcr alle, die es eilig haben!<\/p>\n<p><strong>Q-Patronen: Leistung und Einfachheit<\/strong><\/p>\n<p>Der Wenax Q Pro nutzt die <strong>Q-Patronen von Geekvape<\/strong>Sie sind f\u00fcr ihre Benutzerfreundlichkeit und Leistung bekannt:<\/p>\n<p>-\t<strong>Bef\u00fcllung von oben<\/strong> f\u00fcr ein Reservoir von <strong>2 ml<\/strong>.<\/p>\n<p>-\t<strong>Mesh-Widerst\u00e4nde<\/strong> mit dichtem Dampf und optimalem Geschmack, dank der VPU-Technologie, die die Aufnahme der e-Fl\u00fcssigkeit verbessert.<\/p>\n<p>Zwei im Kit enthaltene Widerst\u00e4nde :<\/p>\n<p>1.\t<strong>Q-Kartusche 0.6 Ohm<\/strong> : ideal f\u00fcr einen Abzug <strong>RDL<\/strong>mit einem Leistungsbereich von <strong>18W bis 25W<\/strong>PG\/VG E-Liquids zwischen <strong>50\/50<\/strong> und <strong>40\/60<\/strong>und ein Nikotingehalt von bis zu <strong>12 mg\/ml<\/strong>.<\/p>\n<p>2.\t<strong>Q-Kartusche 0.8 Ohm<\/strong> : perfekt f\u00fcr einen Abzug <strong>MTL<\/strong>mit einem Leistungsbereich von <strong>12W bis 18W<\/strong>Das PG\/VG-Verh\u00e4ltnis liegt zwischen <strong>60\/40<\/strong> und <strong>40\/60<\/strong>und ein Nikotingehalt von bis zu <strong>20 mg\/ml<\/strong>.<\/p>\n<p>Mit dem Wenax Q Pro genie\u00dfen Sie ein ma\u00dfgeschneidertes, vielseitiges und einfach zu bedienendes Dampferlebnis, ideal f\u00fcr alle Dampferprofile!<\/p>\n<h3><\/h3>\n<h3><\/h3>","protected":false},"excerpt":{"rendered":"<p>Ob Sie eher eine Aktivierung per Knopfdruck oder eine Aktivierung <strong>autodraw<\/strong> bei jeder Inhalation kann der Wenax Q Pro beides. So k\u00f6nnen Sie seine <strong>25 Watt<\/strong><\/p>","protected":false},"featured_media":4967,"comment_status":"open","ping_status":"closed","template":"","meta":{"om_disable_all_campaigns":false,"_monsterinsights_skip_tracking":false,"_monsterinsights_sitenote_active":false,"_monsterinsights_sitenote_note":"","_monsterinsights_sitenote_category":0,"jetpack_publicize_message":"","jetpack_publicize_feature_enabled":true,"jetpack_social_post_already_shared":true,"jetpack_social_options":{"image_generator_settings":{"template":"highway","enabled":false},"version":2}},"product_brand":[],"product_cat":[74,56],"product_tag":[],"class_list":{"0":"post-3644","1":"product","2":"type-product","3":"status-publish","4":"has-post-thumbnail","6":"product_cat-best-seller","7":"product_cat-vape","9":"first","10":"instock","11":"shipping-taxable","12":"purchasable","13":"product-type-variable"},"jetpack_publicize_connections":[],"aioseo_notices":[],"jetpack_sharing_enabled":true,"_links":{"self":[{"href":"https:\/\/swiss-hookah.ch\/de\/wp-json\/wp\/v2\/product\/3644","targetHints":{"allow":["GET"]}}],"collection":[{"href":"https:\/\/swiss-hookah.ch\/de\/wp-json\/wp\/v2\/product"}],"about":[{"href":"https:\/\/swiss-hookah.ch\/de\/wp-json\/wp\/v2\/types\/product"}],"replies":[{"embeddable":true,"href":"https:\/\/swiss-hookah.ch\/de\/wp-json\/wp\/v2\/comments?post=3644"}],"wp:featuredmedia":[{"embeddable":true,"href":"https:\/\/swiss-hookah.ch\/de\/wp-json\/wp\/v2\/media\/4967"}],"wp:attachment":[{"href":"https:\/\/swiss-hookah.ch\/de\/wp-json\/wp\/v2\/media?parent=3644"}],"wp:term":[{"taxonomy":"product_brand","embeddable":true,"href":"https:\/\/swiss-hookah.ch\/de\/wp-json\/wp\/v2\/product_brand?post=3644"},{"taxonomy":"product_cat","embeddable":true,"href":"https:\/\/swiss-hookah.ch\/de\/wp-json\/wp\/v2\/product_cat?post=3644"},{"taxonomy":"product_tag","embeddable":true,"href":"https:\/\/swiss-hookah.ch\/de\/wp-json\/wp\/v2\/product_tag?post=3644"}],"curies":[{"name":"wp","href":"https:\/\/api.w.org\/{rel}","templated":true}]}}