{"id":3422,"date":"2024-05-01T14:59:06","date_gmt":"2024-05-01T12:59:06","guid":{"rendered":"https:\/\/swiss-hookah.ch\/?post_type=product&#038;p=3422"},"modified":"2024-06-21T13:24:02","modified_gmt":"2024-06-21T11:24:02","slug":"licorne","status":"publish","type":"product","link":"https:\/\/swiss-hookah.ch\/de\/product\/licorne\/","title":{"rendered":"Der Flip Pod by PULP - Starter Kit - Einhorn (Drachenfrucht, Erdbeer-Eis)"},"content":{"rendered":"<h4><b>Flip By Pulp mit wiederaufladbarem Akku und austauschbarer Patrone!<\/b><\/h4>\n<table style=\"height: 311px\" width=\"392\" cellspacing=\"0\" cellpadding=\"0\">\n<tbody>\n<tr>\n<td valign=\"top\">\n<ul>\n<li><strong>Geschm\u00e4cker<span class=\"Apple-converted-space\">\u00a0<\/span><\/strong><\/li>\n<\/ul>\n<\/td>\n<td valign=\"top\"><em>Drachenfrucht, Erdbeere Eis<\/em><\/td>\n<\/tr>\n<tr>\n<td valign=\"top\">\n<ul>\n<li><strong>Nikotin<span class=\"Apple-converted-space\">\u00a0<\/span><\/strong><\/li>\n<\/ul>\n<\/td>\n<td valign=\"top\"><em>2% (20mg\/ml)<\/em><\/td>\n<\/tr>\n<tr>\n<td valign=\"top\">\n<ul>\n<li><strong>Patrone<\/strong><span class=\"Apple-converted-space\">\u00a0<\/span><\/li>\n<\/ul>\n<\/td>\n<td valign=\"top\"><em>2ml (700 - 1000 Z\u00fcge)*<\/em><\/td>\n<\/tr>\n<tr>\n<td valign=\"top\">\n<ul>\n<li><strong>Ziehung<span class=\"Apple-converted-space\">\u00a0<\/span><\/strong><\/li>\n<\/ul>\n<\/td>\n<td valign=\"top\"><em>mtl<span class=\"Apple-converted-space\">\u00a0<\/span><\/em><\/td>\n<\/tr>\n<tr>\n<td valign=\"top\">\n<ul>\n<li><strong>Ladeger\u00e4t<\/strong><span class=\"Apple-converted-space\">\u00a0<\/span><\/li>\n<\/ul>\n<\/td>\n<td valign=\"top\"><em>USB-C<\/em><\/td>\n<\/tr>\n<tr>\n<td valign=\"top\">\n<ul>\n<li><strong>Patrone<\/strong><span class=\"Apple-converted-space\">\u00a0<\/span><\/li>\n<\/ul>\n<\/td>\n<td valign=\"top\"><em>Auswechselbar<span class=\"Apple-converted-space\">\u00a0<\/span><\/em><\/td>\n<\/tr>\n<\/tbody>\n<\/table>\n<p>* h\u00e4ngt von Verbrauch und Auflage ab<\/p>\n<p><strong>Geliefert mit :<\/strong> der nachf\u00fcllbare PULP-Pod und eine vorgef\u00fcllte 2-ml-PULP-Patrone mit gefrorener schwarzer Johannisbeere<\/p>\n<p><strong>Der wiederaufladbare Puff (Pod) by PULP<\/strong> bietet ein Vaporisationserlebnis <strong>praktisch und kosteng\u00fcnstig<\/strong>und setzt damit den Standard f\u00fcr herk\u00f6mmliche Einwegger\u00e4te neu. Ausgestattet mit einer wiederaufladbaren Batterie \u00fcber<strong> USB-C<\/strong>Dieser Puff ist f\u00fcr eine l\u00e4ngere Nutzung konzipiert und bietet eine lange Lebensdauer. <strong>nachhaltige Alternative<\/strong> zu gew\u00f6hnlichen Einwegprodukten.<\/p>\n<p>Die <strong>Patrone<\/strong> des Puffs ist leicht<strong> austauschbar<\/strong>Sie k\u00f6nnen damit <strong>ihre Erfahrung personalisieren<\/strong> dampfen, indem Sie aus einer Vielzahl von Geschmacksrichtungen w\u00e4hlen. Jede Patrone enth\u00e4lt <strong>2 ml Fl\u00fcssigkeit<\/strong>Die Patrone hat eine Kapazit\u00e4t von 700 bis 1000 Z\u00fcgen und ist damit besonders langlebig. Die Fl\u00fcssigkeit in der Patrone hat ein ausgewogenes Verh\u00e4ltnis von 50% Propylenglykol (PG) und 50% pflanzlichem Glycerin (VG), was ein angenehmes Dampferlebnis garantiert. <strong>weich und befriedigend<\/strong>.<\/p>\n<p>Mit seinem Nikotingehalt <strong>festgelegt auf 2%<\/strong>Der nachf\u00fcllbare Puff by PULP bietet eine moderate M\u00f6glichkeit zum Dampfen, ideal f\u00fcr Nutzer, die auf der Suche nach <strong>reduzieren<\/strong> ihren Verbrauch von <strong>Nikotin<\/strong> und dabei ein angenehmes Dampferlebnis genie\u00dfen.<\/p>\n<p>Die<strong> einfache Handhabung<\/strong> steht im Mittelpunkt der Gestaltung dieses Pods, mit einem <strong>kompaktes Design<\/strong> die sie einfach zu <strong>transportieren<\/strong> und zu <strong>manipulieren<\/strong>. Dank der USB-C-Ladung bietet sie eine praktische und umweltfreundliche L\u00f6sung<strong>,<\/strong> <strong>eliminiert<\/strong> <strong>das st\u00e4ndige Bed\u00fcrfnis, Einwegger\u00e4te zu kaufen und gleichzeitig die Umwelt zu schonen.<\/strong><\/p>\n<p>Zusammenfassend l\u00e4sst sich sagen, dass der<strong> pod by PULP<\/strong> stellt einen Fortschritt dar<strong> innovativ<\/strong> in der Welt des Vaporisierens und bietet eine Option mehr <strong>rentabel<\/strong>, <strong>\u00f6kologisch<\/strong> und <strong>anpassbar<\/strong> im Vergleich zu herk\u00f6mmlichen Einwegprodukten.<\/p>\n<p><img decoding=\"async\" class=\"alignnone wp-image-1810\" src=\"http:\/\/swiss-hookah.ch\/wp-content\/uploads\/2023\/11\/Unknown.jpeg\" alt=\"\" width=\"101\" height=\"101\" srcset=\"https:\/\/swiss-hookah.ch\/wp-content\/uploads\/2023\/11\/Unknown.jpeg 225w, https:\/\/swiss-hookah.ch\/wp-content\/uploads\/2023\/11\/Unknown-150x150.jpeg 150w, https:\/\/swiss-hookah.ch\/wp-content\/uploads\/2023\/11\/Unknown-100x100.jpeg 100w\" sizes=\"(max-width: 101px) 100vw, 101px\" \/><\/p>","protected":false},"excerpt":{"rendered":"<p>die nachf\u00fcllbare Puff (Pod) und austauschbare Patrone by PULP f\u00fcr eine Option mehr <strong>rentabel<\/strong>, <strong>\u00f6kologisch<\/strong> und <strong>anpassbar.\u00a0<\/strong>Nachf\u00fcllbarer Puff, 2%, austauschbare Patrone, Melone, Eispfirsich.<\/p>","protected":false},"featured_media":3423,"comment_status":"open","ping_status":"closed","template":"","meta":{"om_disable_all_campaigns":false,"_monsterinsights_skip_tracking":false,"_monsterinsights_sitenote_active":false,"_monsterinsights_sitenote_note":"","_monsterinsights_sitenote_category":0,"jetpack_publicize_message":"","jetpack_publicize_feature_enabled":true,"jetpack_social_post_already_shared":true,"jetpack_social_options":{"image_generator_settings":{"template":"highway","enabled":false},"version":2}},"product_brand":[],"product_cat":[58],"product_tag":[],"class_list":{"0":"post-3422","1":"product","2":"type-product","3":"status-publish","4":"has-post-thumbnail","6":"product_cat-pulp","8":"first","9":"outofstock","10":"shipping-taxable","11":"purchasable","12":"product-type-simple"},"jetpack_publicize_connections":[],"aioseo_notices":[],"jetpack_sharing_enabled":true,"_links":{"self":[{"href":"https:\/\/swiss-hookah.ch\/de\/wp-json\/wp\/v2\/product\/3422","targetHints":{"allow":["GET"]}}],"collection":[{"href":"https:\/\/swiss-hookah.ch\/de\/wp-json\/wp\/v2\/product"}],"about":[{"href":"https:\/\/swiss-hookah.ch\/de\/wp-json\/wp\/v2\/types\/product"}],"replies":[{"embeddable":true,"href":"https:\/\/swiss-hookah.ch\/de\/wp-json\/wp\/v2\/comments?post=3422"}],"wp:featuredmedia":[{"embeddable":true,"href":"https:\/\/swiss-hookah.ch\/de\/wp-json\/wp\/v2\/media\/3423"}],"wp:attachment":[{"href":"https:\/\/swiss-hookah.ch\/de\/wp-json\/wp\/v2\/media?parent=3422"}],"wp:term":[{"taxonomy":"product_brand","embeddable":true,"href":"https:\/\/swiss-hookah.ch\/de\/wp-json\/wp\/v2\/product_brand?post=3422"},{"taxonomy":"product_cat","embeddable":true,"href":"https:\/\/swiss-hookah.ch\/de\/wp-json\/wp\/v2\/product_cat?post=3422"},{"taxonomy":"product_tag","embeddable":true,"href":"https:\/\/swiss-hookah.ch\/de\/wp-json\/wp\/v2\/product_tag?post=3422"}],"curies":[{"name":"wp","href":"https:\/\/api.w.org\/{rel}","templated":true}]}}