{"id":3411,"date":"2024-05-01T14:50:17","date_gmt":"2024-05-01T12:50:17","guid":{"rendered":"https:\/\/swiss-hookah.ch\/?post_type=product&#038;p=3411"},"modified":"2025-06-18T01:27:11","modified_gmt":"2025-06-17T23:27:11","slug":"savourea5","status":"publish","type":"product","link":"https:\/\/swiss-hookah.ch\/de\/product\/savourea5\/","title":{"rendered":"FRISCHE GELBE DRACHENFRUCHT BLAUE HIMBEERE - LE PETIT VERGER BY SAVOUREA"},"content":{"rendered":"<p>Entdecken Sie die fruchtigen K\u00f6stlichkeiten der Produktreihe Le Petit Verger neu, jetzt mit einer erfrischenden Note, und tauchen Sie ein in ein Dampferlebnis, das sowohl k\u00f6stlich als auch belebend ist. Diese hochwertigen E-Liquids werden von Savourea sorgf\u00e4ltig in Frankreich hergestellt.<\/p>\n<p>Verleihen Sie Ihrem Dampfen einen Hauch von Farbe mit diesem Liquid, das den exotischen Duft von Drachenfrucht mit den s\u00fc\u00dfen Noten von blauer Himbeere verstr\u00f6mt. Entsprechend seiner frischen Version k\u00f6nnen Sie sich auf einen intensiv gefrosteten Zug gefasst machen. Es ist ein Juice, das durch seine klaren Aromen besticht und perfekt f\u00fcr alle ist, die ein frisches und fruchtiges Dampfen sch\u00e4tzen.<\/p>\n<p>Dieses Produkt wird in einer 70-ml-Einhornflasche mit 50 ml Fl\u00fcssigkeit mit Boost-Aromen angeboten und erm\u00f6glicht eine individuelle Anpassung der Nikotindosierung. F\u00fcgen Sie Booster (nicht enthalten) nach Bedarf hinzu: einen Booster f\u00fcr eine Dosierung von 3 mg\/ml oder zwei f\u00fcr 6 mg\/ml.<\/p>\n<p>Das PG\/VG-Verh\u00e4ltnis ist ausgewogen bei 50\/50, mit einem Nikotingehalt von 0 mg\/ml an der Basis.<\/p>\n<p>Diese E-Liquids werden mit Stolz in Frankreich hergestellt und verbinden Tradition und Moderne f\u00fcr ein unvergessliches Dampferlebnis.<\/p>\n<p>.<\/p>","protected":false},"excerpt":{"rendered":"<h1 class=\"h1 product-title\"><span class=\"product-title-inner\">FRISCHE GELBE DRACHENFRUCHT BLAUE HIMBEERE - LE PETIT VERGER BY SAVOUREA<\/span><\/h1>","protected":false},"featured_media":3421,"comment_status":"open","ping_status":"closed","template":"","meta":{"om_disable_all_campaigns":false,"_monsterinsights_skip_tracking":false,"_monsterinsights_sitenote_active":false,"_monsterinsights_sitenote_note":"","_monsterinsights_sitenote_category":0,"jetpack_publicize_message":"","jetpack_publicize_feature_enabled":true,"jetpack_social_post_already_shared":true,"jetpack_social_options":{"image_generator_settings":{"template":"highway","enabled":false},"version":2}},"product_brand":[],"product_cat":[53],"product_tag":[],"class_list":{"0":"post-3411","1":"product","2":"type-product","3":"status-publish","4":"has-post-thumbnail","6":"product_cat-e-liquids","8":"first","9":"instock","10":"shipping-taxable","11":"purchasable","12":"product-type-variable"},"jetpack_publicize_connections":[],"aioseo_notices":[],"jetpack_sharing_enabled":true,"_links":{"self":[{"href":"https:\/\/swiss-hookah.ch\/de\/wp-json\/wp\/v2\/product\/3411","targetHints":{"allow":["GET"]}}],"collection":[{"href":"https:\/\/swiss-hookah.ch\/de\/wp-json\/wp\/v2\/product"}],"about":[{"href":"https:\/\/swiss-hookah.ch\/de\/wp-json\/wp\/v2\/types\/product"}],"replies":[{"embeddable":true,"href":"https:\/\/swiss-hookah.ch\/de\/wp-json\/wp\/v2\/comments?post=3411"}],"wp:featuredmedia":[{"embeddable":true,"href":"https:\/\/swiss-hookah.ch\/de\/wp-json\/wp\/v2\/media\/3421"}],"wp:attachment":[{"href":"https:\/\/swiss-hookah.ch\/de\/wp-json\/wp\/v2\/media?parent=3411"}],"wp:term":[{"taxonomy":"product_brand","embeddable":true,"href":"https:\/\/swiss-hookah.ch\/de\/wp-json\/wp\/v2\/product_brand?post=3411"},{"taxonomy":"product_cat","embeddable":true,"href":"https:\/\/swiss-hookah.ch\/de\/wp-json\/wp\/v2\/product_cat?post=3411"},{"taxonomy":"product_tag","embeddable":true,"href":"https:\/\/swiss-hookah.ch\/de\/wp-json\/wp\/v2\/product_tag?post=3411"}],"curies":[{"name":"wp","href":"https:\/\/api.w.org\/{rel}","templated":true}]}}