{"id":3400,"date":"2024-05-01T14:39:59","date_gmt":"2024-05-01T12:39:59","guid":{"rendered":"https:\/\/swiss-hookah.ch\/?post_type=product&#038;p=3400"},"modified":"2024-05-24T02:30:51","modified_gmt":"2024-05-24T00:30:51","slug":"savourea4","status":"publish","type":"product","link":"https:\/\/swiss-hookah.ch\/de\/product\/savourea4\/","title":{"rendered":"FRISCHE WALDERDBEERMELONE - LE PETIT VERGER BY SAVOUREA | 50 ML"},"content":{"rendered":"<p>Entdecken Sie erneut die fruchtigen Aromen der Le Petit Verger-Kollektion, jetzt mit einer erfrischenden Note. Tauchen Sie ein in ein k\u00f6stliches und belebendes Dampferlebnis mit diesen hochwertigen E-Liquids, die in Frankreich von Savourea hergestellt werden.<\/p>\n<p>Genie\u00dfen Sie einen Zug voller sommerlicher Nuancen mit dieser Fl\u00fcssigkeit, die gekonnt den exquisiten Geschmack einer reifen Melone mit der Zartheit von Walderdbeeren verbindet. Das Erlebnis geht noch weiter: Eine Welle der Frische durchstr\u00f6mt Ihren Gaumen und bereichert jeden Moment dieses Geschmacksabenteuers von Anfang bis Ende.<\/p>\n<p>Dieses Produkt wird in einer 70-ml-Einhornflasche geliefert, die 50 ml Fl\u00fcssigkeit mit intensivierten Aromen enth\u00e4lt. Passen Sie das Nikotin durch Hinzuf\u00fcgen von Boostern (nicht im Lieferumfang enthalten) an Ihren Geschmack an: ein Booster f\u00fcr 3 mg\/ml und zwei f\u00fcr 6 mg\/ml.<\/p>\n<p>Das PG\/VG-Verh\u00e4ltnis ist ausgewogen bei 50\/50, mit einem anf\u00e4nglichen Nikotingehalt von 0 mg\/ml.<\/p>\n<p>Diese E-Liquids werden stolz in Frankreich hergestellt und vereinen Tradition und Innovation f\u00fcr ein au\u00dfergew\u00f6hnliches Dampferlebnis.<\/p>\n<p>.<\/p>","protected":false},"excerpt":{"rendered":"<h1 class=\"h1 product-title\"><span class=\"product-title-inner\">FRISCHE WALDERDBEERMELONE - LE PETIT VERGER BY SAVOUREA | 50 ML<\/span><\/h1>","protected":false},"featured_media":3410,"comment_status":"open","ping_status":"closed","template":"","meta":{"om_disable_all_campaigns":false,"_monsterinsights_skip_tracking":false,"_monsterinsights_sitenote_active":false,"_monsterinsights_sitenote_note":"","_monsterinsights_sitenote_category":0,"jetpack_publicize_message":"","jetpack_publicize_feature_enabled":true,"jetpack_social_post_already_shared":true,"jetpack_social_options":{"image_generator_settings":{"template":"highway","enabled":false},"version":2}},"product_brand":[],"product_cat":[53],"product_tag":[],"class_list":{"0":"post-3400","1":"product","2":"type-product","3":"status-publish","4":"has-post-thumbnail","6":"product_cat-e-liquids","8":"first","9":"instock","10":"shipping-taxable","11":"purchasable","12":"product-type-variable"},"jetpack_publicize_connections":[],"aioseo_notices":[],"jetpack_sharing_enabled":true,"_links":{"self":[{"href":"https:\/\/swiss-hookah.ch\/de\/wp-json\/wp\/v2\/product\/3400","targetHints":{"allow":["GET"]}}],"collection":[{"href":"https:\/\/swiss-hookah.ch\/de\/wp-json\/wp\/v2\/product"}],"about":[{"href":"https:\/\/swiss-hookah.ch\/de\/wp-json\/wp\/v2\/types\/product"}],"replies":[{"embeddable":true,"href":"https:\/\/swiss-hookah.ch\/de\/wp-json\/wp\/v2\/comments?post=3400"}],"wp:featuredmedia":[{"embeddable":true,"href":"https:\/\/swiss-hookah.ch\/de\/wp-json\/wp\/v2\/media\/3410"}],"wp:attachment":[{"href":"https:\/\/swiss-hookah.ch\/de\/wp-json\/wp\/v2\/media?parent=3400"}],"wp:term":[{"taxonomy":"product_brand","embeddable":true,"href":"https:\/\/swiss-hookah.ch\/de\/wp-json\/wp\/v2\/product_brand?post=3400"},{"taxonomy":"product_cat","embeddable":true,"href":"https:\/\/swiss-hookah.ch\/de\/wp-json\/wp\/v2\/product_cat?post=3400"},{"taxonomy":"product_tag","embeddable":true,"href":"https:\/\/swiss-hookah.ch\/de\/wp-json\/wp\/v2\/product_tag?post=3400"}],"curies":[{"name":"wp","href":"https:\/\/api.w.org\/{rel}","templated":true}]}}