{"id":3389,"date":"2024-05-01T14:36:47","date_gmt":"2024-05-01T12:36:47","guid":{"rendered":"https:\/\/swiss-hookah.ch\/?post_type=product&#038;p=3389"},"modified":"2025-04-26T10:59:05","modified_gmt":"2025-04-26T08:59:05","slug":"savourea2","status":"publish","type":"product","link":"https:\/\/swiss-hookah.ch\/de\/product\/savourea2\/","title":{"rendered":"FRISCHE BROMBEERE HEIDELBEERE - LE PETIT VERGER BY SAVOUREA | 50 ML"},"content":{"rendered":"<p>Entdecken Sie mit der Produktreihe Le Petit Verger fruchtige Aromen, die mit einer erfrischenden Note angereichert sind. Diese hochwertigen E-Liquids, die von Savourea in Frankreich hergestellt werden, bieten Ihnen ein exquisites und zugleich erfrischendes Dampferlebnis.<\/p>\n<p>Dieses E-Liquid entf\u00fchrt Sie mit seinen dominanten Noten von Brombeere und Heidelbeere in einen Wald von Aromen. Die Aromen entfalten sich zu einer fesselnden Mischung aus S\u00fc\u00dfe und S\u00e4ure und enden mit einer frischen Brise, die Liebhaber frischer und fruchtiger Empfindungen verf\u00fchren wird.<\/p>\n<p>Die 70-ml-Einhornflasche enth\u00e4lt 50 ml Fl\u00fcssigkeit mit intensiven Aromen und kann mit Nikotinboostern (nicht im Lieferumfang enthalten) nach Belieben verd\u00fcnnt werden: Geben Sie einen Booster f\u00fcr 3 mg\/ml oder zwei f\u00fcr 6 mg\/ml hinzu.<\/p>\n<p>Das PG\/VG-Verh\u00e4ltnis betr\u00e4gt 50\/50 und die Fl\u00fcssigkeit ist anfangs nikotinfrei.<\/p>\n<p>Diese E-Liquids werden mit Expertise in Frankreich hergestellt und verbinden Tradition und Innovation f\u00fcr ein wirklich bemerkenswertes Dampferlebnis.<\/p>\n<p>.<\/p>","protected":false},"excerpt":{"rendered":"<h1 class=\"h1 product-title\"><span class=\"product-title-inner\">FRISCHE BROMBEERE HEIDELBEERE - LE PETIT VERGER BY SAVOUREA | 50 ML<\/span><\/h1>","protected":false},"featured_media":3399,"comment_status":"open","ping_status":"closed","template":"","meta":{"om_disable_all_campaigns":false,"_monsterinsights_skip_tracking":false,"_monsterinsights_sitenote_active":false,"_monsterinsights_sitenote_note":"","_monsterinsights_sitenote_category":0,"jetpack_publicize_message":"","jetpack_publicize_feature_enabled":true,"jetpack_social_post_already_shared":true,"jetpack_social_options":{"image_generator_settings":{"template":"highway","enabled":false},"version":2}},"product_brand":[],"product_cat":[53],"product_tag":[],"class_list":{"0":"post-3389","1":"product","2":"type-product","3":"status-publish","4":"has-post-thumbnail","6":"product_cat-e-liquids","8":"first","9":"instock","10":"shipping-taxable","11":"purchasable","12":"product-type-variable"},"jetpack_publicize_connections":[],"aioseo_notices":[],"jetpack_sharing_enabled":true,"_links":{"self":[{"href":"https:\/\/swiss-hookah.ch\/de\/wp-json\/wp\/v2\/product\/3389","targetHints":{"allow":["GET"]}}],"collection":[{"href":"https:\/\/swiss-hookah.ch\/de\/wp-json\/wp\/v2\/product"}],"about":[{"href":"https:\/\/swiss-hookah.ch\/de\/wp-json\/wp\/v2\/types\/product"}],"replies":[{"embeddable":true,"href":"https:\/\/swiss-hookah.ch\/de\/wp-json\/wp\/v2\/comments?post=3389"}],"wp:featuredmedia":[{"embeddable":true,"href":"https:\/\/swiss-hookah.ch\/de\/wp-json\/wp\/v2\/media\/3399"}],"wp:attachment":[{"href":"https:\/\/swiss-hookah.ch\/de\/wp-json\/wp\/v2\/media?parent=3389"}],"wp:term":[{"taxonomy":"product_brand","embeddable":true,"href":"https:\/\/swiss-hookah.ch\/de\/wp-json\/wp\/v2\/product_brand?post=3389"},{"taxonomy":"product_cat","embeddable":true,"href":"https:\/\/swiss-hookah.ch\/de\/wp-json\/wp\/v2\/product_cat?post=3389"},{"taxonomy":"product_tag","embeddable":true,"href":"https:\/\/swiss-hookah.ch\/de\/wp-json\/wp\/v2\/product_tag?post=3389"}],"curies":[{"name":"wp","href":"https:\/\/api.w.org\/{rel}","templated":true}]}}