{"id":3367,"date":"2024-05-01T14:30:03","date_gmt":"2024-05-01T12:30:03","guid":{"rendered":"https:\/\/swiss-hookah.ch\/?post_type=product&#038;p=3367"},"modified":"2025-06-18T01:37:15","modified_gmt":"2025-06-17T23:37:15","slug":"savourea","status":"publish","type":"product","link":"https:\/\/swiss-hookah.ch\/de\/product\/savourea\/","title":{"rendered":"FRISCHE WASSERMELONE MELONE - LE PETIT VERGER BY SAVOUREA | 50 ML"},"content":{"rendered":"<p>Entdecken Sie die erneuerten Geschmacksrichtungen der Le Petit Verger-Kollektion, die jetzt mit einem erfrischenden Touch versehen sind. Tauchen Sie mit diesen hochwertigen, in Frankreich von Savourea hergestellten E-Liquids in ein schmackhaftes und zugleich belebendes Dampferlebnis ein.<\/p>\n<p>Neben David und Jonathan mit ihrem Sommerhit von 1988 gibt es nichts, was den Sommer besser beschw\u00f6rt als ein Duett aus Wassermelone und Melone. Wo auch immer Sie sind, diese symboltr\u00e4chtigen Fr\u00fcchte des Sommers versprechen Ihnen eine Explosion von s\u00fc\u00dfen und saftigen Aromen. Genie\u00dfen Sie jetzt diese sommerlichen K\u00f6stlichkeiten in Ihrer E-Zigarette, garniert mit einem exquisiten Gef\u00fchl der Frische.<\/p>\n<p>Die 70-ml-Einhornflasche enth\u00e4lt 50 ml Fl\u00fcssigkeit mit intensivierten Aromen. Um den Nikotingehalt anzupassen, f\u00fcgen Sie Nikotinbooster (nicht enthalten) nach Ihren Vorlieben hinzu: einen Booster, um 3 mg\/ml zu erreichen, oder zwei f\u00fcr 6 mg\/ml.<\/p>\n<p>Das PG\/VG-Verh\u00e4ltnis betr\u00e4gt 50\/50 und die Fl\u00fcssigkeit ist anfangs nikotinfrei.<\/p>\n<p>Dieses in Frankreich hergestellte e-Liquid verbindet Tradition und Innovation f\u00fcr einen optimalen Genuss.<\/p>\n<p>.<\/p>","protected":false},"excerpt":{"rendered":"<p>FRISCHE WASSERMELONE MELONE - LE PETIT VERGER BY SAVOUREA | 50 ML<\/p>","protected":false},"featured_media":3377,"comment_status":"open","ping_status":"closed","template":"","meta":{"om_disable_all_campaigns":false,"_monsterinsights_skip_tracking":false,"_monsterinsights_sitenote_active":false,"_monsterinsights_sitenote_note":"","_monsterinsights_sitenote_category":0,"jetpack_publicize_message":"","jetpack_publicize_feature_enabled":true,"jetpack_social_post_already_shared":true,"jetpack_social_options":{"image_generator_settings":{"template":"highway","enabled":false},"version":2}},"product_brand":[],"product_cat":[53],"product_tag":[],"class_list":{"0":"post-3367","1":"product","2":"type-product","3":"status-publish","4":"has-post-thumbnail","6":"product_cat-e-liquids","8":"first","9":"instock","10":"shipping-taxable","11":"purchasable","12":"product-type-variable"},"jetpack_publicize_connections":[],"aioseo_notices":[],"jetpack_sharing_enabled":true,"_links":{"self":[{"href":"https:\/\/swiss-hookah.ch\/de\/wp-json\/wp\/v2\/product\/3367","targetHints":{"allow":["GET"]}}],"collection":[{"href":"https:\/\/swiss-hookah.ch\/de\/wp-json\/wp\/v2\/product"}],"about":[{"href":"https:\/\/swiss-hookah.ch\/de\/wp-json\/wp\/v2\/types\/product"}],"replies":[{"embeddable":true,"href":"https:\/\/swiss-hookah.ch\/de\/wp-json\/wp\/v2\/comments?post=3367"}],"wp:featuredmedia":[{"embeddable":true,"href":"https:\/\/swiss-hookah.ch\/de\/wp-json\/wp\/v2\/media\/3377"}],"wp:attachment":[{"href":"https:\/\/swiss-hookah.ch\/de\/wp-json\/wp\/v2\/media?parent=3367"}],"wp:term":[{"taxonomy":"product_brand","embeddable":true,"href":"https:\/\/swiss-hookah.ch\/de\/wp-json\/wp\/v2\/product_brand?post=3367"},{"taxonomy":"product_cat","embeddable":true,"href":"https:\/\/swiss-hookah.ch\/de\/wp-json\/wp\/v2\/product_cat?post=3367"},{"taxonomy":"product_tag","embeddable":true,"href":"https:\/\/swiss-hookah.ch\/de\/wp-json\/wp\/v2\/product_tag?post=3367"}],"curies":[{"name":"wp","href":"https:\/\/api.w.org\/{rel}","templated":true}]}}