{"id":3356,"date":"2024-05-01T14:24:56","date_gmt":"2024-05-01T12:24:56","guid":{"rendered":"https:\/\/swiss-hookah.ch\/?post_type=product&#038;p=3356"},"modified":"2025-11-19T21:19:46","modified_gmt":"2025-11-19T20:19:46","slug":"petit-nuage-4","status":"publish","type":"product","link":"https:\/\/swiss-hookah.ch\/de\/product\/petit-nuage-4\/","title":{"rendered":"POLARE HEIDELBEERE - KLEINE WOLKE | 60 ML"},"content":{"rendered":"<p>Petit Nuage, eine bekannte franz\u00f6sische Marke, verzaubert weiterhin alle Dampfer mit ihren zahlreichen Rezepten, die f\u00fcr jeden Gaumen geeignet sind.<\/p>\n<p>Das e-Liquid Polarheidelbeere entf\u00fchrt Sie ins Herz der Berge, wo die von den Berggipfeln gepfl\u00fcckten Heidelbeeren eine fruchtige Geschmacksexplosion bieten, gefolgt von einer intensiven und belebenden Frische, perfekt f\u00fcr ein unvergessliches Geschmacksabenteuer.<\/p>\n<p>Dieses Produkt wird in einer 60-ml-Flasche angeboten, die bis zum Rand mit E-Liquid gef\u00fcllt ist. Um den Nikotingehalt Ihren Bed\u00fcrfnissen anzupassen, enth\u00e4lt Petit Nuage auch einen 30-ml-Messkolben. F\u00fcgen Sie einfach Nikotinbooster (nicht im Lieferumfang enthalten) bis zum gew\u00fcnschten Niveau hinzu und f\u00fcllen Sie dann mit der E-Fl\u00fcssigkeit auf. Ein guter Shake nach dem Mischen und schon ist es gebrauchsfertig.<\/p>\n<p>Das PG\/VG-Verh\u00e4ltnis betr\u00e4gt 50\/50 und die Fl\u00fcssigkeit ist v\u00f6llig nikotinfrei.<\/p>\n<p>Diese in Frankreich hergestellte e-Liquid vereint Qualit\u00e4t und Geschmackserlebnis.<\/p>\n<p>.<\/p>","protected":false},"excerpt":{"rendered":"<p>POLARE HEIDELBEERE - KLEINE WOLKE | 60 ML<\/p>","protected":false},"featured_media":3366,"comment_status":"open","ping_status":"closed","template":"","meta":{"om_disable_all_campaigns":false,"_monsterinsights_skip_tracking":false,"_monsterinsights_sitenote_active":false,"_monsterinsights_sitenote_note":"","_monsterinsights_sitenote_category":0,"jetpack_publicize_message":"","jetpack_publicize_feature_enabled":true,"jetpack_social_post_already_shared":true,"jetpack_social_options":{"image_generator_settings":{"template":"highway","enabled":false},"version":2}},"product_brand":[],"product_cat":[74,53],"product_tag":[],"class_list":{"0":"post-3356","1":"product","2":"type-product","3":"status-publish","4":"has-post-thumbnail","6":"product_cat-best-seller","7":"product_cat-e-liquids","9":"first","10":"instock","11":"shipping-taxable","12":"purchasable","13":"product-type-variable"},"jetpack_publicize_connections":[],"aioseo_notices":[],"jetpack_sharing_enabled":true,"_links":{"self":[{"href":"https:\/\/swiss-hookah.ch\/de\/wp-json\/wp\/v2\/product\/3356","targetHints":{"allow":["GET"]}}],"collection":[{"href":"https:\/\/swiss-hookah.ch\/de\/wp-json\/wp\/v2\/product"}],"about":[{"href":"https:\/\/swiss-hookah.ch\/de\/wp-json\/wp\/v2\/types\/product"}],"replies":[{"embeddable":true,"href":"https:\/\/swiss-hookah.ch\/de\/wp-json\/wp\/v2\/comments?post=3356"}],"wp:featuredmedia":[{"embeddable":true,"href":"https:\/\/swiss-hookah.ch\/de\/wp-json\/wp\/v2\/media\/3366"}],"wp:attachment":[{"href":"https:\/\/swiss-hookah.ch\/de\/wp-json\/wp\/v2\/media?parent=3356"}],"wp:term":[{"taxonomy":"product_brand","embeddable":true,"href":"https:\/\/swiss-hookah.ch\/de\/wp-json\/wp\/v2\/product_brand?post=3356"},{"taxonomy":"product_cat","embeddable":true,"href":"https:\/\/swiss-hookah.ch\/de\/wp-json\/wp\/v2\/product_cat?post=3356"},{"taxonomy":"product_tag","embeddable":true,"href":"https:\/\/swiss-hookah.ch\/de\/wp-json\/wp\/v2\/product_tag?post=3356"}],"curies":[{"name":"wp","href":"https:\/\/api.w.org\/{rel}","templated":true}]}}