{"id":2808,"date":"2023-12-26T01:18:26","date_gmt":"2023-12-26T00:18:26","guid":{"rendered":"https:\/\/swiss-hookah.ch\/?post_type=product&#038;p=2808"},"modified":"2024-04-03T17:09:05","modified_gmt":"2024-04-03T15:09:05","slug":"foyer-samsaris-vitria-ii","status":"publish","type":"product","link":"https:\/\/swiss-hookah.ch\/de\/product\/foyer-samsaris-vitria-ii\/","title":{"rendered":"HEIM - SAMSARIS - VITRIA II"},"content":{"rendered":"<h2>Kaloud Samsaris Vitria II<\/h2>\n<p>Aufgrund seiner Kombination aus Glas und Silikon kann der Kaloud Samsaris Vitria II als Hybridkamin bezeichnet werden. Er wird in den USA hergestellt und passt perfekt zum HMD <strong>Kaloud Lotus<\/strong>. Du kannst das Glasinlay z. B. aus der Silikonh\u00fclle herausnehmen, damit du es problemlos reinigen kannst. Das schwarze Silikon ist selbstverst\u00e4ndlich ungiftig und von der amerikanischen Aufsichtsbeh\u00f6rde FDA zugelassen.<\/p>\n<p>&nbsp;<\/p>\n<p>Von seiner Konstruktion her ist der Samsaris Vitria II ein PhunnelFoyers. Ein <strong>Phunnel-Foyers<\/strong> besitzt in der Mitte eine Erh\u00f6hung, um die herum der Tabak abgelegt wird. So k\u00f6nnen Tabak oder Melasse nicht in die Rauchs\u00e4ule gelangen, was sich negativ auf den Zug auswirken w\u00fcrde. Vor allem erfahrene Shisha-Liebhaber setzen zunehmend auf Phunnel-K\u00f6pfe.<\/p>\n<p>&nbsp;<\/p>\n<p>Der massive Glaseinsatz speichert die W\u00e4rme sehr lange und gibt sie langsam ab, und der zentrale Luftkanal sorgt daf\u00fcr, dass mehr Aromen in der Rauchkammer bleiben. Der Hersteller verspricht daher eine Rauchvergiftung von bis zu zwei Stunden, die du alleine verbringen oder mit deinen Freunden teilen kannst. Ein weiterer Pluspunkt ist, dass die Kaloud Samsaris Vitria II mehrere Geschmackskammern bietet, so dass du bei Bedarf sogar verschiedene Tabaksorten mischen kannst.<\/p>\n<p>&nbsp;<\/p>\n<p>Alles in allem ist die Kaloud Samsaris II wirklich eine au\u00dfergew\u00f6hnliche Feuerstelle der Spitzenklasse mit extravaganten Eigenschaften f\u00fcr besondere Stunden des Shisha-Genusses. Ist das etwas f\u00fcr Sie?<\/p>","protected":false},"excerpt":{"rendered":"<p>Kaloud Samsaris Vitria II En raison de sa combinaison de verre et de silicone, le Kaloud Samsaris Vitria II peut \u00eatre qualifi\u00e9 d&rsquo;hybrideFoyers . Il est produit aux \u00c9tats-Unis et s&rsquo;accorde parfaitement avec le HMD Kaloud Lotus. Tu peux retirer l&rsquo;inlay en verre de la gaine en silicone, par exemple pour pouvoir le nettoyer sans [&hellip;]<\/p>","protected":false},"featured_media":2818,"comment_status":"open","ping_status":"closed","template":"","meta":{"om_disable_all_campaigns":false,"_monsterinsights_skip_tracking":false,"_monsterinsights_sitenote_active":false,"_monsterinsights_sitenote_note":"","_monsterinsights_sitenote_category":0,"jetpack_publicize_message":"","jetpack_publicize_feature_enabled":true,"jetpack_social_post_already_shared":true,"jetpack_social_options":{"image_generator_settings":{"template":"highway","enabled":false},"version":2}},"product_brand":[],"product_cat":[63],"product_tag":[],"class_list":{"0":"post-2808","1":"product","2":"type-product","3":"status-publish","4":"has-post-thumbnail","6":"product_cat-foyer","8":"first","9":"outofstock","10":"shipping-taxable","11":"purchasable","12":"product-type-simple"},"jetpack_publicize_connections":[],"aioseo_notices":[],"jetpack_sharing_enabled":true,"_links":{"self":[{"href":"https:\/\/swiss-hookah.ch\/de\/wp-json\/wp\/v2\/product\/2808","targetHints":{"allow":["GET"]}}],"collection":[{"href":"https:\/\/swiss-hookah.ch\/de\/wp-json\/wp\/v2\/product"}],"about":[{"href":"https:\/\/swiss-hookah.ch\/de\/wp-json\/wp\/v2\/types\/product"}],"replies":[{"embeddable":true,"href":"https:\/\/swiss-hookah.ch\/de\/wp-json\/wp\/v2\/comments?post=2808"}],"wp:featuredmedia":[{"embeddable":true,"href":"https:\/\/swiss-hookah.ch\/de\/wp-json\/wp\/v2\/media\/2818"}],"wp:attachment":[{"href":"https:\/\/swiss-hookah.ch\/de\/wp-json\/wp\/v2\/media?parent=2808"}],"wp:term":[{"taxonomy":"product_brand","embeddable":true,"href":"https:\/\/swiss-hookah.ch\/de\/wp-json\/wp\/v2\/product_brand?post=2808"},{"taxonomy":"product_cat","embeddable":true,"href":"https:\/\/swiss-hookah.ch\/de\/wp-json\/wp\/v2\/product_cat?post=2808"},{"taxonomy":"product_tag","embeddable":true,"href":"https:\/\/swiss-hookah.ch\/de\/wp-json\/wp\/v2\/product_tag?post=2808"}],"curies":[{"name":"wp","href":"https:\/\/api.w.org\/{rel}","templated":true}]}}