{"id":2790,"date":"2023-12-26T00:54:20","date_gmt":"2023-12-25T23:54:20","guid":{"rendered":"https:\/\/swiss-hookah.ch\/?post_type=product&#038;p=2790"},"modified":"2025-03-07T14:03:20","modified_gmt":"2025-03-07T13:03:20","slug":"foyer-thermique-quasar-raas-2","status":"publish","type":"product","link":"https:\/\/swiss-hookah.ch\/de\/product\/foyer-thermique-quasar-raas-2\/","title":{"rendered":"FOYER - THERMISCH - QUASAR RAAS 2"},"content":{"rendered":"<p>QUASAR ist eine franz\u00f6sische Marke, deren Hauptprodukt der erste thermische Shisha-Kamin ist, das Ergebnis jahrelanger Forschung und Entwicklung im Bereich der Wasserpfeifentechnik.<\/p>\n<p>Der QUASAR RAAS 2 ist ein System, das einen Kamin und ein integriertes Heizsystem kombiniert. Dank der selbstregulierenden Heizung, der fortschrittlichen Technologie und der Doppelwandigkeit des Heizsystems wird eine optimale und gleichm\u00e4\u00dfige Verbrennung des Tabaks gew\u00e4hrleistet.<\/p>\n<p>QUASAR RAAS 2 ist einfach zu bedienen und zeichnet sich durch eine intuitive Handhabung und eine unvergleichliche Leistung aus. Er ist aus hochwertigen Materialien wie Borosilikat, Silikon und Aluminium gefertigt und sorgt f\u00fcr ein au\u00dfergew\u00f6hnliches Erlebnis.<\/p>\n<p>Neu beim QUASAR RAAS 2 ist der erh\u00f6hte Deckel, der es erm\u00f6glicht, jede Art von Kohle zu verwenden (Naturkohle in W\u00fcrfeln von 26 mm oder 27 mm, selbstz\u00fcndende Naturkohle NEO). Der Innendurchmesser des Ofens wurde beibehalten, um das au\u00dfergew\u00f6hnliche und unvergleichliche Geschmackserlebnis des QUASAR RAAS-Systems zu bewahren.<\/p>\n<p>Die Zusammensetzung und die Befestigung der verschiedenen Elemente des QUASAR RAAS 2 wurden verbessert, was seine St\u00e4rke und Langlebigkeit erh\u00f6ht.<\/p>\n<p>Ein wesentlicher Unterschied zum QUASAR RAAS 2 ist, dass dieser einen verbesserten und perfektionierten Luftstrom bietet. Die Technik wurde neu gestaltet, um die Kohleerw\u00e4rmung optimal auszunutzen, ohne dass die Kohle st\u00e4ndig gewechselt werden muss.<\/p>\n<p>Der QUASAR RAAS 2 verf\u00fcgt au\u00dferdem \u00fcber verst\u00e4rkte Silikonringe, die einen sichereren und bequemeren Griff erm\u00f6glichen.<\/p>\n<p>Der QUASAR RAAS 2 schlie\u00dflich hat eine elegante anthrazitgraue Oberfl\u00e4che, die die W\u00e4rme perfekt speichert und seine Lebensdauer verl\u00e4ngert.<\/p>\n<p><img fetchpriority=\"high\" decoding=\"async\" class=\"alignnone size-medium wp-image-2792\" src=\"http:\/\/swiss-hookah.ch\/wp-content\/uploads\/2023\/12\/Capture-decran-2023-12-26-a-00.51.55-300x188.png\" alt=\"\" width=\"300\" height=\"188\" srcset=\"https:\/\/swiss-hookah.ch\/wp-content\/uploads\/2023\/12\/Capture-decran-2023-12-26-a-00.51.55-300x188.png 300w, https:\/\/swiss-hookah.ch\/wp-content\/uploads\/2023\/12\/Capture-decran-2023-12-26-a-00.51.55-1024x642.png 1024w, https:\/\/swiss-hookah.ch\/wp-content\/uploads\/2023\/12\/Capture-decran-2023-12-26-a-00.51.55-768x482.png 768w, https:\/\/swiss-hookah.ch\/wp-content\/uploads\/2023\/12\/Capture-decran-2023-12-26-a-00.51.55-1536x964.png 1536w, https:\/\/swiss-hookah.ch\/wp-content\/uploads\/2023\/12\/Capture-decran-2023-12-26-a-00.51.55-1320x828.png 1320w, https:\/\/swiss-hookah.ch\/wp-content\/uploads\/2023\/12\/Capture-decran-2023-12-26-a-00.51.55-600x376.png 600w, https:\/\/swiss-hookah.ch\/wp-content\/uploads\/2023\/12\/Capture-decran-2023-12-26-a-00.51.55.png 1728w\" sizes=\"(max-width: 300px) 100vw, 300px\" \/><img decoding=\"async\" class=\"alignnone size-medium wp-image-2793\" src=\"http:\/\/swiss-hookah.ch\/wp-content\/uploads\/2023\/12\/Capture-decran-2023-12-26-a-00.52.11-300x220.png\" alt=\"\" width=\"300\" height=\"220\" srcset=\"https:\/\/swiss-hookah.ch\/wp-content\/uploads\/2023\/12\/Capture-decran-2023-12-26-a-00.52.11-300x220.png 300w, https:\/\/swiss-hookah.ch\/wp-content\/uploads\/2023\/12\/Capture-decran-2023-12-26-a-00.52.11-1024x752.png 1024w, https:\/\/swiss-hookah.ch\/wp-content\/uploads\/2023\/12\/Capture-decran-2023-12-26-a-00.52.11-768x564.png 768w, https:\/\/swiss-hookah.ch\/wp-content\/uploads\/2023\/12\/Capture-decran-2023-12-26-a-00.52.11-1536x1128.png 1536w, https:\/\/swiss-hookah.ch\/wp-content\/uploads\/2023\/12\/Capture-decran-2023-12-26-a-00.52.11-1320x969.png 1320w, https:\/\/swiss-hookah.ch\/wp-content\/uploads\/2023\/12\/Capture-decran-2023-12-26-a-00.52.11-600x440.png 600w, https:\/\/swiss-hookah.ch\/wp-content\/uploads\/2023\/12\/Capture-decran-2023-12-26-a-00.52.11.png 1640w\" sizes=\"(max-width: 300px) 100vw, 300px\" \/><\/p>","protected":false},"excerpt":{"rendered":"<p>QUASAR est une marque fran\u00e7aise ayant pour produit phare le premier foyer thermique pour chicha, fruit de plusieurs ann\u00e9es de recherche et de d\u00e9veloppement dans l&rsquo;ing\u00e9nierie du narguil\u00e9. Le QUASAR RAAS 2 est un syst\u00e8me combinant un foyer et un syst\u00e8me de chauffe int\u00e9gr\u00e9 qui garantit une combustion optimale et uniforme du tabac gr\u00e2ce \u00e0 [&hellip;]<\/p>","protected":false},"featured_media":2791,"comment_status":"open","ping_status":"closed","template":"","meta":{"om_disable_all_campaigns":false,"_monsterinsights_skip_tracking":false,"_monsterinsights_sitenote_active":false,"_monsterinsights_sitenote_note":"","_monsterinsights_sitenote_category":0,"jetpack_publicize_message":"","jetpack_publicize_feature_enabled":true,"jetpack_social_post_already_shared":true,"jetpack_social_options":{"image_generator_settings":{"template":"highway","enabled":false},"version":2}},"product_brand":[],"product_cat":[63],"product_tag":[],"class_list":{"0":"post-2790","1":"product","2":"type-product","3":"status-publish","4":"has-post-thumbnail","6":"product_cat-foyer","8":"first","9":"outofstock","10":"shipping-taxable","11":"purchasable","12":"product-type-simple"},"jetpack_publicize_connections":[],"aioseo_notices":[],"jetpack_sharing_enabled":true,"_links":{"self":[{"href":"https:\/\/swiss-hookah.ch\/de\/wp-json\/wp\/v2\/product\/2790","targetHints":{"allow":["GET"]}}],"collection":[{"href":"https:\/\/swiss-hookah.ch\/de\/wp-json\/wp\/v2\/product"}],"about":[{"href":"https:\/\/swiss-hookah.ch\/de\/wp-json\/wp\/v2\/types\/product"}],"replies":[{"embeddable":true,"href":"https:\/\/swiss-hookah.ch\/de\/wp-json\/wp\/v2\/comments?post=2790"}],"wp:featuredmedia":[{"embeddable":true,"href":"https:\/\/swiss-hookah.ch\/de\/wp-json\/wp\/v2\/media\/2791"}],"wp:attachment":[{"href":"https:\/\/swiss-hookah.ch\/de\/wp-json\/wp\/v2\/media?parent=2790"}],"wp:term":[{"taxonomy":"product_brand","embeddable":true,"href":"https:\/\/swiss-hookah.ch\/de\/wp-json\/wp\/v2\/product_brand?post=2790"},{"taxonomy":"product_cat","embeddable":true,"href":"https:\/\/swiss-hookah.ch\/de\/wp-json\/wp\/v2\/product_cat?post=2790"},{"taxonomy":"product_tag","embeddable":true,"href":"https:\/\/swiss-hookah.ch\/de\/wp-json\/wp\/v2\/product_tag?post=2790"}],"curies":[{"name":"wp","href":"https:\/\/api.w.org\/{rel}","templated":true}]}}