{"id":2788,"date":"2023-12-26T00:46:12","date_gmt":"2023-12-25T23:46:12","guid":{"rendered":"https:\/\/swiss-hookah.ch\/?post_type=product&#038;p=2788"},"modified":"2023-12-26T01:36:09","modified_gmt":"2023-12-26T00:36:09","slug":"foyer-silicone-white-phunel","status":"publish","type":"product","link":"https:\/\/swiss-hookah.ch\/de\/product\/foyer-silicone-white-phunel\/","title":{"rendered":"HERD - SILIKON - WEISS - PHUNEL"},"content":{"rendered":"<p>Hochwertiger wei\u00dfer Phunel-Silikonkamin<\/p>\n<p>Geeignet f\u00fcr verschiedene Khaloud<\/p>\n<p>Verbrauch 15-20g<\/p>","protected":false},"excerpt":{"rendered":"<p>Foyer en silicone blanc phunel de haute qualit\u00e9 Adapt\u00e9 \u00e0 divers khaloud Consommation 15-20g<\/p>","protected":false},"featured_media":2816,"comment_status":"open","ping_status":"closed","template":"","meta":{"om_disable_all_campaigns":false,"_monsterinsights_skip_tracking":false,"_monsterinsights_sitenote_active":false,"_monsterinsights_sitenote_note":"","_monsterinsights_sitenote_category":0,"jetpack_publicize_message":"","jetpack_publicize_feature_enabled":true,"jetpack_social_post_already_shared":true,"jetpack_social_options":{"image_generator_settings":{"template":"highway","enabled":false},"version":2}},"product_brand":[],"product_cat":[63],"product_tag":[],"class_list":{"0":"post-2788","1":"product","2":"type-product","3":"status-publish","4":"has-post-thumbnail","6":"product_cat-foyer","8":"first","9":"instock","10":"shipping-taxable","11":"purchasable","12":"product-type-simple"},"jetpack_publicize_connections":[],"aioseo_notices":[],"jetpack_sharing_enabled":true,"_links":{"self":[{"href":"https:\/\/swiss-hookah.ch\/de\/wp-json\/wp\/v2\/product\/2788","targetHints":{"allow":["GET"]}}],"collection":[{"href":"https:\/\/swiss-hookah.ch\/de\/wp-json\/wp\/v2\/product"}],"about":[{"href":"https:\/\/swiss-hookah.ch\/de\/wp-json\/wp\/v2\/types\/product"}],"replies":[{"embeddable":true,"href":"https:\/\/swiss-hookah.ch\/de\/wp-json\/wp\/v2\/comments?post=2788"}],"wp:featuredmedia":[{"embeddable":true,"href":"https:\/\/swiss-hookah.ch\/de\/wp-json\/wp\/v2\/media\/2816"}],"wp:attachment":[{"href":"https:\/\/swiss-hookah.ch\/de\/wp-json\/wp\/v2\/media?parent=2788"}],"wp:term":[{"taxonomy":"product_brand","embeddable":true,"href":"https:\/\/swiss-hookah.ch\/de\/wp-json\/wp\/v2\/product_brand?post=2788"},{"taxonomy":"product_cat","embeddable":true,"href":"https:\/\/swiss-hookah.ch\/de\/wp-json\/wp\/v2\/product_cat?post=2788"},{"taxonomy":"product_tag","embeddable":true,"href":"https:\/\/swiss-hookah.ch\/de\/wp-json\/wp\/v2\/product_tag?post=2788"}],"curies":[{"name":"wp","href":"https:\/\/api.w.org\/{rel}","templated":true}]}}