{"id":2466,"date":"2023-11-26T02:48:07","date_gmt":"2023-11-26T01:48:07","guid":{"rendered":"https:\/\/swiss-hookah.ch\/?post_type=product&#038;p=2466"},"modified":"2023-11-26T02:54:30","modified_gmt":"2023-11-26T01:54:30","slug":"wild-roots-mint","status":"publish","type":"product","link":"https:\/\/swiss-hookah.ch\/de\/product\/wild-roots-mint\/","title":{"rendered":"Wild Roots - Mint Tea | 50ML"},"content":{"rendered":"<p><strong>Wild Roots<\/strong> bietet E-Liquids mit gewagten fruchtigen Geschmackskombinationen und hochwertigen Inhaltsstoffen an, die auf verantwortungsvolle Weise hergestellt und vertrieben werden.<\/p>\n<div class=\"woocommerce-product-details__short-description\">\n<p><strong>Geschmacksrichtung Pfefferminztee<\/strong> mit einigen Noten aufgewertet <strong>s\u00e4uerlicher Rhabarber<\/strong>. Ein Dampfen <strong>erfrischend<\/strong>e f\u00fcr den ganzen Tag!<\/p>\n<\/div>\n<p>Ziel ist es, mit der Unterst\u00fctzung der Verbraucherinnen und Verbraucher zum Schutz der \u00d6kosysteme unseres Planeten beizutragen.<\/p>\n<p>F\u00fcr jede verkaufte Flasche <strong>Wild Roots<\/strong> verpflichtet sich, in Zusammenarbeit mit einer der renommiertesten Umweltschutzorganisationen einen Baum zu pflanzen : <strong>Eden Reforestation Projects<\/strong>.<\/p>\n<p>Die E-Liquids <strong>Wild Roots<\/strong> sind <strong>vegan<\/strong>, <strong>laktosefrei<\/strong> und <strong>glutenfrei<\/strong>.<\/p>\n<p>Bei der Auswahl der Produkte <strong>Wild Roots<\/strong>Sie k\u00f6nnen sich selbst verw\u00f6hnen und gleichzeitig auf unseren Planeten achten.<\/p>\n<p>60ml-Flasche mit 50ml Fl\u00fcssigkeit in geboosteten Aromen im Inneren. Mit Nikotinboostern zu verd\u00fcnnen, um die gew\u00fcnschte Dosis zu erhalten. <strong>W\u00e4hlen Sie Ihren Nikotingehalt, um ein dampfbereites Liquid zu erhalten (bis 3mg kostenlos)!<\/strong><\/p>\n<p>PG\/VG-Verh\u00e4ltnis: 30\/70<\/p>\n<p>.<\/p>","protected":false},"excerpt":{"rendered":"<p><span class=\"value\">50 ml <\/span><span class=\"value\">30 PG &#8211; 70 VG <\/span><span class=\"value\">Frais\/<\/span><span class=\"value\">Fruit\u00e9 <strong>Wild Roots<\/strong> <strong>Geschmacksrichtung Pfefferminztee<\/strong> mit einigen Noten aufgewertet <strong>s\u00e4uerlicher Rhabarber<\/strong>. Ein Dampfen <strong>erfrischend<\/strong>e f\u00fcr den ganzen Tag!<\/span><\/p>","protected":false},"featured_media":2476,"comment_status":"open","ping_status":"closed","template":"","meta":{"om_disable_all_campaigns":false,"_monsterinsights_skip_tracking":false,"_monsterinsights_sitenote_active":false,"_monsterinsights_sitenote_note":"","_monsterinsights_sitenote_category":0,"jetpack_publicize_message":"","jetpack_publicize_feature_enabled":true,"jetpack_social_post_already_shared":true,"jetpack_social_options":{"image_generator_settings":{"template":"highway","enabled":false},"version":2}},"product_brand":[],"product_cat":[53],"product_tag":[],"class_list":{"0":"post-2466","1":"product","2":"type-product","3":"status-publish","4":"has-post-thumbnail","6":"product_cat-e-liquids","8":"first","9":"instock","10":"shipping-taxable","11":"purchasable","12":"product-type-variable"},"jetpack_publicize_connections":[],"aioseo_notices":[],"jetpack_sharing_enabled":true,"_links":{"self":[{"href":"https:\/\/swiss-hookah.ch\/de\/wp-json\/wp\/v2\/product\/2466","targetHints":{"allow":["GET"]}}],"collection":[{"href":"https:\/\/swiss-hookah.ch\/de\/wp-json\/wp\/v2\/product"}],"about":[{"href":"https:\/\/swiss-hookah.ch\/de\/wp-json\/wp\/v2\/types\/product"}],"replies":[{"embeddable":true,"href":"https:\/\/swiss-hookah.ch\/de\/wp-json\/wp\/v2\/comments?post=2466"}],"wp:featuredmedia":[{"embeddable":true,"href":"https:\/\/swiss-hookah.ch\/de\/wp-json\/wp\/v2\/media\/2476"}],"wp:attachment":[{"href":"https:\/\/swiss-hookah.ch\/de\/wp-json\/wp\/v2\/media?parent=2466"}],"wp:term":[{"taxonomy":"product_brand","embeddable":true,"href":"https:\/\/swiss-hookah.ch\/de\/wp-json\/wp\/v2\/product_brand?post=2466"},{"taxonomy":"product_cat","embeddable":true,"href":"https:\/\/swiss-hookah.ch\/de\/wp-json\/wp\/v2\/product_cat?post=2466"},{"taxonomy":"product_tag","embeddable":true,"href":"https:\/\/swiss-hookah.ch\/de\/wp-json\/wp\/v2\/product_tag?post=2466"}],"curies":[{"name":"wp","href":"https:\/\/api.w.org\/{rel}","templated":true}]}}