{"id":2455,"date":"2023-11-26T02:30:27","date_gmt":"2023-11-26T01:30:27","guid":{"rendered":"https:\/\/swiss-hookah.ch\/?post_type=product&#038;p=2455"},"modified":"2024-12-19T23:37:25","modified_gmt":"2024-12-19T22:37:25","slug":"e-liquid-big-b","status":"publish","type":"product","link":"https:\/\/swiss-hookah.ch\/de\/product\/e-liquid-big-b\/","title":{"rendered":"E-LIQUID - BIG B - JUICE PURA VIDA - MILANESE | 50ML"},"content":{"rendered":"<p>Entdecken Sie den subtilen und raffinierten Genuss mit unserem Big B Juice Vape Liquid, in dem sich die Aromen Italiens in jedem Zug perfekt vereinen. Unsere exklusive Kreation mit italienischem Zitronenkeks ist eine Hommage an die mediterrane Kochkunst und wurde f\u00fcr Dampferkenner entwickelt, die das Beste vom Besten probieren m\u00f6chten.<\/p>\n<p><strong>Geschmackstiefe :<\/strong> Jede Inhalation h\u00fcllt Sie in die weiche S\u00fc\u00dfe traditioneller italienischer Kekse, die durch eine frische, spritzige Zitronenschale erg\u00e4nzt wird. Diese harmonische Kombination schafft ein perfektes Gleichgewicht zwischen s\u00fc\u00dfer K\u00f6stlichkeit und erfrischender S\u00e4ure und bietet ein einzigartiges und unvergessliches Geschmackserlebnis.<\/p>\n<p><strong>H\u00f6chste Qualit\u00e4t :<\/strong> Wir verwenden nur Zutaten von h\u00f6chster Qualit\u00e4t, um eine unvergleichliche Reinheit und Geschmacksintensit\u00e4t zu gew\u00e4hrleisten. Unsere zitronige italienische Biskuit-Dampffl\u00fcssigkeit wird sorgf\u00e4ltig gemischt, um bei jedem Gebrauch ein glattes und zufriedenstellendes Dampfen zu gew\u00e4hrleisten.<\/p>\n<p><strong>Benutzererfahrungen :<\/strong> Unsere E-Liquids wurden f\u00fcr Dampfer entwickelt, die auf der Suche nach einem unverwechselbaren Geschmack sind, und versprechen ein au\u00dfergew\u00f6hnliches sensorisches Erlebnis. Egal, ob Sie eine entspannende Pause oder einen Moment des Genusses suchen, Big B Juice ist Ihr idealer Begleiter.<\/p>\n<p><strong>Verpflichtung zu Spitzenleistungen :<\/strong> Wir bei Big B Juice haben es uns zur Aufgabe gemacht, au\u00dfergew\u00f6hnliche Produkte anzubieten. Unsere Vape-Liquids mit italienischem Zitronenkeks sind ein Zeugnis unserer Leidenschaft f\u00fcr Innovation und Qualit\u00e4t.<\/p>\n<p>Laden Sie mit Big B Juice - Italienischer Zitronenkeks Italien in Ihren Tag ein und lassen Sie sich auf eine unvergessliche Geschmacksreise entf\u00fchren.<\/p>\n<p>60ml-Flasche mit 50ml Fl\u00fcssigkeit in geboosteten Aromen im Inneren. Mit Nikotinboostern zu verd\u00fcnnen, um die gew\u00fcnschte Dosis zu erhalten. <strong>W\u00e4hlen Sie Ihren Nikotingehalt, um ein dampfbereites Liquid zu erhalten (bis 3mg kostenlos)!<\/strong><\/p>\n<p>PG\/VG-Verh\u00e4ltnis: 30\/70<\/p>\n<p>.<\/p>","protected":false},"excerpt":{"rendered":"<p><span class=\"value\">50 ml 30<\/span><span class=\"value\"> PG &#8211; 70 VG E-LIQUID &#8211; BIG B &#8211; JUICE PURA VIDA \u00a0gourmand Chaque inhalation vous enveloppe dans la douceur moelleuse des biscuits italiens traditionnels avec un zeste de citron\u00a0<\/span><\/p>","protected":false},"featured_media":2465,"comment_status":"open","ping_status":"closed","template":"","meta":{"om_disable_all_campaigns":false,"_monsterinsights_skip_tracking":false,"_monsterinsights_sitenote_active":false,"_monsterinsights_sitenote_note":"","_monsterinsights_sitenote_category":0,"jetpack_publicize_message":"","jetpack_publicize_feature_enabled":true,"jetpack_social_post_already_shared":true,"jetpack_social_options":{"image_generator_settings":{"template":"highway","enabled":false},"version":2}},"product_brand":[],"product_cat":[59],"product_tag":[],"class_list":{"0":"post-2455","1":"product","2":"type-product","3":"status-publish","4":"has-post-thumbnail","6":"product_cat-a-liquide-gourmand","8":"first","9":"outofstock","10":"shipping-taxable","11":"purchasable","12":"product-type-variable"},"jetpack_publicize_connections":[],"aioseo_notices":[],"jetpack_sharing_enabled":true,"_links":{"self":[{"href":"https:\/\/swiss-hookah.ch\/de\/wp-json\/wp\/v2\/product\/2455","targetHints":{"allow":["GET"]}}],"collection":[{"href":"https:\/\/swiss-hookah.ch\/de\/wp-json\/wp\/v2\/product"}],"about":[{"href":"https:\/\/swiss-hookah.ch\/de\/wp-json\/wp\/v2\/types\/product"}],"replies":[{"embeddable":true,"href":"https:\/\/swiss-hookah.ch\/de\/wp-json\/wp\/v2\/comments?post=2455"}],"wp:featuredmedia":[{"embeddable":true,"href":"https:\/\/swiss-hookah.ch\/de\/wp-json\/wp\/v2\/media\/2465"}],"wp:attachment":[{"href":"https:\/\/swiss-hookah.ch\/de\/wp-json\/wp\/v2\/media?parent=2455"}],"wp:term":[{"taxonomy":"product_brand","embeddable":true,"href":"https:\/\/swiss-hookah.ch\/de\/wp-json\/wp\/v2\/product_brand?post=2455"},{"taxonomy":"product_cat","embeddable":true,"href":"https:\/\/swiss-hookah.ch\/de\/wp-json\/wp\/v2\/product_cat?post=2455"},{"taxonomy":"product_tag","embeddable":true,"href":"https:\/\/swiss-hookah.ch\/de\/wp-json\/wp\/v2\/product_tag?post=2455"}],"curies":[{"name":"wp","href":"https:\/\/api.w.org\/{rel}","templated":true}]}}