{"id":2444,"date":"2023-11-26T02:24:22","date_gmt":"2023-11-26T01:24:22","guid":{"rendered":"https:\/\/swiss-hookah.ch\/?post_type=product&#038;p=2444"},"modified":"2024-09-25T15:28:34","modified_gmt":"2024-09-25T13:28:34","slug":"e-liquide-concerto","status":"publish","type":"product","link":"https:\/\/swiss-hookah.ch\/de\/product\/e-liquide-concerto\/","title":{"rendered":"CONCERTO (CIGAR BLEND) E-LIQUID - BLACK NOTE | 40 ML"},"content":{"rendered":"<p>F\u00fcr diejenigen, die nach Exzellenz streben und auf der Suche nach einer klassischen e-Liquid mit authentischen Aromen sind, <strong>Black Note<\/strong> ist da, um Ihre Erwartungen zu erf\u00fcllen. Erkunden Sie eine Reihe von Liquids mit 100 % nat\u00fcrlichen Aromen, deren unverf\u00e4lschter Geschmack durch ein sorgf\u00e4ltiges Mazerationsverfahren mit echten, sorgf\u00e4ltig ausgew\u00e4hlten Tabakbl\u00e4ttern erreicht wird.<\/p>\n<p>Jeder Zug dieser Fl\u00fcssigkeit <strong>Concerto (Cigar blend)<\/strong> gibt Ihnen das Gef\u00fchl, durch die Gassen von Havanna zu schlendern, inmitten von verfallenen Geb\u00e4uden, deren Charme noch immer ungebrochen ist. Diese Fl\u00fcssigkeit schmeckt <strong>Zigarre<\/strong> weht ein revolution\u00e4rer Wind durch das klassische Dampfen mit leicht w\u00fcrzigen Noten und einem angenehm vollmundigen Duft.<\/p>\n<p>60ml-Flasche mit 40ml Fl\u00fcssigkeit in geboosteten Aromen im Inneren. Mit Nikotinboostern zu verd\u00fcnnen, um die gew\u00fcnschte Dosis zu erhalten. <strong>W\u00e4hlen Sie Ihren Nikotingehalt, um ein dampfbereites Liquid zu erhalten (bis 3mg kostenlos)!<\/strong><\/p>\n<p>PG\/VG-Verh\u00e4ltnis: 50\/50<\/p>\n<p>.<\/p>","protected":false},"excerpt":{"rendered":"<p><span class=\"value\">40 ml 50<\/span><span class=\"value\"> PG &#8211; 50 VG gourmand Chaque bouff\u00e9e de ce liquide <strong>Concerto (Cigar blend)<\/strong> vous\u00a0donnera l&rsquo;impression de\u00a0d\u00e9ambuler\u00a0\u00e0 travers les ruelles de La Havane <\/span><\/p>","protected":false},"featured_media":2454,"comment_status":"open","ping_status":"closed","template":"","meta":{"om_disable_all_campaigns":false,"_monsterinsights_skip_tracking":false,"_monsterinsights_sitenote_active":false,"_monsterinsights_sitenote_note":"","_monsterinsights_sitenote_category":0,"jetpack_publicize_message":"","jetpack_publicize_feature_enabled":true,"jetpack_social_post_already_shared":true,"jetpack_social_options":{"image_generator_settings":{"template":"highway","enabled":false},"version":2}},"product_brand":[],"product_cat":[59],"product_tag":[],"class_list":{"0":"post-2444","1":"product","2":"type-product","3":"status-publish","4":"has-post-thumbnail","6":"product_cat-a-liquide-gourmand","8":"first","9":"outofstock","10":"shipping-taxable","11":"purchasable","12":"product-type-variable"},"jetpack_publicize_connections":[],"aioseo_notices":[],"jetpack_sharing_enabled":true,"_links":{"self":[{"href":"https:\/\/swiss-hookah.ch\/de\/wp-json\/wp\/v2\/product\/2444","targetHints":{"allow":["GET"]}}],"collection":[{"href":"https:\/\/swiss-hookah.ch\/de\/wp-json\/wp\/v2\/product"}],"about":[{"href":"https:\/\/swiss-hookah.ch\/de\/wp-json\/wp\/v2\/types\/product"}],"replies":[{"embeddable":true,"href":"https:\/\/swiss-hookah.ch\/de\/wp-json\/wp\/v2\/comments?post=2444"}],"wp:featuredmedia":[{"embeddable":true,"href":"https:\/\/swiss-hookah.ch\/de\/wp-json\/wp\/v2\/media\/2454"}],"wp:attachment":[{"href":"https:\/\/swiss-hookah.ch\/de\/wp-json\/wp\/v2\/media?parent=2444"}],"wp:term":[{"taxonomy":"product_brand","embeddable":true,"href":"https:\/\/swiss-hookah.ch\/de\/wp-json\/wp\/v2\/product_brand?post=2444"},{"taxonomy":"product_cat","embeddable":true,"href":"https:\/\/swiss-hookah.ch\/de\/wp-json\/wp\/v2\/product_cat?post=2444"},{"taxonomy":"product_tag","embeddable":true,"href":"https:\/\/swiss-hookah.ch\/de\/wp-json\/wp\/v2\/product_tag?post=2444"}],"curies":[{"name":"wp","href":"https:\/\/api.w.org\/{rel}","templated":true}]}}